{"id":124177,"date":"2020-11-12T15:25:27","date_gmt":"2020-11-12T20:25:27","guid":{"rendered":"http:\/\/cranecpe.knowledge4you.ca\/brand\/depa-zh-hans\/depa-polish\/"},"modified":"2020-11-12T15:25:28","modified_gmt":"2020-11-12T20:25:28","slug":"depa-polish","status":"publish","type":"page","link":"https:\/\/cranecpe.com\/zh-hans\/brand\/depa-zh-hans\/depa-polish\/","title":{"rendered":"DEPA \/ POLISH"},"content":{"rendered":"<div  style='padding-bottom:15px; margin:0 0 0 0; ' class='av-special-heading av-special-heading-h1  blockquote modern-quote  avia-builder-el-0  el_before_av_one_third  avia-builder-el-first  '><h1 class='av-special-heading-tag '  >Producent pneumatycznych pomp membranowych<\/h1><div class='special-heading-border'><div class='special-heading-inner-border' ><\/div><\/div><\/div>\n<div class=\"flex_column av_one_third  flex_column_div av-zero-column-padding first  avia-builder-el-1  el_after_av_heading  el_before_av_two_third  \" style='border-radius:0px; '><section class=\"av_textblock_section \" ><div class='avia_textblock  '  ><p><img loading=\"lazy\" decoding=\"async\" class=\"aligncenter size-full wp-image-13837\" style=\"border: 1px solid #ddd;\" src=\"\/wp-content\/uploads\/depa-1.png\" alt=\"\" width=\"225\" height=\"89\" \/><\/p>\n<\/div><\/section><br \/>\n<div  style='height:24px' class='hr hr-invisible   avia-builder-el-3  el_after_av_textblock  el_before_av_icon_box '><span class='hr-inner ' ><span class='hr-inner-style'><\/span><\/span><\/div><br \/>\n<article  class=\"iconbox iconbox_top main_color    avia-builder-el-4  el_after_av_hr  avia-builder-el-last  \" ><div class=\"iconbox_content\"><header class=\"entry-content-header\"><div class=\"iconbox_icon heading-color \" aria-hidden='true' data-av_icon='\ue854' data-av_iconfont='entypo-fontello'  ><\/div><\/header><div class='iconbox_content_container  '  ><p>Kontakt:<\/p>\n<h4><strong>mgr in\u017c. Marek Stobinski<\/strong><\/h4>\n<p>Office or mailbox address: ul. \u017bo\u0142nierzy Lenino 5 61-694 Pozna\u0144, Poland <strong>Mobile<\/strong>\u00a0+48 602 777-839 <strong>FAX<\/strong>\u00a0+48 61 8288-085 <strong>Email<\/strong> <a href=\"mailto:marek.stobinski@craneflow.com\">marek.stobinski@craneflow.com<\/a><\/p>\n<h4><strong>Corporate Headquarters CRANE ChemPharma Flow Solutions<\/strong><\/h4>\n<p>4444 Cooper Road Cincinnati, Ohio 45242-5686 <strong>PHONE<\/strong>\u00a0+1 513 745 6000 <strong>FAX<\/strong>\u00a0+1 513 745 6086<\/p>\n<\/div><\/div><footer class=\"entry-footer\"><\/footer><\/article><\/p><\/div><div class=\"flex_column av_two_third  flex_column_div av-zero-column-padding   avia-builder-el-5  el_after_av_one_third  avia-builder-el-last  \" style='border-radius:0px; '><section class=\"av_textblock_section \" ><div class='avia_textblock  '  ><p><img loading=\"lazy\" decoding=\"async\" class=\"alignright wp-image-119274 size-full\" src=\"\/wp-content\/uploads\/DEPA_All_225x225-1.jpg\" alt=\"\" width=\"225\" height=\"225\" srcset=\"https:\/\/cranecpe.com\/wp-content\/uploads\/DEPA_All_225x225-1.jpg 225w, https:\/\/cranecpe.com\/wp-content\/uploads\/DEPA_All_225x225-1-80x80.jpg 80w, https:\/\/cranecpe.com\/wp-content\/uploads\/DEPA_All_225x225-1-36x36.jpg 36w, https:\/\/cranecpe.com\/wp-content\/uploads\/DEPA_All_225x225-1-180x180.jpg 180w\" sizes=\"(max-width: 225px) 100vw, 225px\" \/>Pneumatyczne pompy membranowe marki DEPA zyska\u0142y reputacj\u0119 dostawcy wysokiej jako\u015bci\u00a0 rozwi\u0105za\u0144 wsr\u00f3d odbiorc\u00f3w pomp wyporowych w r\u00f3\u017cnych ga\u0142\u0119ziach przemys\u0142u. Pompy DEPA zapewniaj\u0105 niezawodny, wydajny i ekonomiczny transport wszelkiego rodzaju cieczy,\u00a0od wody do szlam\u00f3w i past o wysokiej lepko\u015bci i w\u0142a\u015bciwo\u015bciach \u015bciernych. Mocna i zwarta konstrukcja zapewnia ich niezawodn\u0105 prac\u0119 w najci\u0119\u017cszych warunkach i najbardziej wymagaj\u0105cych zastosowaniach. Samozasysaj\u0105ce pompy DEPA mog\u0105 pracowa\u0107 na sucho bez ryzyka uszkodzenia. Pneumatyczne pompy membranowe DEPA posiadaj\u0105 mi\u0119dzynarodowy certyfikat ATEX, zgodnie z dyrektyw\u0105 ATEX mog\u0105 pracowa\u0107 tak\u017ce w strefie 0.<\/p>\n<p align=\"left\">Pneumatyczne pompy membranowe DEPA zosta\u0142y zaprojektowane jako elastyczny system modu\u0142owy. Dzi\u0119ki temu zawieraj\u0105 minimaln\u0105 ilo\u015bci\u0105 cz\u0119\u015bci i wymagaj\u0105 minimalnego zapasu cz\u0119\u015bci zamiennych. Dzi\u0119ki temu koszty eksploatacji s\u0105 ni\u017csze a czasy przestoj\u00f3w zredukowane do minimum. Ponadto, pompy modu\u0142owe zapewniaj\u0105 uniwersalno\u015b\u0107 i mog\u0105 by\u0107 u\u017cywane w r\u00f3\u017cnych aplikacjach.<\/p>\n<\/div><\/section><br \/>\n<section class=\"av_textblock_section \" ><div class='avia_textblock  '  ><table class=\"tableInfo\" border=\"0\" width=\"100%\" cellspacing=\"0\" cellpadding=\"0\">\n<tbody>\n<tr>\n<th>Literatura<\/th>\n<\/tr>\n<tr>\n<td><a href=\"\/wp-content\/uploads\/CPE-DEPA-OVERVIEW-BU-PL-A4-MX-2014_07_07_web1.pdf\" target=\"_blank\" rel=\"noopener noreferrer\">DEPA\u00ae Pneumatyczne pompy membranowe &#8211; Broszura (EMEA)<\/a><\/td>\n<\/tr>\n<tr>\n<td><a href=\"\/wp-content\/uploads\/DEPANoppedS4DiaphragmFlyer-PL.pdf\" target=\"_blank\" rel=\"noopener noreferrer\">DEPA\u00ae Membrana DEPA Nopped S4\u00ae &#8211; Ulotka (EMEA)<\/a><\/td>\n<\/tr>\n<tr>\n<td><a href=\"\/wp-content\/uploads\/CPE-DEPA-DL_SLV_SUV-TD-PL-A4-2017_04_28-web1.pdf\" target=\"_blank\" rel=\"noopener noreferrer\">DEPA\u00ae DL-SLV\/ DL-SUV Pompy membranowe z nap\u0119dem pneumatycznym<\/a><\/td>\n<\/tr>\n<\/tbody>\n<\/table>\n<table class=\"tableInfo\" border=\"0\" width=\"100%\" cellspacing=\"0\" cellpadding=\"0\">\n<tbody>\n<tr>\n<th>Instrukcje obs\u0142ug<\/th>\n<\/tr>\n<tr>\n<td><a href=\"\/wp-content\/uploads\/BA_DEPA_PL_08_2015.pdf\" target=\"_blank\" rel=\"noopener noreferrer\">DEPA\u00ae Pompy membranowe z nap\u0119dem pneumatycznym &#8211; Instalacja, obs\u0142uga i konserwacja (EMEA)<\/a><\/td>\n<\/tr>\n<\/tbody>\n<\/table>\n<table class=\"tableInfo\" border=\"0\" width=\"100%\" cellspacing=\"0\" cellpadding=\"0\">\n<tbody>\n<tr>\n<th>Pozosta\u0142e linki<\/th>\n<\/tr>\n<tr>\n<td><a href=\"\/wp-content\/uploads\/DEPAELRO_Declarationofharmlessness_GB.pdf\" target=\"_blank\" rel=\"noopener noreferrer\">Deklaracja bezpiecze\u0144stwa<\/a><\/td>\n<\/tr>\n<\/tbody>\n<\/table>\n<table class=\"tableInfo\" border=\"0\" width=\"100%\" cellspacing=\"0\" cellpadding=\"0\">\n<tbody>\n<tr>\n<th>Certyfikaty<\/th>\n<\/tr>\n<tr>\n<td><a href=\"\/wp-content\/uploads\/CraneConformATEXDEPAM-P-L_english.pdf\" target=\"_blank\" rel=\"noopener noreferrer\">DEPA\u00ae &#8211; ATEX Certificate<\/a><\/td>\n<\/tr>\n<tr>\n<td><a href=\"\/wp-content\/uploads\/CraneFDAConformDEPAPTFE_english.pdf\" target=\"_blank\" rel=\"noopener noreferrer\">DEPA\u00ae FDA Certificate<\/a><\/td>\n<\/tr>\n<tr>\n<td><a href=\"\/wp-content\/uploads\/TNOEHEDGDEPAengl.pdf\" target=\"_blank\" rel=\"noopener noreferrer\">DEPA\u00ae EHEDG Certificate<\/a><\/td>\n<\/tr>\n<\/tbody>\n<\/table>\n<\/div><\/section><\/p><\/div><\/p>\n","protected":false},"excerpt":{"rendered":"","protected":false},"author":19,"featured_media":0,"parent":124077,"menu_order":0,"comment_status":"closed","ping_status":"closed","template":"","meta":{"_acf_changed":false,"footnotes":""},"acf":[],"yoast_head":"<!-- This site is optimized with the Yoast SEO Premium plugin v24.5 (Yoast SEO v24.5) - https:\/\/yoast.com\/wordpress\/plugins\/seo\/ -->\n<title>DEPA \/ POLISH - CRANE ChemPharma &amp; Energy<\/title>\n<meta name=\"robots\" content=\"index, follow, max-snippet:-1, max-image-preview:large, max-video-preview:-1\" \/>\n<link rel=\"canonical\" href=\"https:\/\/cranecpe.com\/zh-hans\/brand\/depa-zh-hans\/depa-polish\/\" \/>\n<meta property=\"og:locale\" content=\"zh_CN\" \/>\n<meta property=\"og:type\" content=\"article\" \/>\n<meta property=\"og:title\" content=\"DEPA \/ POLISH\" \/>\n<meta property=\"og:url\" content=\"https:\/\/cranecpe.com\/zh-hans\/brand\/depa-zh-hans\/depa-polish\/\" \/>\n<meta property=\"og:site_name\" content=\"CRANE ChemPharma &amp; Energy\" \/>\n<meta property=\"article:modified_time\" content=\"2020-11-12T20:25:28+00:00\" \/>\n<meta property=\"og:image\" content=\"https:\/\/cranecpe.com\/wp-content\/uploads\/Logo-Yoast2.png\" \/>\n\t<meta property=\"og:image:width\" content=\"1058\" \/>\n\t<meta property=\"og:image:height\" content=\"567\" \/>\n\t<meta property=\"og:image:type\" content=\"image\/png\" \/>\n<meta name=\"twitter:card\" content=\"summary_large_image\" \/>\n<meta name=\"twitter:label1\" content=\"\u9884\u8ba1\u9605\u8bfb\u65f6\u95f4\" \/>\n\t<meta name=\"twitter:data1\" content=\"4 \u5206\" \/>\n<script type=\"application\/ld+json\" class=\"yoast-schema-graph\">{\"@context\":\"https:\/\/schema.org\",\"@graph\":[{\"@type\":\"WebPage\",\"@id\":\"https:\/\/cranecpe.com\/zh-hans\/brand\/depa-zh-hans\/depa-polish\/\",\"url\":\"https:\/\/cranecpe.com\/zh-hans\/brand\/depa-zh-hans\/depa-polish\/\",\"name\":\"DEPA \/ POLISH - CRANE ChemPharma &amp; Energy\",\"isPartOf\":{\"@id\":\"https:\/\/cranecpe.com\/zh-hans\/#website\"},\"datePublished\":\"2020-11-12T20:25:27+00:00\",\"dateModified\":\"2020-11-12T20:25:28+00:00\",\"breadcrumb\":{\"@id\":\"https:\/\/cranecpe.com\/zh-hans\/brand\/depa-zh-hans\/depa-polish\/#breadcrumb\"},\"inLanguage\":\"zh-Hans\",\"potentialAction\":[{\"@type\":\"ReadAction\",\"target\":[\"https:\/\/cranecpe.com\/zh-hans\/brand\/depa-zh-hans\/depa-polish\/\"]}]},{\"@type\":\"BreadcrumbList\",\"@id\":\"https:\/\/cranecpe.com\/zh-hans\/brand\/depa-zh-hans\/depa-polish\/#breadcrumb\",\"itemListElement\":[{\"@type\":\"ListItem\",\"position\":1,\"name\":\"Home\",\"item\":\"https:\/\/cranecpe.com\/zh-hans\/%e4%b8%bb%e9%a1%b5\/\"},{\"@type\":\"ListItem\",\"position\":2,\"name\":\"\u54c1\u724c\",\"item\":\"https:\/\/cranecpe.com\/zh-hans\/brand\/\"},{\"@type\":\"ListItem\",\"position\":3,\"name\":\"DEPA\",\"item\":\"https:\/\/cranecpe.com\/zh-hans\/brand\/depa-zh-hans\/\"},{\"@type\":\"ListItem\",\"position\":4,\"name\":\"DEPA \/ POLISH\"}]},{\"@type\":\"WebSite\",\"@id\":\"https:\/\/cranecpe.com\/zh-hans\/#website\",\"url\":\"https:\/\/cranecpe.com\/zh-hans\/\",\"name\":\"CRANE ChemPharma & Energy\",\"description\":\"ChemPharma &amp; Energy\",\"publisher\":{\"@id\":\"https:\/\/cranecpe.com\/zh-hans\/#organization\"},\"potentialAction\":[{\"@type\":\"SearchAction\",\"target\":{\"@type\":\"EntryPoint\",\"urlTemplate\":\"https:\/\/cranecpe.com\/zh-hans\/?s={search_term_string}\"},\"query-input\":{\"@type\":\"PropertyValueSpecification\",\"valueRequired\":true,\"valueName\":\"search_term_string\"}}],\"inLanguage\":\"zh-Hans\"},{\"@type\":\"Organization\",\"@id\":\"https:\/\/cranecpe.com\/zh-hans\/#organization\",\"name\":\"Crane ChemPharma & Energy\",\"alternateName\":\"Crane CPE\",\"url\":\"https:\/\/cranecpe.com\/zh-hans\/\",\"logo\":{\"@type\":\"ImageObject\",\"inLanguage\":\"zh-Hans\",\"@id\":\"https:\/\/cranecpe.com\/zh-hans\/#\/schema\/logo\/image\/\",\"url\":\"https:\/\/cranecpe.com\/wp-content\/uploads\/Logo-Yoast-1.png\",\"contentUrl\":\"https:\/\/cranecpe.com\/wp-content\/uploads\/Logo-Yoast-1.png\",\"width\":696,\"height\":696,\"caption\":\"Crane ChemPharma & Energy\"},\"image\":{\"@id\":\"https:\/\/cranecpe.com\/zh-hans\/#\/schema\/logo\/image\/\"},\"sameAs\":[\"https:\/\/www.linkedin.com\/company\/crane-chempharma-energy\",\"https:\/\/vimeo.com\/user30117535\"],\"description\":\"CRANE ChemPharma & Energy designs and manufactures highly engineered products: check valves, sleeved plug valves, lined valves, process ball valves, high performance butterfly valves, bellows sealed globe valves, aseptic and industrial diaphragm valves, multi \/ quarter-turn valves, actuation, sight glasses, lined pipe, fittings and hoses, and air operated diaphragm and peristaltic pumps. Our trusted brands include ALOYCO\u00ae, BAUM\u00ae, CENTER LINE\u00ae, COMPAC-NOZ\u00ae, CRANE\u00ae, CRANE\u00ae CRYOGENICS, DEPA\u00ae & ELRO\u00ae, DOPAK\u00ae, DUO-CHEK\u00ae, FLOWSEAL\u00ae, GYROLOK\u00ae, GO REGULATOR\u00ae, HOKE\u00ae, JENKINS\u00ae, KROMBACH\u00ae, NOZ-CHEK\u00ae, PACIFIC VALVES\u00ae, RESISTOFLEX\u00ae, REVO\u00ae, SAUNDERS\u00ae, STOCKHAM\u00ae, TEXAS SAMPLING\u00ae, TRIANGLE\u00ae, UNI-CHEK\u00ae, VALVES\u00ae, WESTLOCK CONTROLS\u00ae, WTA\u00ae, and XOMOX\u00ae offer customers a complete and innovative portfolio, designed for the most demanding applications - chemical processing, biotechnology, pharmaceutical, oil and gas, refining and power generation. For more information please visit: www.cranecpe.com, www.craneco.com\",\"legalName\":\"Crane ChemPharma & Energy\"}]}<\/script>\n<!-- \/ Yoast SEO Premium plugin. -->","yoast_head_json":{"title":"DEPA \/ POLISH - CRANE ChemPharma &amp; Energy","robots":{"index":"index","follow":"follow","max-snippet":"max-snippet:-1","max-image-preview":"max-image-preview:large","max-video-preview":"max-video-preview:-1"},"canonical":"https:\/\/cranecpe.com\/zh-hans\/brand\/depa-zh-hans\/depa-polish\/","og_locale":"zh_CN","og_type":"article","og_title":"DEPA \/ POLISH","og_url":"https:\/\/cranecpe.com\/zh-hans\/brand\/depa-zh-hans\/depa-polish\/","og_site_name":"CRANE ChemPharma &amp; Energy","article_modified_time":"2020-11-12T20:25:28+00:00","og_image":[{"width":1058,"height":567,"url":"https:\/\/cranecpe.com\/wp-content\/uploads\/Logo-Yoast2.png","type":"image\/png"}],"twitter_card":"summary_large_image","twitter_misc":{"\u9884\u8ba1\u9605\u8bfb\u65f6\u95f4":"4 \u5206"},"schema":{"@context":"https:\/\/schema.org","@graph":[{"@type":"WebPage","@id":"https:\/\/cranecpe.com\/zh-hans\/brand\/depa-zh-hans\/depa-polish\/","url":"https:\/\/cranecpe.com\/zh-hans\/brand\/depa-zh-hans\/depa-polish\/","name":"DEPA \/ POLISH - CRANE ChemPharma &amp; Energy","isPartOf":{"@id":"https:\/\/cranecpe.com\/zh-hans\/#website"},"datePublished":"2020-11-12T20:25:27+00:00","dateModified":"2020-11-12T20:25:28+00:00","breadcrumb":{"@id":"https:\/\/cranecpe.com\/zh-hans\/brand\/depa-zh-hans\/depa-polish\/#breadcrumb"},"inLanguage":"zh-Hans","potentialAction":[{"@type":"ReadAction","target":["https:\/\/cranecpe.com\/zh-hans\/brand\/depa-zh-hans\/depa-polish\/"]}]},{"@type":"BreadcrumbList","@id":"https:\/\/cranecpe.com\/zh-hans\/brand\/depa-zh-hans\/depa-polish\/#breadcrumb","itemListElement":[{"@type":"ListItem","position":1,"name":"Home","item":"https:\/\/cranecpe.com\/zh-hans\/%e4%b8%bb%e9%a1%b5\/"},{"@type":"ListItem","position":2,"name":"\u54c1\u724c","item":"https:\/\/cranecpe.com\/zh-hans\/brand\/"},{"@type":"ListItem","position":3,"name":"DEPA","item":"https:\/\/cranecpe.com\/zh-hans\/brand\/depa-zh-hans\/"},{"@type":"ListItem","position":4,"name":"DEPA \/ POLISH"}]},{"@type":"WebSite","@id":"https:\/\/cranecpe.com\/zh-hans\/#website","url":"https:\/\/cranecpe.com\/zh-hans\/","name":"CRANE ChemPharma & Energy","description":"ChemPharma &amp; Energy","publisher":{"@id":"https:\/\/cranecpe.com\/zh-hans\/#organization"},"potentialAction":[{"@type":"SearchAction","target":{"@type":"EntryPoint","urlTemplate":"https:\/\/cranecpe.com\/zh-hans\/?s={search_term_string}"},"query-input":{"@type":"PropertyValueSpecification","valueRequired":true,"valueName":"search_term_string"}}],"inLanguage":"zh-Hans"},{"@type":"Organization","@id":"https:\/\/cranecpe.com\/zh-hans\/#organization","name":"Crane ChemPharma & Energy","alternateName":"Crane CPE","url":"https:\/\/cranecpe.com\/zh-hans\/","logo":{"@type":"ImageObject","inLanguage":"zh-Hans","@id":"https:\/\/cranecpe.com\/zh-hans\/#\/schema\/logo\/image\/","url":"https:\/\/cranecpe.com\/wp-content\/uploads\/Logo-Yoast-1.png","contentUrl":"https:\/\/cranecpe.com\/wp-content\/uploads\/Logo-Yoast-1.png","width":696,"height":696,"caption":"Crane ChemPharma & Energy"},"image":{"@id":"https:\/\/cranecpe.com\/zh-hans\/#\/schema\/logo\/image\/"},"sameAs":["https:\/\/www.linkedin.com\/company\/crane-chempharma-energy","https:\/\/vimeo.com\/user30117535"],"description":"CRANE ChemPharma & Energy designs and manufactures highly engineered products: check valves, sleeved plug valves, lined valves, process ball valves, high performance butterfly valves, bellows sealed globe valves, aseptic and industrial diaphragm valves, multi \/ quarter-turn valves, actuation, sight glasses, lined pipe, fittings and hoses, and air operated diaphragm and peristaltic pumps. Our trusted brands include ALOYCO\u00ae, BAUM\u00ae, CENTER LINE\u00ae, COMPAC-NOZ\u00ae, CRANE\u00ae, CRANE\u00ae CRYOGENICS, DEPA\u00ae & ELRO\u00ae, DOPAK\u00ae, DUO-CHEK\u00ae, FLOWSEAL\u00ae, GYROLOK\u00ae, GO REGULATOR\u00ae, HOKE\u00ae, JENKINS\u00ae, KROMBACH\u00ae, NOZ-CHEK\u00ae, PACIFIC VALVES\u00ae, RESISTOFLEX\u00ae, REVO\u00ae, SAUNDERS\u00ae, STOCKHAM\u00ae, TEXAS SAMPLING\u00ae, TRIANGLE\u00ae, UNI-CHEK\u00ae, VALVES\u00ae, WESTLOCK CONTROLS\u00ae, WTA\u00ae, and XOMOX\u00ae offer customers a complete and innovative portfolio, designed for the most demanding applications - chemical processing, biotechnology, pharmaceutical, oil and gas, refining and power generation. For more information please visit: www.cranecpe.com, www.craneco.com","legalName":"Crane ChemPharma & Energy"}]}},"_links":{"self":[{"href":"https:\/\/cranecpe.com\/zh-hans\/wp-json\/wp\/v2\/pages\/124177"}],"collection":[{"href":"https:\/\/cranecpe.com\/zh-hans\/wp-json\/wp\/v2\/pages"}],"about":[{"href":"https:\/\/cranecpe.com\/zh-hans\/wp-json\/wp\/v2\/types\/page"}],"author":[{"embeddable":true,"href":"https:\/\/cranecpe.com\/zh-hans\/wp-json\/wp\/v2\/users\/19"}],"replies":[{"embeddable":true,"href":"https:\/\/cranecpe.com\/zh-hans\/wp-json\/wp\/v2\/comments?post=124177"}],"version-history":[{"count":3,"href":"https:\/\/cranecpe.com\/zh-hans\/wp-json\/wp\/v2\/pages\/124177\/revisions"}],"predecessor-version":[{"id":255857,"href":"https:\/\/cranecpe.com\/zh-hans\/wp-json\/wp\/v2\/pages\/124177\/revisions\/255857"}],"up":[{"embeddable":true,"href":"https:\/\/cranecpe.com\/zh-hans\/wp-json\/wp\/v2\/pages\/124077"}],"wp:attachment":[{"href":"https:\/\/cranecpe.com\/zh-hans\/wp-json\/wp\/v2\/media?parent=124177"}],"curies":[{"name":"wp","href":"https:\/\/api.w.org\/{rel}","templated":true}]}}