{"id":124161,"date":"2020-11-12T15:20:56","date_gmt":"2020-11-12T20:20:56","guid":{"rendered":"http:\/\/cranecpe.knowledge4you.ca\/brand\/depa-zh-hans\/depa-german\/"},"modified":"2020-12-21T08:43:18","modified_gmt":"2020-12-21T13:43:18","slug":"depa-german","status":"publish","type":"page","link":"https:\/\/cranecpe.com\/zh-hans\/brand\/depa-zh-hans\/depa-german\/","title":{"rendered":"DEPA \/ GERMAN"},"content":{"rendered":"<div  style='padding-bottom:15px; margin:0 0 0 0; ' class='av-special-heading av-special-heading-h1  blockquote modern-quote  avia-builder-el-0  el_before_av_one_third  avia-builder-el-first  '><h1 class='av-special-heading-tag '  >DEPA\u00ae Druckluft-Membranpumpen<\/h1><div class='special-heading-border'><div class='special-heading-inner-border' ><\/div><\/div><\/div>\n<div class=\"flex_column av_one_third  flex_column_div av-zero-column-padding first  avia-builder-el-1  el_after_av_heading  el_before_av_two_third  \" style='border-radius:0px; '><p><section class=\"av_textblock_section \" ><div class='avia_textblock  '  ><p><img loading=\"lazy\" decoding=\"async\" class=\"aligncenter size-full wp-image-13837\" style=\"border: 1px solid #ddd;\" src=\"\/wp-content\/uploads\/depa-1.png\" alt=\"\" width=\"225\" height=\"89\" \/><\/p>\n<\/div><\/section><br \/>\n<div  class='avia-button-wrap avia-button-center  avia-builder-el-3  el_after_av_textblock  el_before_av_hr ' ><a href='\/zh-hans\/\u8054\u7cfb\u9500\u552e\/?frmlang=de_DE'  class='avia-button av-icon-on-hover  avia-icon_select-yes-left-icon avia-color-theme-color avia-size-small avia-position-center '   ><span class='avia_button_icon avia_button_icon_left ' aria-hidden='true' data-av_icon='\ue805' data-av_iconfont='entypo-fontello'><\/span><span class='avia_iconbox_title' >Kontakt<\/span><\/a><\/div><br \/>\n<div  style='height:24px' class='hr hr-invisible   avia-builder-el-4  el_after_av_button  el_before_av_icon_box '><span class='hr-inner ' ><span class='hr-inner-style'><\/span><\/span><\/div><br \/>\n<article  class=\"iconbox iconbox_top main_color    avia-builder-el-5  el_after_av_hr  avia-builder-el-last  \" ><div class=\"iconbox_content\"><header class=\"entry-content-header\"><div class=\"iconbox_icon heading-color \" aria-hidden='true' data-av_icon='\ue854' data-av_iconfont='entypo-fontello'  ><\/div><\/header><div class='iconbox_content_container  '  ><p>F\u00fcr Anfragen bez\u00fcglich DEPA in Deutschland:<\/p>\n<h4><strong>Crane Process Flow Technologies Gmbh<\/strong><\/h4>\n<p>Heerdter Lohweg 63-71 D\u00fcsseldorf, D-40549, Germany <strong>TEL<\/strong>+49 211 5956 0 <strong>FAX<\/strong> +49 211 5956 111 <strong>E-Mail<\/strong>:\u00a0<a href=\"mailto:infoDus@CraneCPE.com\">Contact<\/a> F\u00fcr Anfragen bez\u00fcglich DEPA in \u00d6sterreich:<\/p>\n<h4><strong>Crane Process Flow Technologies Gmbh<\/strong><\/h4>\n<p>IZ N\u00d6 S\u00fcd Str. 2\/M6 Wr. Neudorf, A-2355 , Austria <strong>TEL<\/strong>\u00a0+43 2236 682-505 <strong>MOBILE\u00a0<\/strong>+43 664 25 63 728 <strong>FAX<\/strong>\u00a0+43 2236 643 53 <strong>EMAIL\u00a0<\/strong><a href=\"mailto:infoDus@CraneCPE.com\">Contact<\/a><\/p>\n<\/div><\/div><footer class=\"entry-footer\"><\/footer><\/article><\/p><\/div><div class=\"flex_column av_two_third  flex_column_div av-zero-column-padding   avia-builder-el-6  el_after_av_one_third  avia-builder-el-last  \" style='border-radius:0px; '><section class=\"av_textblock_section \" ><div class='avia_textblock  '  ><p><img loading=\"lazy\" decoding=\"async\" class=\"alignright wp-image-119274 size-full\" src=\"\/wp-content\/uploads\/DEPA_All_225x225-1.jpg\" alt=\"\" width=\"225\" height=\"225\" srcset=\"https:\/\/cranecpe.com\/wp-content\/uploads\/DEPA_All_225x225-1.jpg 225w, https:\/\/cranecpe.com\/wp-content\/uploads\/DEPA_All_225x225-1-80x80.jpg 80w, https:\/\/cranecpe.com\/wp-content\/uploads\/DEPA_All_225x225-1-36x36.jpg 36w, https:\/\/cranecpe.com\/wp-content\/uploads\/DEPA_All_225x225-1-180x180.jpg 180w\" sizes=\"(max-width: 225px) 100vw, 225px\" \/><\/p>\n<p align=\"left\">DEPA\u00ae Druckluft-Membranpumpen geh\u00f6ren zu den weltweit f\u00fchrenden Marken hochqualitativer Verdr\u00e4ngerpumpen. Diese Pumpen wurden f\u00fcr die reibungslose F\u00f6rderung von aggressiven, feststoffenthaltigen und z\u00e4hfl\u00fcssigen Medien entwickelt und sind absolut trockenlauffest und wartungsfrei.<\/p>\n<p>DEPA\u00ae Druckluft-Membranpumpen stellen tagt\u00e4glich auf der ganzen Welt ihre Betriebssicherheit und Leistungsf\u00e4higkeit in anspruchsvollem Betrieb und unter den h\u00e4rtesten Anwendungskonditionen unter Beweis. DEPA \u00ae Druckluft-Membranpumpen Pumpen sind weltweit die einzigen Druckluft-Membranpumpen mit ATEX Zone 0 Zulassung. DEPA-Druckluft-Membranpumpen wurden als flexibles, modularesSystem f\u00fcr alle Baureihen und Pumpengr\u00f6ssen entwickelt.Der modulare Aufbau reduziert sowohl die Ersatzteilvorhaltung als auch die Anzahl der verwendeten Einzelteile pro Pumpe. Das bedeutet: Geringe Wartungskosten und kurze Stillstandszeiten.<\/p>\n<\/div><\/section><br \/>\n<section class=\"av_textblock_section \" ><div class='avia_textblock  '  ><table class=\"tableInfo\" border=\"0\" width=\"100%\" cellspacing=\"0\" cellpadding=\"0\">\n<tbody>\n<tr>\n<th>Literatur<\/th>\n<\/tr>\n<tr>\n<td><a href=\"#\" target=\"_blank\" rel=\"noopener noreferrer\">DEPA\u00ae Druckluft-Membranpumpen &#8211; Brosch\u00fcre (EMEA)<\/a><\/td>\n<\/tr>\n<tr>\n<td><a href=\"\/wp-content\/uploads\/DEPANoppedS4DiaphragmFlyer-DE.pdf\" target=\"_blank\" rel=\"noopener noreferrer\">DEPA\u00ae Nopped S4\u00ae Membran &#8211; Datenblatt (EMEA)<\/a><\/td>\n<\/tr>\n<tr>\n<td><a href=\"\/wp-content\/uploads\/DEPAE4-datasheet_D.pdf\" target=\"_blank\" rel=\"noopener noreferrer\">DEPA\u00ae E4 Membrane mit noppedE4 Oberfl\u00e4che &#8211; Datasheet<\/a><\/td>\n<\/tr>\n<tr>\n<td><a href=\"#\" target=\"_blank\" rel=\"noopener noreferrer\">DEPA\u00ae Druckluft-Membranpumpen &#8211; Installation, Bedienung und Wartung (EMEA)<\/a><\/td>\n<\/tr>\n<\/tbody>\n<\/table>\n<table class=\"tableInfo\" border=\"0\" width=\"100%\" cellspacing=\"0\" cellpadding=\"0\">\n<tbody>\n<tr>\n<th>Andere Links<\/th>\n<\/tr>\n<tr>\n<td><a href=\"\/wp-content\/uploads\/AllgemeineEinkaufsbedingungen.pdf\" target=\"_blank\" rel=\"noopener noreferrer\">Allgemeine Einkaufsbedingungen &#8211; Crane Process Flow Technologies GmbH<\/a><\/td>\n<\/tr>\n<tr>\n<td><a href=\"\/wp-content\/uploads\/DEPAELRO_Unbedenklichkeitserkl_D.pdf\" target=\"_blank\" rel=\"noopener noreferrer\">DEPA\u00ae, ELRO\u00ae &#8211; Unbedenklichkeitserklaerung<\/a><\/td>\n<\/tr>\n<\/tbody>\n<\/table>\n<table class=\"tableInfo\" border=\"0\" width=\"100%\" cellspacing=\"0\" cellpadding=\"0\">\n<tbody>\n<tr>\n<th>Zertifikate<\/th>\n<\/tr>\n<tr>\n<td><a href=\"\/wp-content\/uploads\/CraneConformATEXDEPAM-P-L_english.pdf\" target=\"_blank\" rel=\"noopener noreferrer\">DEPA\u00ae &#8211; ATEX Certificate<\/a><\/td>\n<\/tr>\n<tr>\n<td><a href=\"\/wp-content\/uploads\/CraneFDAConformDEPAPTFE_english.pdf\" target=\"_blank\" rel=\"noopener noreferrer\">DEPA\u00ae FDA Certificate<\/a><\/td>\n<\/tr>\n<tr>\n<td><a href=\"\/wp-content\/uploads\/TNOEHEDGDEPAengl.pdf\" target=\"_blank\" rel=\"noopener noreferrer\">DEPA\u00ae &#8211; TNO EHEDG Certificate<\/a><\/td>\n<\/tr>\n<\/tbody>\n<\/table>\n<\/div><\/section><\/p><\/div><\/p>\n","protected":false},"excerpt":{"rendered":"","protected":false},"author":19,"featured_media":0,"parent":124077,"menu_order":0,"comment_status":"closed","ping_status":"closed","template":"","meta":{"_acf_changed":false,"footnotes":""},"acf":[],"yoast_head":"<!-- This site is optimized with the Yoast SEO Premium plugin v24.5 (Yoast SEO v24.5) - https:\/\/yoast.com\/wordpress\/plugins\/seo\/ -->\n<title>DEPA \/ GERMAN - CRANE ChemPharma &amp; Energy<\/title>\n<meta name=\"robots\" content=\"index, follow, max-snippet:-1, max-image-preview:large, max-video-preview:-1\" \/>\n<link rel=\"canonical\" href=\"https:\/\/cranecpe.com\/zh-hans\/brand\/depa-zh-hans\/depa-german\/\" \/>\n<meta property=\"og:locale\" content=\"zh_CN\" \/>\n<meta property=\"og:type\" content=\"article\" \/>\n<meta property=\"og:title\" content=\"DEPA \/ GERMAN\" \/>\n<meta property=\"og:url\" content=\"https:\/\/cranecpe.com\/zh-hans\/brand\/depa-zh-hans\/depa-german\/\" \/>\n<meta property=\"og:site_name\" content=\"CRANE ChemPharma &amp; Energy\" \/>\n<meta property=\"article:modified_time\" content=\"2020-12-21T13:43:18+00:00\" \/>\n<meta property=\"og:image\" content=\"https:\/\/cranecpe.com\/wp-content\/uploads\/Logo-Yoast2.png\" \/>\n\t<meta property=\"og:image:width\" content=\"1058\" \/>\n\t<meta property=\"og:image:height\" content=\"567\" \/>\n\t<meta property=\"og:image:type\" content=\"image\/png\" \/>\n<meta name=\"twitter:card\" content=\"summary_large_image\" \/>\n<meta name=\"twitter:label1\" content=\"\u9884\u8ba1\u9605\u8bfb\u65f6\u95f4\" \/>\n\t<meta name=\"twitter:data1\" content=\"4 \u5206\" \/>\n<script type=\"application\/ld+json\" class=\"yoast-schema-graph\">{\"@context\":\"https:\/\/schema.org\",\"@graph\":[{\"@type\":\"WebPage\",\"@id\":\"https:\/\/cranecpe.com\/zh-hans\/brand\/depa-zh-hans\/depa-german\/\",\"url\":\"https:\/\/cranecpe.com\/zh-hans\/brand\/depa-zh-hans\/depa-german\/\",\"name\":\"DEPA \/ GERMAN - CRANE ChemPharma &amp; Energy\",\"isPartOf\":{\"@id\":\"https:\/\/cranecpe.com\/zh-hans\/#website\"},\"datePublished\":\"2020-11-12T20:20:56+00:00\",\"dateModified\":\"2020-12-21T13:43:18+00:00\",\"breadcrumb\":{\"@id\":\"https:\/\/cranecpe.com\/zh-hans\/brand\/depa-zh-hans\/depa-german\/#breadcrumb\"},\"inLanguage\":\"zh-Hans\",\"potentialAction\":[{\"@type\":\"ReadAction\",\"target\":[\"https:\/\/cranecpe.com\/zh-hans\/brand\/depa-zh-hans\/depa-german\/\"]}]},{\"@type\":\"BreadcrumbList\",\"@id\":\"https:\/\/cranecpe.com\/zh-hans\/brand\/depa-zh-hans\/depa-german\/#breadcrumb\",\"itemListElement\":[{\"@type\":\"ListItem\",\"position\":1,\"name\":\"Home\",\"item\":\"https:\/\/cranecpe.com\/zh-hans\/%e4%b8%bb%e9%a1%b5\/\"},{\"@type\":\"ListItem\",\"position\":2,\"name\":\"\u54c1\u724c\",\"item\":\"https:\/\/cranecpe.com\/zh-hans\/brand\/\"},{\"@type\":\"ListItem\",\"position\":3,\"name\":\"DEPA\",\"item\":\"https:\/\/cranecpe.com\/zh-hans\/brand\/depa-zh-hans\/\"},{\"@type\":\"ListItem\",\"position\":4,\"name\":\"DEPA \/ GERMAN\"}]},{\"@type\":\"WebSite\",\"@id\":\"https:\/\/cranecpe.com\/zh-hans\/#website\",\"url\":\"https:\/\/cranecpe.com\/zh-hans\/\",\"name\":\"CRANE ChemPharma & Energy\",\"description\":\"ChemPharma &amp; Energy\",\"publisher\":{\"@id\":\"https:\/\/cranecpe.com\/zh-hans\/#organization\"},\"potentialAction\":[{\"@type\":\"SearchAction\",\"target\":{\"@type\":\"EntryPoint\",\"urlTemplate\":\"https:\/\/cranecpe.com\/zh-hans\/?s={search_term_string}\"},\"query-input\":{\"@type\":\"PropertyValueSpecification\",\"valueRequired\":true,\"valueName\":\"search_term_string\"}}],\"inLanguage\":\"zh-Hans\"},{\"@type\":\"Organization\",\"@id\":\"https:\/\/cranecpe.com\/zh-hans\/#organization\",\"name\":\"Crane ChemPharma & Energy\",\"alternateName\":\"Crane CPE\",\"url\":\"https:\/\/cranecpe.com\/zh-hans\/\",\"logo\":{\"@type\":\"ImageObject\",\"inLanguage\":\"zh-Hans\",\"@id\":\"https:\/\/cranecpe.com\/zh-hans\/#\/schema\/logo\/image\/\",\"url\":\"https:\/\/cranecpe.com\/wp-content\/uploads\/Logo-Yoast-1.png\",\"contentUrl\":\"https:\/\/cranecpe.com\/wp-content\/uploads\/Logo-Yoast-1.png\",\"width\":696,\"height\":696,\"caption\":\"Crane ChemPharma & Energy\"},\"image\":{\"@id\":\"https:\/\/cranecpe.com\/zh-hans\/#\/schema\/logo\/image\/\"},\"sameAs\":[\"https:\/\/www.linkedin.com\/company\/crane-chempharma-energy\",\"https:\/\/vimeo.com\/user30117535\"],\"description\":\"CRANE ChemPharma & Energy designs and manufactures highly engineered products: check valves, sleeved plug valves, lined valves, process ball valves, high performance butterfly valves, bellows sealed globe valves, aseptic and industrial diaphragm valves, multi \/ quarter-turn valves, actuation, sight glasses, lined pipe, fittings and hoses, and air operated diaphragm and peristaltic pumps. Our trusted brands include ALOYCO\u00ae, BAUM\u00ae, CENTER LINE\u00ae, COMPAC-NOZ\u00ae, CRANE\u00ae, CRANE\u00ae CRYOGENICS, DEPA\u00ae & ELRO\u00ae, DOPAK\u00ae, DUO-CHEK\u00ae, FLOWSEAL\u00ae, GYROLOK\u00ae, GO REGULATOR\u00ae, HOKE\u00ae, JENKINS\u00ae, KROMBACH\u00ae, NOZ-CHEK\u00ae, PACIFIC VALVES\u00ae, RESISTOFLEX\u00ae, REVO\u00ae, SAUNDERS\u00ae, STOCKHAM\u00ae, TEXAS SAMPLING\u00ae, TRIANGLE\u00ae, UNI-CHEK\u00ae, VALVES\u00ae, WESTLOCK CONTROLS\u00ae, WTA\u00ae, and XOMOX\u00ae offer customers a complete and innovative portfolio, designed for the most demanding applications - chemical processing, biotechnology, pharmaceutical, oil and gas, refining and power generation. For more information please visit: www.cranecpe.com, www.craneco.com\",\"legalName\":\"Crane ChemPharma & Energy\"}]}<\/script>\n<!-- \/ Yoast SEO Premium plugin. -->","yoast_head_json":{"title":"DEPA \/ GERMAN - CRANE ChemPharma &amp; Energy","robots":{"index":"index","follow":"follow","max-snippet":"max-snippet:-1","max-image-preview":"max-image-preview:large","max-video-preview":"max-video-preview:-1"},"canonical":"https:\/\/cranecpe.com\/zh-hans\/brand\/depa-zh-hans\/depa-german\/","og_locale":"zh_CN","og_type":"article","og_title":"DEPA \/ GERMAN","og_url":"https:\/\/cranecpe.com\/zh-hans\/brand\/depa-zh-hans\/depa-german\/","og_site_name":"CRANE ChemPharma &amp; Energy","article_modified_time":"2020-12-21T13:43:18+00:00","og_image":[{"width":1058,"height":567,"url":"https:\/\/cranecpe.com\/wp-content\/uploads\/Logo-Yoast2.png","type":"image\/png"}],"twitter_card":"summary_large_image","twitter_misc":{"\u9884\u8ba1\u9605\u8bfb\u65f6\u95f4":"4 \u5206"},"schema":{"@context":"https:\/\/schema.org","@graph":[{"@type":"WebPage","@id":"https:\/\/cranecpe.com\/zh-hans\/brand\/depa-zh-hans\/depa-german\/","url":"https:\/\/cranecpe.com\/zh-hans\/brand\/depa-zh-hans\/depa-german\/","name":"DEPA \/ GERMAN - CRANE ChemPharma &amp; Energy","isPartOf":{"@id":"https:\/\/cranecpe.com\/zh-hans\/#website"},"datePublished":"2020-11-12T20:20:56+00:00","dateModified":"2020-12-21T13:43:18+00:00","breadcrumb":{"@id":"https:\/\/cranecpe.com\/zh-hans\/brand\/depa-zh-hans\/depa-german\/#breadcrumb"},"inLanguage":"zh-Hans","potentialAction":[{"@type":"ReadAction","target":["https:\/\/cranecpe.com\/zh-hans\/brand\/depa-zh-hans\/depa-german\/"]}]},{"@type":"BreadcrumbList","@id":"https:\/\/cranecpe.com\/zh-hans\/brand\/depa-zh-hans\/depa-german\/#breadcrumb","itemListElement":[{"@type":"ListItem","position":1,"name":"Home","item":"https:\/\/cranecpe.com\/zh-hans\/%e4%b8%bb%e9%a1%b5\/"},{"@type":"ListItem","position":2,"name":"\u54c1\u724c","item":"https:\/\/cranecpe.com\/zh-hans\/brand\/"},{"@type":"ListItem","position":3,"name":"DEPA","item":"https:\/\/cranecpe.com\/zh-hans\/brand\/depa-zh-hans\/"},{"@type":"ListItem","position":4,"name":"DEPA \/ GERMAN"}]},{"@type":"WebSite","@id":"https:\/\/cranecpe.com\/zh-hans\/#website","url":"https:\/\/cranecpe.com\/zh-hans\/","name":"CRANE ChemPharma & Energy","description":"ChemPharma &amp; Energy","publisher":{"@id":"https:\/\/cranecpe.com\/zh-hans\/#organization"},"potentialAction":[{"@type":"SearchAction","target":{"@type":"EntryPoint","urlTemplate":"https:\/\/cranecpe.com\/zh-hans\/?s={search_term_string}"},"query-input":{"@type":"PropertyValueSpecification","valueRequired":true,"valueName":"search_term_string"}}],"inLanguage":"zh-Hans"},{"@type":"Organization","@id":"https:\/\/cranecpe.com\/zh-hans\/#organization","name":"Crane ChemPharma & Energy","alternateName":"Crane CPE","url":"https:\/\/cranecpe.com\/zh-hans\/","logo":{"@type":"ImageObject","inLanguage":"zh-Hans","@id":"https:\/\/cranecpe.com\/zh-hans\/#\/schema\/logo\/image\/","url":"https:\/\/cranecpe.com\/wp-content\/uploads\/Logo-Yoast-1.png","contentUrl":"https:\/\/cranecpe.com\/wp-content\/uploads\/Logo-Yoast-1.png","width":696,"height":696,"caption":"Crane ChemPharma & Energy"},"image":{"@id":"https:\/\/cranecpe.com\/zh-hans\/#\/schema\/logo\/image\/"},"sameAs":["https:\/\/www.linkedin.com\/company\/crane-chempharma-energy","https:\/\/vimeo.com\/user30117535"],"description":"CRANE ChemPharma & Energy designs and manufactures highly engineered products: check valves, sleeved plug valves, lined valves, process ball valves, high performance butterfly valves, bellows sealed globe valves, aseptic and industrial diaphragm valves, multi \/ quarter-turn valves, actuation, sight glasses, lined pipe, fittings and hoses, and air operated diaphragm and peristaltic pumps. Our trusted brands include ALOYCO\u00ae, BAUM\u00ae, CENTER LINE\u00ae, COMPAC-NOZ\u00ae, CRANE\u00ae, CRANE\u00ae CRYOGENICS, DEPA\u00ae & ELRO\u00ae, DOPAK\u00ae, DUO-CHEK\u00ae, FLOWSEAL\u00ae, GYROLOK\u00ae, GO REGULATOR\u00ae, HOKE\u00ae, JENKINS\u00ae, KROMBACH\u00ae, NOZ-CHEK\u00ae, PACIFIC VALVES\u00ae, RESISTOFLEX\u00ae, REVO\u00ae, SAUNDERS\u00ae, STOCKHAM\u00ae, TEXAS SAMPLING\u00ae, TRIANGLE\u00ae, UNI-CHEK\u00ae, VALVES\u00ae, WESTLOCK CONTROLS\u00ae, WTA\u00ae, and XOMOX\u00ae offer customers a complete and innovative portfolio, designed for the most demanding applications - chemical processing, biotechnology, pharmaceutical, oil and gas, refining and power generation. For more information please visit: www.cranecpe.com, www.craneco.com","legalName":"Crane ChemPharma & Energy"}]}},"_links":{"self":[{"href":"https:\/\/cranecpe.com\/zh-hans\/wp-json\/wp\/v2\/pages\/124161"}],"collection":[{"href":"https:\/\/cranecpe.com\/zh-hans\/wp-json\/wp\/v2\/pages"}],"about":[{"href":"https:\/\/cranecpe.com\/zh-hans\/wp-json\/wp\/v2\/types\/page"}],"author":[{"embeddable":true,"href":"https:\/\/cranecpe.com\/zh-hans\/wp-json\/wp\/v2\/users\/19"}],"replies":[{"embeddable":true,"href":"https:\/\/cranecpe.com\/zh-hans\/wp-json\/wp\/v2\/comments?post=124161"}],"version-history":[{"count":5,"href":"https:\/\/cranecpe.com\/zh-hans\/wp-json\/wp\/v2\/pages\/124161\/revisions"}],"predecessor-version":[{"id":255892,"href":"https:\/\/cranecpe.com\/zh-hans\/wp-json\/wp\/v2\/pages\/124161\/revisions\/255892"}],"up":[{"embeddable":true,"href":"https:\/\/cranecpe.com\/zh-hans\/wp-json\/wp\/v2\/pages\/124077"}],"wp:attachment":[{"href":"https:\/\/cranecpe.com\/zh-hans\/wp-json\/wp\/v2\/media?parent=124161"}],"curies":[{"name":"wp","href":"https:\/\/api.w.org\/{rel}","templated":true}]}}