{"id":124200,"date":"2020-11-12T15:31:47","date_gmt":"2020-11-12T20:31:47","guid":{"rendered":"http:\/\/cranecpe.knowledge4you.ca\/brand\/depa-de\/depa-spanish\/"},"modified":"2020-12-21T08:39:29","modified_gmt":"2020-12-21T13:39:29","slug":"depa-spanish","status":"publish","type":"page","link":"https:\/\/cranecpe.com\/de\/brand\/depa-de\/depa-spanish\/","title":{"rendered":"DEPA \/ SPANISH"},"content":{"rendered":"<div  style='padding-bottom:15px; margin:0 0 0 0; ' class='av-special-heading av-special-heading-h1  blockquote modern-quote  avia-builder-el-0  el_before_av_one_third  avia-builder-el-first  '><h1 class='av-special-heading-tag '  >Bombas Neum\u00e1tica de Diafragma DEPA\u00ae<\/h1><div class='special-heading-border'><div class='special-heading-inner-border' ><\/div><\/div><\/div>\n<div class=\"flex_column av_one_third  flex_column_div av-zero-column-padding first  avia-builder-el-1  el_after_av_heading  el_before_av_two_third  \" style='border-radius:0px; '><section class=\"av_textblock_section \" ><div class='avia_textblock  '  ><p><img loading=\"lazy\" decoding=\"async\" class=\"aligncenter size-full wp-image-13838\" style=\"border: 1px solid #ddd;\" src=\"\/wp-content\/uploads\/depa-1.png\" alt=\"\" width=\"225\" height=\"89\" \/><\/p>\n<\/div><\/section><br \/>\n<div  class='avia-button-wrap avia-button-center  avia-builder-el-3  el_after_av_textblock  el_before_av_hr ' ><a href='\/de\/wenden-sie-sich-an-den-vertrieb\/?frmlang=es_ES'  class='avia-button av-icon-on-hover  avia-icon_select-yes-left-icon avia-color-theme-color avia-size-small avia-position-center '   ><span class='avia_button_icon avia_button_icon_left ' aria-hidden='true' data-av_icon='\ue805' data-av_iconfont='entypo-fontello'><\/span><span class='avia_iconbox_title' >Env\u00edeme una oferta<\/span><\/a><\/div><br \/>\n<div  style='height:24px' class='hr hr-invisible   avia-builder-el-4  el_after_av_button  el_before_av_icon_box '><span class='hr-inner ' ><span class='hr-inner-style'><\/span><\/span><\/div><br \/>\n<article  class=\"iconbox iconbox_top main_color    avia-builder-el-5  el_after_av_hr  avia-builder-el-last  \" ><div class=\"iconbox_content\"><header class=\"entry-content-header\"><div class=\"iconbox_icon heading-color \" aria-hidden='true' data-av_icon='\ue854' data-av_iconfont='entypo-fontello'  ><\/div><\/header><div class='iconbox_content_container  '  ><p>Informaci\u00f3n de contacto:<\/p>\n<h4><strong>Crane ChemPharmaFlow Solutions Xomox Spain<\/strong><\/h4>\n<p>c\/Platon, 6.1\u00b0,5 08021 Barcelona, Spain <strong>TEL <\/strong>+34 93-362 24 07 +34 91-781 30 87 <strong>FAX<\/strong>\u00a0+34 93-362 24 04 +34 91-781 30 88<\/p>\n<\/div><\/div><footer class=\"entry-footer\"><\/footer><\/article><\/p><\/div><div class=\"flex_column av_two_third  flex_column_div av-zero-column-padding   avia-builder-el-6  el_after_av_one_third  avia-builder-el-last  \" style='border-radius:0px; '><section class=\"av_textblock_section \" ><div class='avia_textblock  '  ><p><img loading=\"lazy\" decoding=\"async\" class=\"alignright wp-image-119275 size-full\" src=\"\/wp-content\/uploads\/DEPA_All_225x225-1.jpg\" alt=\"\" width=\"225\" height=\"225\" srcset=\"https:\/\/cranecpe.com\/wp-content\/uploads\/DEPA_All_225x225-1.jpg 225w, https:\/\/cranecpe.com\/wp-content\/uploads\/DEPA_All_225x225-1-80x80.jpg 80w, https:\/\/cranecpe.com\/wp-content\/uploads\/DEPA_All_225x225-1-36x36.jpg 36w, https:\/\/cranecpe.com\/wp-content\/uploads\/DEPA_All_225x225-1-180x180.jpg 180w\" sizes=\"(max-width: 225px) 100vw, 225px\" \/>Las Bombas Neum\u00e1ticas de Diafragma DEPA\u00ae son una marca l\u00edder de m\u00e1xima calidad en el mercado de bombas de desplazamiento positivo. Proporcionan m\u00e1xima fiabilidad, eficiencia y control al bombear todo tipo de l\u00edquidos y fluidos sensibles, pueden trabajar con productos viscosos y abrasivos, incluso en las condiciones m\u00e1s duras y las aplicaciones m\u00e1s exigentes. Las bombas DEPA son autocebantes y pueden funcionar en seco sin da\u00f1arse.\u00a0Son las \u00fanicas Bombas Neum\u00e1ticas de Diafragma con certificaci\u00f3n ATEX zona 0 en todo el mundo. Gracias a su dise\u00f1o modular, las bombas DEPA garantizan un m\u00ednimo n\u00famero de piezas por bomba reduciendo de forma importante el stock de piezas para mantenimiento. Todo ello conduce a unos periodos de mantenimiento muy reducidos. Por otro lado, su dise\u00f1o modular permite una gran flexibilidad a la hora de utilizar las bombas en otras aplicaciones.<\/p>\n<\/div><\/section><br \/>\n<section class=\"av_textblock_section \" ><div class='avia_textblock  '  ><table class=\"tableInfo\" border=\"0\" width=\"100%\" cellspacing=\"0\" cellpadding=\"0\">\n<tbody>\n<tr>\n<th>Literatura<\/th>\n<\/tr>\n<tr>\n<td><a href=\"\/wp-content\/uploads\/CPE-DEPA-OVERVIEW-BU-ES-A4-MX-2014_07_07_web-2.pdf\" target=\"_blank\" rel=\"noopener noreferrer\">DEPA\u00ae Bombas neum\u00e1ticas de doble diafragma DEPA\u00ae &#8211; Cat\u00e1logo (EMEA)<\/a><\/td>\n<\/tr>\n<tr>\n<td><a href=\"\/wp-content\/uploads\/DEPAS4DiaphragmFlyer-ES.pdf\" target=\"_blank\" rel=\"noopener noreferrer\">DEPA\u00ae Diafragma DEPA\u00ae S4 &#8211; Folleto informativo (EMEA)<\/a><\/td>\n<\/tr>\n<tr>\n<td><a href=\"\/wp-content\/uploads\/DEPAE4-datasheet_E.pdf\" target=\"_blank\" rel=\"noopener noreferrer\">El nuevo diafragma DEPA de PTFE con superficie E4<\/a><\/td>\n<\/tr>\n<\/tbody>\n<\/table>\n<table class=\"tableInfo\" border=\"0\" width=\"100%\" cellspacing=\"0\" cellpadding=\"0\">\n<tbody>\n<tr>\n<th>Manuales de instrucciones<\/th>\n<\/tr>\n<tr>\n<td><a href=\"\/wp-content\/uploads\/BA_DEPA_E_08_2015.pdf\" target=\"_blank\" rel=\"noopener noreferrer\">DEPA\u00ae Bombas neum\u00e1ticas de membrana &#8211; Instalaci\u00f3n, operaci\u00f3n y mantenimiento (EMEA)<\/a><\/td>\n<\/tr>\n<\/tbody>\n<\/table>\n<table class=\"tableInfo\" border=\"0\" width=\"100%\" cellspacing=\"0\" cellpadding=\"0\">\n<tbody>\n<tr>\n<th>Otros enlaces<\/th>\n<\/tr>\n<tr>\n<td><a href=\"\/wp-content\/uploads\/DEPAELRO_Declarationofharmlessness_GB.pdf\" target=\"_blank\" rel=\"noopener noreferrer\">DEPA\u00ae, ELRO\u00ae Declaraci\u00f3n de inocuidad<\/a><\/td>\n<\/tr>\n<tr>\n<td><a href=\"\/wp-content\/uploads\/CraneConformATEXDEPAM-P-L_english.pdf\" target=\"_blank\" rel=\"noopener noreferrer\">DEPA\u00ae &#8211; ATEX Certificate<\/a><\/td>\n<\/tr>\n<tr>\n<td><a href=\"\/wp-content\/uploads\/CraneFDAConformDEPAPTFE_english.pdf\" target=\"_blank\" rel=\"noopener noreferrer\">DEPA\u00ae FDA Certificate<\/a><\/td>\n<\/tr>\n<tr>\n<td><a href=\"\/wp-content\/uploads\/TNOEHEDGDEPAengl.pdf\" target=\"_blank\" rel=\"noopener noreferrer\">DEPA\u00ae EHEDG Certificate<\/a><\/td>\n<\/tr>\n<\/tbody>\n<\/table>\n<\/div><\/section><\/p><\/div><\/p>\n","protected":false},"excerpt":{"rendered":"","protected":false},"author":19,"featured_media":0,"parent":124075,"menu_order":0,"comment_status":"closed","ping_status":"closed","template":"","meta":{"_acf_changed":false,"footnotes":""},"acf":[],"yoast_head":"<!-- This site is optimized with the Yoast SEO Premium plugin v24.5 (Yoast SEO v24.5) - https:\/\/yoast.com\/wordpress\/plugins\/seo\/ -->\n<title>DEPA \/ SPANISH - CRANE ChemPharma &amp; Energy<\/title>\n<meta name=\"robots\" content=\"index, follow, max-snippet:-1, max-image-preview:large, max-video-preview:-1\" \/>\n<link rel=\"canonical\" href=\"https:\/\/cranecpe.com\/de\/brand\/depa-de\/depa-spanish\/\" \/>\n<meta property=\"og:locale\" content=\"de_DE\" \/>\n<meta property=\"og:type\" content=\"article\" \/>\n<meta property=\"og:title\" content=\"DEPA \/ SPANISH\" \/>\n<meta property=\"og:url\" content=\"https:\/\/cranecpe.com\/de\/brand\/depa-de\/depa-spanish\/\" \/>\n<meta property=\"og:site_name\" content=\"CRANE ChemPharma &amp; Energy\" \/>\n<meta property=\"article:modified_time\" content=\"2020-12-21T13:39:29+00:00\" \/>\n<meta property=\"og:image\" content=\"https:\/\/cranecpe.com\/wp-content\/uploads\/Logo-Yoast2.png\" \/>\n\t<meta property=\"og:image:width\" content=\"1058\" \/>\n\t<meta property=\"og:image:height\" content=\"567\" \/>\n\t<meta property=\"og:image:type\" content=\"image\/png\" \/>\n<meta name=\"twitter:card\" content=\"summary_large_image\" \/>\n<meta name=\"twitter:label1\" content=\"Gesch\u00e4tzte Lesezeit\" \/>\n\t<meta name=\"twitter:data1\" content=\"4\u00a0Minuten\" \/>\n<script type=\"application\/ld+json\" class=\"yoast-schema-graph\">{\"@context\":\"https:\/\/schema.org\",\"@graph\":[{\"@type\":\"WebPage\",\"@id\":\"https:\/\/cranecpe.com\/de\/brand\/depa-de\/depa-spanish\/\",\"url\":\"https:\/\/cranecpe.com\/de\/brand\/depa-de\/depa-spanish\/\",\"name\":\"DEPA \/ SPANISH - CRANE ChemPharma &amp; Energy\",\"isPartOf\":{\"@id\":\"https:\/\/cranecpe.com\/de\/#website\"},\"datePublished\":\"2020-11-12T20:31:47+00:00\",\"dateModified\":\"2020-12-21T13:39:29+00:00\",\"breadcrumb\":{\"@id\":\"https:\/\/cranecpe.com\/de\/brand\/depa-de\/depa-spanish\/#breadcrumb\"},\"inLanguage\":\"de\",\"potentialAction\":[{\"@type\":\"ReadAction\",\"target\":[\"https:\/\/cranecpe.com\/de\/brand\/depa-de\/depa-spanish\/\"]}]},{\"@type\":\"BreadcrumbList\",\"@id\":\"https:\/\/cranecpe.com\/de\/brand\/depa-de\/depa-spanish\/#breadcrumb\",\"itemListElement\":[{\"@type\":\"ListItem\",\"position\":1,\"name\":\"Home\",\"item\":\"https:\/\/cranecpe.com\/de\/home\/\"},{\"@type\":\"ListItem\",\"position\":2,\"name\":\"Marken\",\"item\":\"https:\/\/cranecpe.com\/de\/brand\/\"},{\"@type\":\"ListItem\",\"position\":3,\"name\":\"DEPA\",\"item\":\"https:\/\/cranecpe.com\/de\/brand\/depa-de\/\"},{\"@type\":\"ListItem\",\"position\":4,\"name\":\"DEPA \/ SPANISH\"}]},{\"@type\":\"WebSite\",\"@id\":\"https:\/\/cranecpe.com\/de\/#website\",\"url\":\"https:\/\/cranecpe.com\/de\/\",\"name\":\"CRANE ChemPharma & Energy\",\"description\":\"ChemPharma &amp; Energy\",\"publisher\":{\"@id\":\"https:\/\/cranecpe.com\/de\/#organization\"},\"potentialAction\":[{\"@type\":\"SearchAction\",\"target\":{\"@type\":\"EntryPoint\",\"urlTemplate\":\"https:\/\/cranecpe.com\/de\/?s={search_term_string}\"},\"query-input\":{\"@type\":\"PropertyValueSpecification\",\"valueRequired\":true,\"valueName\":\"search_term_string\"}}],\"inLanguage\":\"de\"},{\"@type\":\"Organization\",\"@id\":\"https:\/\/cranecpe.com\/de\/#organization\",\"name\":\"Crane ChemPharma & Energy\",\"alternateName\":\"Crane CPE\",\"url\":\"https:\/\/cranecpe.com\/de\/\",\"logo\":{\"@type\":\"ImageObject\",\"inLanguage\":\"de\",\"@id\":\"https:\/\/cranecpe.com\/de\/#\/schema\/logo\/image\/\",\"url\":\"https:\/\/cranecpe.com\/wp-content\/uploads\/Logo-Yoast-1.png\",\"contentUrl\":\"https:\/\/cranecpe.com\/wp-content\/uploads\/Logo-Yoast-1.png\",\"width\":696,\"height\":696,\"caption\":\"Crane ChemPharma & Energy\"},\"image\":{\"@id\":\"https:\/\/cranecpe.com\/de\/#\/schema\/logo\/image\/\"},\"sameAs\":[\"https:\/\/www.linkedin.com\/company\/crane-chempharma-energy\",\"https:\/\/vimeo.com\/user30117535\"],\"description\":\"CRANE ChemPharma & Energy designs and manufactures highly engineered products: check valves, sleeved plug valves, lined valves, process ball valves, high performance butterfly valves, bellows sealed globe valves, aseptic and industrial diaphragm valves, multi \/ quarter-turn valves, actuation, sight glasses, lined pipe, fittings and hoses, and air operated diaphragm and peristaltic pumps. Our trusted brands include ALOYCO\u00ae, BAUM\u00ae, CENTER LINE\u00ae, COMPAC-NOZ\u00ae, CRANE\u00ae, CRANE\u00ae CRYOGENICS, DEPA\u00ae & ELRO\u00ae, DOPAK\u00ae, DUO-CHEK\u00ae, FLOWSEAL\u00ae, GYROLOK\u00ae, GO REGULATOR\u00ae, HOKE\u00ae, JENKINS\u00ae, KROMBACH\u00ae, NOZ-CHEK\u00ae, PACIFIC VALVES\u00ae, RESISTOFLEX\u00ae, REVO\u00ae, SAUNDERS\u00ae, STOCKHAM\u00ae, TEXAS SAMPLING\u00ae, TRIANGLE\u00ae, UNI-CHEK\u00ae, VALVES\u00ae, WESTLOCK CONTROLS\u00ae, WTA\u00ae, and XOMOX\u00ae offer customers a complete and innovative portfolio, designed for the most demanding applications - chemical processing, biotechnology, pharmaceutical, oil and gas, refining and power generation. For more information please visit: www.cranecpe.com, www.craneco.com\",\"legalName\":\"Crane ChemPharma & Energy\"}]}<\/script>\n<!-- \/ Yoast SEO Premium plugin. -->","yoast_head_json":{"title":"DEPA \/ SPANISH - CRANE ChemPharma &amp; Energy","robots":{"index":"index","follow":"follow","max-snippet":"max-snippet:-1","max-image-preview":"max-image-preview:large","max-video-preview":"max-video-preview:-1"},"canonical":"https:\/\/cranecpe.com\/de\/brand\/depa-de\/depa-spanish\/","og_locale":"de_DE","og_type":"article","og_title":"DEPA \/ SPANISH","og_url":"https:\/\/cranecpe.com\/de\/brand\/depa-de\/depa-spanish\/","og_site_name":"CRANE ChemPharma &amp; Energy","article_modified_time":"2020-12-21T13:39:29+00:00","og_image":[{"width":1058,"height":567,"url":"https:\/\/cranecpe.com\/wp-content\/uploads\/Logo-Yoast2.png","type":"image\/png"}],"twitter_card":"summary_large_image","twitter_misc":{"Gesch\u00e4tzte Lesezeit":"4\u00a0Minuten"},"schema":{"@context":"https:\/\/schema.org","@graph":[{"@type":"WebPage","@id":"https:\/\/cranecpe.com\/de\/brand\/depa-de\/depa-spanish\/","url":"https:\/\/cranecpe.com\/de\/brand\/depa-de\/depa-spanish\/","name":"DEPA \/ SPANISH - CRANE ChemPharma &amp; Energy","isPartOf":{"@id":"https:\/\/cranecpe.com\/de\/#website"},"datePublished":"2020-11-12T20:31:47+00:00","dateModified":"2020-12-21T13:39:29+00:00","breadcrumb":{"@id":"https:\/\/cranecpe.com\/de\/brand\/depa-de\/depa-spanish\/#breadcrumb"},"inLanguage":"de","potentialAction":[{"@type":"ReadAction","target":["https:\/\/cranecpe.com\/de\/brand\/depa-de\/depa-spanish\/"]}]},{"@type":"BreadcrumbList","@id":"https:\/\/cranecpe.com\/de\/brand\/depa-de\/depa-spanish\/#breadcrumb","itemListElement":[{"@type":"ListItem","position":1,"name":"Home","item":"https:\/\/cranecpe.com\/de\/home\/"},{"@type":"ListItem","position":2,"name":"Marken","item":"https:\/\/cranecpe.com\/de\/brand\/"},{"@type":"ListItem","position":3,"name":"DEPA","item":"https:\/\/cranecpe.com\/de\/brand\/depa-de\/"},{"@type":"ListItem","position":4,"name":"DEPA \/ SPANISH"}]},{"@type":"WebSite","@id":"https:\/\/cranecpe.com\/de\/#website","url":"https:\/\/cranecpe.com\/de\/","name":"CRANE ChemPharma & Energy","description":"ChemPharma &amp; Energy","publisher":{"@id":"https:\/\/cranecpe.com\/de\/#organization"},"potentialAction":[{"@type":"SearchAction","target":{"@type":"EntryPoint","urlTemplate":"https:\/\/cranecpe.com\/de\/?s={search_term_string}"},"query-input":{"@type":"PropertyValueSpecification","valueRequired":true,"valueName":"search_term_string"}}],"inLanguage":"de"},{"@type":"Organization","@id":"https:\/\/cranecpe.com\/de\/#organization","name":"Crane ChemPharma & Energy","alternateName":"Crane CPE","url":"https:\/\/cranecpe.com\/de\/","logo":{"@type":"ImageObject","inLanguage":"de","@id":"https:\/\/cranecpe.com\/de\/#\/schema\/logo\/image\/","url":"https:\/\/cranecpe.com\/wp-content\/uploads\/Logo-Yoast-1.png","contentUrl":"https:\/\/cranecpe.com\/wp-content\/uploads\/Logo-Yoast-1.png","width":696,"height":696,"caption":"Crane ChemPharma & Energy"},"image":{"@id":"https:\/\/cranecpe.com\/de\/#\/schema\/logo\/image\/"},"sameAs":["https:\/\/www.linkedin.com\/company\/crane-chempharma-energy","https:\/\/vimeo.com\/user30117535"],"description":"CRANE ChemPharma & Energy designs and manufactures highly engineered products: check valves, sleeved plug valves, lined valves, process ball valves, high performance butterfly valves, bellows sealed globe valves, aseptic and industrial diaphragm valves, multi \/ quarter-turn valves, actuation, sight glasses, lined pipe, fittings and hoses, and air operated diaphragm and peristaltic pumps. Our trusted brands include ALOYCO\u00ae, BAUM\u00ae, CENTER LINE\u00ae, COMPAC-NOZ\u00ae, CRANE\u00ae, CRANE\u00ae CRYOGENICS, DEPA\u00ae & ELRO\u00ae, DOPAK\u00ae, DUO-CHEK\u00ae, FLOWSEAL\u00ae, GYROLOK\u00ae, GO REGULATOR\u00ae, HOKE\u00ae, JENKINS\u00ae, KROMBACH\u00ae, NOZ-CHEK\u00ae, PACIFIC VALVES\u00ae, RESISTOFLEX\u00ae, REVO\u00ae, SAUNDERS\u00ae, STOCKHAM\u00ae, TEXAS SAMPLING\u00ae, TRIANGLE\u00ae, UNI-CHEK\u00ae, VALVES\u00ae, WESTLOCK CONTROLS\u00ae, WTA\u00ae, and XOMOX\u00ae offer customers a complete and innovative portfolio, designed for the most demanding applications - chemical processing, biotechnology, pharmaceutical, oil and gas, refining and power generation. For more information please visit: www.cranecpe.com, www.craneco.com","legalName":"Crane ChemPharma & Energy"}]}},"_links":{"self":[{"href":"https:\/\/cranecpe.com\/de\/wp-json\/wp\/v2\/pages\/124200"}],"collection":[{"href":"https:\/\/cranecpe.com\/de\/wp-json\/wp\/v2\/pages"}],"about":[{"href":"https:\/\/cranecpe.com\/de\/wp-json\/wp\/v2\/types\/page"}],"author":[{"embeddable":true,"href":"https:\/\/cranecpe.com\/de\/wp-json\/wp\/v2\/users\/19"}],"replies":[{"embeddable":true,"href":"https:\/\/cranecpe.com\/de\/wp-json\/wp\/v2\/comments?post=124200"}],"version-history":[{"count":4,"href":"https:\/\/cranecpe.com\/de\/wp-json\/wp\/v2\/pages\/124200\/revisions"}],"predecessor-version":[{"id":255881,"href":"https:\/\/cranecpe.com\/de\/wp-json\/wp\/v2\/pages\/124200\/revisions\/255881"}],"up":[{"embeddable":true,"href":"https:\/\/cranecpe.com\/de\/wp-json\/wp\/v2\/pages\/124075"}],"wp:attachment":[{"href":"https:\/\/cranecpe.com\/de\/wp-json\/wp\/v2\/media?parent=124200"}],"curies":[{"name":"wp","href":"https:\/\/api.w.org\/{rel}","templated":true}]}}