{"id":124089,"date":"2020-11-12T14:55:48","date_gmt":"2020-11-12T19:55:48","guid":{"rendered":"http:\/\/cranecpe.knowledge4you.ca\/brand\/depa-de\/depa-french\/"},"modified":"2020-12-21T08:37:58","modified_gmt":"2020-12-21T13:37:58","slug":"depa-french","status":"publish","type":"page","link":"https:\/\/cranecpe.com\/de\/brand\/depa-de\/depa-french\/","title":{"rendered":"DEPA \/ FRENCH"},"content":{"rendered":"<div  style='padding-bottom:15px; margin:0 0 0 0; ' class='av-special-heading av-special-heading-h1  blockquote modern-quote  avia-builder-el-0  el_before_av_one_third  avia-builder-el-first  '><h1 class='av-special-heading-tag '  >Pompes pneumatiques \u00e0 membranes DEPA\u00ae<\/h1><div class='special-heading-border'><div class='special-heading-inner-border' ><\/div><\/div><\/div>\n<div class=\"flex_column av_one_third  flex_column_div av-zero-column-padding first  avia-builder-el-1  el_after_av_heading  el_before_av_two_third  \" style='border-radius:0px; '><p><section class=\"av_textblock_section \" ><div class='avia_textblock  '  ><p><img loading=\"lazy\" decoding=\"async\" class=\"aligncenter size-full wp-image-13838\" style=\"border: 1px solid #ddd;\" src=\"\/wp-content\/uploads\/depa-1.png\" alt=\"\" width=\"225\" height=\"89\" \/><\/p>\n<\/div><\/section><br \/>\n<div  class='avia-button-wrap avia-button-center  avia-builder-el-3  el_after_av_textblock  el_before_av_hr ' ><a href='\/de\/wenden-sie-sich-an-den-vertrieb\/?frmlang=fr_FR'  class='avia-button av-icon-on-hover  avia-icon_select-yes-left-icon avia-color-theme-color avia-size-small avia-position-center '   ><span class='avia_button_icon avia_button_icon_left ' aria-hidden='true' data-av_icon='\ue805' data-av_iconfont='entypo-fontello'><\/span><span class='avia_iconbox_title' >Envoyer moi offer<\/span><\/a><\/div><br \/>\n<div  style='height:24px' class='hr hr-invisible   avia-builder-el-4  el_after_av_button  el_before_av_icon_box '><span class='hr-inner ' ><span class='hr-inner-style'><\/span><\/span><\/div><br \/>\n<article  class=\"iconbox iconbox_top main_color    avia-builder-el-5  el_after_av_hr  avia-builder-el-last  \" ><div class=\"iconbox_content\"><header class=\"entry-content-header\"><div class=\"iconbox_icon heading-color \" aria-hidden='true' data-av_icon='\ue854' data-av_iconfont='entypo-fontello'  ><\/div><\/header><div class='iconbox_content_container  '  ><p>Coordonn\u00e9es:<\/p>\n<h4><strong>Crane Process Flow Technologies SPRL\/BV<\/strong><\/h4>\n<p>Avenue Franklin No. 1 Wavre, B-1300, Belgium <strong>TEL<\/strong> +32-10-8184-44 <strong>FAX<\/strong> +32-10-8184-58 Pour tout renseignement concernant DEPA\u00ae en France:<\/p>\n<h4><strong>MESA SAS<\/strong><\/h4>\n<p>37 rue H\u00e9l\u00e8ne Muller 94320 Thiais France <strong>T\u00e9l.<\/strong> +33 (0) 1 77 01 84 40 <strong>Fax<\/strong> + 33 (0) 1 58 42 66 50 <strong>Email<\/strong> <a href=\"mailto:fl@mesa.fr\">fl@mesa.fr<\/a> <strong>Website<\/strong> <a href=\"www.mesa.fr\" target=\"_blank\" rel=\"noopener noreferrer\">www.mesa.fr<\/a> <strong>TEL<\/strong> +33155480900 <strong>FAX<\/strong> +33147357954 <strong>EMAIL<\/strong> <a href=\"mailto:pumps@cranecpe.com\">pumps@cranecpe.com<\/a> <strong>WEBSITE<\/strong> <a href=\"www.mesa.fr\" target=\"_blank\" rel=\"noopener noreferrer\">www.mesa.fr<\/a><\/p>\n<\/div><\/div><footer class=\"entry-footer\"><\/footer><\/article><\/p><\/div><div class=\"flex_column av_two_third  flex_column_div av-zero-column-padding   avia-builder-el-6  el_after_av_one_third  avia-builder-el-last  \" style='border-radius:0px; '><section class=\"av_textblock_section \" ><div class='avia_textblock  '  ><p><img loading=\"lazy\" decoding=\"async\" class=\"alignright wp-image-119275 size-full\" src=\"\/wp-content\/uploads\/DEPA_All_225x225-1.jpg\" alt=\"\" width=\"225\" height=\"225\" srcset=\"https:\/\/cranecpe.com\/wp-content\/uploads\/DEPA_All_225x225-1.jpg 225w, https:\/\/cranecpe.com\/wp-content\/uploads\/DEPA_All_225x225-1-80x80.jpg 80w, https:\/\/cranecpe.com\/wp-content\/uploads\/DEPA_All_225x225-1-36x36.jpg 36w, https:\/\/cranecpe.com\/wp-content\/uploads\/DEPA_All_225x225-1-180x180.jpg 180w\" sizes=\"auto, (max-width: 225px) 100vw, 225px\" \/>Pompes pneumatiques \u00e0 membranes DEPA\u00ae sont l\u2019une des toutes premi\u00e8res marques mondiales de pompes volum\u00e9triques de haute qualit\u00e9 au monde.<\/p>\n<p align=\"left\">Elles offrent fiabilit\u00e9, efficacit\u00e9 et contr\u00f4le du transfert pour\u00a0toutes les\u00a0mati\u00e8res\u00a0liquides ou sensibles au cisaillement. Elles sont particuli\u00e8rement bien adapt\u00e9es pour les produits visqueux et abrasifs, et travaillent souvent sur des applications \u00a0tr\u00e8s exigeantes et dans les conditions les plus rudes.<\/p>\n<p align=\"left\">Les pompes DEPA sont auto-amor\u00e7antes et peuvent fonctionner \u00e0 sec sans \u00eatre endommag\u00e9es. Ce sont les seules pompes pneumatiques \u00e0 membranes au monde \u00e0 poss\u00e9der le certificat de conformit\u00e9 ATEX zone 0. Con\u00e7ues\u00a0de fa\u00e7on\u00a0modulaire, les pompes DEPA garantissent un nombre de pi\u00e8ces\u00a0minimum r\u00e9duisant ainsi la\u00a0gestion des stocks\u00a0et\u00a0\u00a0se traduisant\u00a0par des temps d\u2019arr\u00eats\u00a0courts et des co\u00fbts de maintenance faibles. De plus,\u00a0cette\u00a0conception permet\u00a0\u00e9galement\u00a0une certaine flexibilit\u00e9 pour utiliser les pompes dans d\u2019autres applications.<\/p>\n<\/div><\/section><br \/>\n<section class=\"av_textblock_section \" ><div class='avia_textblock  '  ><table class=\"tableInfo\" border=\"0\" width=\"100%\" cellspacing=\"0\" cellpadding=\"0\">\n<tbody>\n<tr>\n<th>Documentation:<\/th>\n<\/tr>\n<tr>\n<td><a href=\"\/wp-content\/uploads\/CPE-DEPA-OVERVIEW-BU-FR-A4-MX-2014_07_07_web-2.pdf\" target=\"_blank\" rel=\"noopener noreferrer\">DEPA\u00ae Pompes pneumatiques \u00e0 double membrane &#8211; Brochures (EMEA)<\/a><\/td>\n<\/tr>\n<tr>\n<td><a href=\"\/wp-content\/uploads\/DEPAS4DiapragmFlyer-FR.pdf\" target=\"_blank\" rel=\"noopener noreferrer\">DEPA\u00ae Membrane \u00e0 surface perl\u00e9e S4 DEPA\u00ae &#8211; Prospectus (EMEA)<\/a><\/td>\n<\/tr>\n<tr>\n<td><a href=\"\/wp-content\/uploads\/DEPAE4-datasheet_F.pdf\" target=\"_blank\" rel=\"noopener noreferrer\">DEPA\u00ae E<sup>4<\/sup>\u00a0avec rev\u00eatement noppedE<sup>4<\/sup><\/a><\/td>\n<\/tr>\n<\/tbody>\n<\/table>\n<table class=\"tableInfo\" border=\"0\" width=\"100%\" cellspacing=\"0\" cellpadding=\"0\">\n<tbody>\n<tr>\n<th>Manuels d\u2019utilisation<\/th>\n<\/tr>\n<tr>\n<td><a href=\"\/wp-content\/uploads\/BA_DEPA_F_08_2015.pdf\" target=\"_blank\" rel=\"noopener noreferrer\">DEPA\u00ae Pompes pneumatiques \u00e0 membranes &#8211; Installation, utilisation et entretien (EMEA)<\/a><\/td>\n<\/tr>\n<\/tbody>\n<\/table>\n<table class=\"tableInfo\" border=\"0\" width=\"100%\" cellspacing=\"0\" cellpadding=\"0\">\n<tbody>\n<tr>\n<th>Certificats<\/th>\n<\/tr>\n<tr>\n<td><a href=\"\/wp-content\/uploads\/DEPAELRO_Declarationofharmlessness_GB.pdf\" target=\"_blank\" rel=\"noopener noreferrer\">D\u00e9claration d\u2019innocuit\u00e9<\/a><\/td>\n<\/tr>\n<tr>\n<td><a href=\"\/wp-content\/uploads\/CraneConformATEXDEPAM-P-L_english.pdf\" target=\"_blank\" rel=\"noopener noreferrer\">DEPA\u00ae &#8211; ATEX Cerificate<\/a><\/td>\n<\/tr>\n<tr>\n<td><a href=\"\/wp-content\/uploads\/CraneFDAConformDEPAPTFE_english.pdf\" target=\"_blank\" rel=\"noopener noreferrer\">DEPA\u00ae FDA Certificate<\/a><\/td>\n<\/tr>\n<tr>\n<td><a href=\"\/wp-content\/uploads\/TNOEHEDGDEPAengl.pdf\" target=\"_blank\" rel=\"noopener noreferrer\">DEPA\u00ae TNO EHEDG Certificate<\/a><\/td>\n<\/tr>\n<\/tbody>\n<\/table>\n<\/div><\/section><\/p><\/div><\/p>\n","protected":false},"excerpt":{"rendered":"","protected":false},"author":19,"featured_media":0,"parent":124075,"menu_order":0,"comment_status":"closed","ping_status":"closed","template":"","meta":{"_acf_changed":false,"footnotes":""},"class_list":["post-124089","page","type-page","status-publish","hentry"],"acf":[],"yoast_head":"<!-- This site is optimized with the Yoast SEO Premium plugin v27.4 (Yoast SEO v27.4) - https:\/\/yoast.com\/product\/yoast-seo-premium-wordpress\/ -->\n<title>DEPA \/ FRENCH - CRANE ChemPharma &amp; Energy<\/title>\n<meta name=\"robots\" content=\"index, follow, max-snippet:-1, max-image-preview:large, max-video-preview:-1\" \/>\n<link rel=\"canonical\" href=\"https:\/\/cranecpe.com\/de\/brand\/depa-de\/depa-french\/\" \/>\n<meta property=\"og:locale\" content=\"de_DE\" \/>\n<meta property=\"og:type\" content=\"article\" \/>\n<meta property=\"og:title\" content=\"DEPA \/ FRENCH\" \/>\n<meta property=\"og:url\" content=\"https:\/\/cranecpe.com\/de\/brand\/depa-de\/depa-french\/\" \/>\n<meta property=\"og:site_name\" content=\"CRANE ChemPharma &amp; Energy\" \/>\n<meta property=\"article:modified_time\" content=\"2020-12-21T13:37:58+00:00\" \/>\n<meta property=\"og:image\" content=\"https:\/\/cranecpe.com\/wp-content\/uploads\/Logo-Yoast2.png\" \/>\n\t<meta property=\"og:image:width\" content=\"1058\" \/>\n\t<meta property=\"og:image:height\" content=\"567\" \/>\n\t<meta property=\"og:image:type\" content=\"image\/png\" \/>\n<meta name=\"twitter:card\" content=\"summary_large_image\" \/>\n<meta name=\"twitter:label1\" content=\"Gesch\u00e4tzte Lesezeit\" \/>\n\t<meta name=\"twitter:data1\" content=\"4\u00a0Minuten\" \/>\n<script type=\"application\/ld+json\" class=\"yoast-schema-graph\">{\"@context\":\"https:\\\/\\\/schema.org\",\"@graph\":[{\"@type\":\"WebPage\",\"@id\":\"https:\\\/\\\/cranecpe.com\\\/de\\\/brand\\\/depa-de\\\/depa-french\\\/\",\"url\":\"https:\\\/\\\/cranecpe.com\\\/de\\\/brand\\\/depa-de\\\/depa-french\\\/\",\"name\":\"DEPA \\\/ FRENCH - CRANE ChemPharma &amp; Energy\",\"isPartOf\":{\"@id\":\"https:\\\/\\\/cranecpe.com\\\/de\\\/#website\"},\"datePublished\":\"2020-11-12T19:55:48+00:00\",\"dateModified\":\"2020-12-21T13:37:58+00:00\",\"breadcrumb\":{\"@id\":\"https:\\\/\\\/cranecpe.com\\\/de\\\/brand\\\/depa-de\\\/depa-french\\\/#breadcrumb\"},\"inLanguage\":\"de\",\"potentialAction\":[{\"@type\":\"ReadAction\",\"target\":[\"https:\\\/\\\/cranecpe.com\\\/de\\\/brand\\\/depa-de\\\/depa-french\\\/\"]}]},{\"@type\":\"BreadcrumbList\",\"@id\":\"https:\\\/\\\/cranecpe.com\\\/de\\\/brand\\\/depa-de\\\/depa-french\\\/#breadcrumb\",\"itemListElement\":[{\"@type\":\"ListItem\",\"position\":1,\"name\":\"Home\",\"item\":\"https:\\\/\\\/cranecpe.com\\\/de\\\/home\\\/\"},{\"@type\":\"ListItem\",\"position\":2,\"name\":\"Marken\",\"item\":\"https:\\\/\\\/cranecpe.com\\\/de\\\/brand\\\/\"},{\"@type\":\"ListItem\",\"position\":3,\"name\":\"DEPA\",\"item\":\"https:\\\/\\\/cranecpe.com\\\/de\\\/brand\\\/depa-de\\\/\"},{\"@type\":\"ListItem\",\"position\":4,\"name\":\"DEPA \\\/ FRENCH\"}]},{\"@type\":\"WebSite\",\"@id\":\"https:\\\/\\\/cranecpe.com\\\/de\\\/#website\",\"url\":\"https:\\\/\\\/cranecpe.com\\\/de\\\/\",\"name\":\"CRANE ChemPharma & Energy\",\"description\":\"ChemPharma &amp; Energy\",\"publisher\":{\"@id\":\"https:\\\/\\\/cranecpe.com\\\/de\\\/#organization\"},\"potentialAction\":[{\"@type\":\"SearchAction\",\"target\":{\"@type\":\"EntryPoint\",\"urlTemplate\":\"https:\\\/\\\/cranecpe.com\\\/de\\\/?s={search_term_string}\"},\"query-input\":{\"@type\":\"PropertyValueSpecification\",\"valueRequired\":true,\"valueName\":\"search_term_string\"}}],\"inLanguage\":\"de\"},{\"@type\":\"Organization\",\"@id\":\"https:\\\/\\\/cranecpe.com\\\/de\\\/#organization\",\"name\":\"Crane ChemPharma & Energy\",\"alternateName\":\"Crane CPE\",\"url\":\"https:\\\/\\\/cranecpe.com\\\/de\\\/\",\"logo\":{\"@type\":\"ImageObject\",\"inLanguage\":\"de\",\"@id\":\"https:\\\/\\\/cranecpe.com\\\/de\\\/#\\\/schema\\\/logo\\\/image\\\/\",\"url\":\"https:\\\/\\\/cranecpe.com\\\/wp-content\\\/uploads\\\/Logo-Yoast-1.png\",\"contentUrl\":\"https:\\\/\\\/cranecpe.com\\\/wp-content\\\/uploads\\\/Logo-Yoast-1.png\",\"width\":696,\"height\":696,\"caption\":\"Crane ChemPharma & Energy\"},\"image\":{\"@id\":\"https:\\\/\\\/cranecpe.com\\\/de\\\/#\\\/schema\\\/logo\\\/image\\\/\"},\"sameAs\":[\"https:\\\/\\\/www.linkedin.com\\\/company\\\/crane-chempharma-energy\",\"https:\\\/\\\/vimeo.com\\\/user30117535\"],\"description\":\"CRANE ChemPharma & Energy designs and manufactures highly engineered products: check valves, sleeved plug valves, lined valves, process ball valves, high performance butterfly valves, bellows sealed globe valves, aseptic and industrial diaphragm valves, multi \\\/ quarter-turn valves, actuation, sight glasses, lined pipe, fittings and hoses, and air operated diaphragm and peristaltic pumps. Our trusted brands include ALOYCO\u00ae, BAUM\u00ae, CENTER LINE\u00ae, COMPAC-NOZ\u00ae, CRANE\u00ae, CRANE\u00ae CRYOGENICS, DEPA\u00ae & ELRO\u00ae, DOPAK\u00ae, DUO-CHEK\u00ae, FLOWSEAL\u00ae, GYROLOK\u00ae, GO REGULATOR\u00ae, HOKE\u00ae, JENKINS\u00ae, KROMBACH\u00ae, NOZ-CHEK\u00ae, PACIFIC VALVES\u00ae, RESISTOFLEX\u00ae, REVO\u00ae, SAUNDERS\u00ae, STOCKHAM\u00ae, TEXAS SAMPLING\u00ae, TRIANGLE\u00ae, UNI-CHEK\u00ae, VALVES\u00ae, WESTLOCK CONTROLS\u00ae, WTA\u00ae, and XOMOX\u00ae offer customers a complete and innovative portfolio, designed for the most demanding applications - chemical processing, biotechnology, pharmaceutical, oil and gas, refining and power generation. For more information please visit: www.cranecpe.com, www.craneco.com\",\"legalName\":\"Crane ChemPharma & Energy\"}]}<\/script>\n<!-- \/ Yoast SEO Premium plugin. -->","yoast_head_json":{"title":"DEPA \/ FRENCH - CRANE ChemPharma &amp; Energy","robots":{"index":"index","follow":"follow","max-snippet":"max-snippet:-1","max-image-preview":"max-image-preview:large","max-video-preview":"max-video-preview:-1"},"canonical":"https:\/\/cranecpe.com\/de\/brand\/depa-de\/depa-french\/","og_locale":"de_DE","og_type":"article","og_title":"DEPA \/ FRENCH","og_url":"https:\/\/cranecpe.com\/de\/brand\/depa-de\/depa-french\/","og_site_name":"CRANE ChemPharma &amp; Energy","article_modified_time":"2020-12-21T13:37:58+00:00","og_image":[{"width":1058,"height":567,"url":"https:\/\/cranecpe.com\/wp-content\/uploads\/Logo-Yoast2.png","type":"image\/png"}],"twitter_card":"summary_large_image","twitter_misc":{"Gesch\u00e4tzte Lesezeit":"4\u00a0Minuten"},"schema":{"@context":"https:\/\/schema.org","@graph":[{"@type":"WebPage","@id":"https:\/\/cranecpe.com\/de\/brand\/depa-de\/depa-french\/","url":"https:\/\/cranecpe.com\/de\/brand\/depa-de\/depa-french\/","name":"DEPA \/ FRENCH - CRANE ChemPharma &amp; Energy","isPartOf":{"@id":"https:\/\/cranecpe.com\/de\/#website"},"datePublished":"2020-11-12T19:55:48+00:00","dateModified":"2020-12-21T13:37:58+00:00","breadcrumb":{"@id":"https:\/\/cranecpe.com\/de\/brand\/depa-de\/depa-french\/#breadcrumb"},"inLanguage":"de","potentialAction":[{"@type":"ReadAction","target":["https:\/\/cranecpe.com\/de\/brand\/depa-de\/depa-french\/"]}]},{"@type":"BreadcrumbList","@id":"https:\/\/cranecpe.com\/de\/brand\/depa-de\/depa-french\/#breadcrumb","itemListElement":[{"@type":"ListItem","position":1,"name":"Home","item":"https:\/\/cranecpe.com\/de\/home\/"},{"@type":"ListItem","position":2,"name":"Marken","item":"https:\/\/cranecpe.com\/de\/brand\/"},{"@type":"ListItem","position":3,"name":"DEPA","item":"https:\/\/cranecpe.com\/de\/brand\/depa-de\/"},{"@type":"ListItem","position":4,"name":"DEPA \/ FRENCH"}]},{"@type":"WebSite","@id":"https:\/\/cranecpe.com\/de\/#website","url":"https:\/\/cranecpe.com\/de\/","name":"CRANE ChemPharma & Energy","description":"ChemPharma &amp; Energy","publisher":{"@id":"https:\/\/cranecpe.com\/de\/#organization"},"potentialAction":[{"@type":"SearchAction","target":{"@type":"EntryPoint","urlTemplate":"https:\/\/cranecpe.com\/de\/?s={search_term_string}"},"query-input":{"@type":"PropertyValueSpecification","valueRequired":true,"valueName":"search_term_string"}}],"inLanguage":"de"},{"@type":"Organization","@id":"https:\/\/cranecpe.com\/de\/#organization","name":"Crane ChemPharma & Energy","alternateName":"Crane CPE","url":"https:\/\/cranecpe.com\/de\/","logo":{"@type":"ImageObject","inLanguage":"de","@id":"https:\/\/cranecpe.com\/de\/#\/schema\/logo\/image\/","url":"https:\/\/cranecpe.com\/wp-content\/uploads\/Logo-Yoast-1.png","contentUrl":"https:\/\/cranecpe.com\/wp-content\/uploads\/Logo-Yoast-1.png","width":696,"height":696,"caption":"Crane ChemPharma & Energy"},"image":{"@id":"https:\/\/cranecpe.com\/de\/#\/schema\/logo\/image\/"},"sameAs":["https:\/\/www.linkedin.com\/company\/crane-chempharma-energy","https:\/\/vimeo.com\/user30117535"],"description":"CRANE ChemPharma & Energy designs and manufactures highly engineered products: check valves, sleeved plug valves, lined valves, process ball valves, high performance butterfly valves, bellows sealed globe valves, aseptic and industrial diaphragm valves, multi \/ quarter-turn valves, actuation, sight glasses, lined pipe, fittings and hoses, and air operated diaphragm and peristaltic pumps. Our trusted brands include ALOYCO\u00ae, BAUM\u00ae, CENTER LINE\u00ae, COMPAC-NOZ\u00ae, CRANE\u00ae, CRANE\u00ae CRYOGENICS, DEPA\u00ae & ELRO\u00ae, DOPAK\u00ae, DUO-CHEK\u00ae, FLOWSEAL\u00ae, GYROLOK\u00ae, GO REGULATOR\u00ae, HOKE\u00ae, JENKINS\u00ae, KROMBACH\u00ae, NOZ-CHEK\u00ae, PACIFIC VALVES\u00ae, RESISTOFLEX\u00ae, REVO\u00ae, SAUNDERS\u00ae, STOCKHAM\u00ae, TEXAS SAMPLING\u00ae, TRIANGLE\u00ae, UNI-CHEK\u00ae, VALVES\u00ae, WESTLOCK CONTROLS\u00ae, WTA\u00ae, and XOMOX\u00ae offer customers a complete and innovative portfolio, designed for the most demanding applications - chemical processing, biotechnology, pharmaceutical, oil and gas, refining and power generation. For more information please visit: www.cranecpe.com, www.craneco.com","legalName":"Crane ChemPharma & Energy"}]}},"_links":{"self":[{"href":"https:\/\/cranecpe.com\/de\/wp-json\/wp\/v2\/pages\/124089","targetHints":{"allow":["GET"]}}],"collection":[{"href":"https:\/\/cranecpe.com\/de\/wp-json\/wp\/v2\/pages"}],"about":[{"href":"https:\/\/cranecpe.com\/de\/wp-json\/wp\/v2\/types\/page"}],"author":[{"embeddable":true,"href":"https:\/\/cranecpe.com\/de\/wp-json\/wp\/v2\/users\/19"}],"replies":[{"embeddable":true,"href":"https:\/\/cranecpe.com\/de\/wp-json\/wp\/v2\/comments?post=124089"}],"version-history":[{"count":5,"href":"https:\/\/cranecpe.com\/de\/wp-json\/wp\/v2\/pages\/124089\/revisions"}],"predecessor-version":[{"id":255875,"href":"https:\/\/cranecpe.com\/de\/wp-json\/wp\/v2\/pages\/124089\/revisions\/255875"}],"up":[{"embeddable":true,"href":"https:\/\/cranecpe.com\/de\/wp-json\/wp\/v2\/pages\/124075"}],"wp:attachment":[{"href":"https:\/\/cranecpe.com\/de\/wp-json\/wp\/v2\/media?parent=124089"}],"curies":[{"name":"wp","href":"https:\/\/api.w.org\/{rel}","templated":true}]}}