{"id":119070,"date":"2020-11-05T13:31:22","date_gmt":"2020-11-05T18:31:22","guid":{"rendered":"https:\/\/cpestatic.azurewebsites.net\/loesungen\/pharmazeutische-anwendungen\/api-loesungen\/resistopure-silicone-and-ptfe-pharma-hoses\/"},"modified":"2020-11-05T13:34:31","modified_gmt":"2020-11-05T18:34:31","slug":"resistopure-silicone-and-ptfe-pharma-hoses","status":"publish","type":"page","link":"https:\/\/cranecpe.com\/de\/loesungen\/pharmazeutische-anwendungen\/api-loesungen\/resistopure-silicone-and-ptfe-pharma-hoses\/","title":{"rendered":"ResistoPure\u00ae Silicone and PTFE Pharma Hoses"},"content":{"rendered":"<div  style='padding-bottom:15px; margin:0 0 0 0; ' class='av-special-heading av-special-heading-h1  blockquote modern-quote  avia-builder-el-0  el_before_av_one_full  avia-builder-el-first  '><h1 class='av-special-heading-tag '  >ResistoPure\u00ae Silicone and PTFE Pharma Hoses<\/h1><div class='special-heading-border'><div class='special-heading-inner-border' ><\/div><\/div><\/div>\n<div class=\"flex_column av_one_full  flex_column_div av-zero-column-padding first  avia-builder-el-1  el_after_av_heading  el_before_av_one_third  \" style='border-radius:0px; '><section class=\"av_textblock_section \" ><div class='avia_textblock  '  ><p>ResistoPure hose assemblies are commonly selected for use in a wide variety of pharmaceutical operations requiring flexible piping connections.\u00a0 These often include bulk vessel and tank transfers, skid transfers, bioreactor process lines, and load cells.<\/p>\n<p>ResistoPure uses Teflon\u00ae brand PTFE and platinum cured silicone that meet or exceed industry specific requirements for materials of construction and design.\u00a0 Silicone is often selected for its light weight and easy to flex properties but may not provide adequate service life in steam sterilizing applications.\u00a0 Hoses lined with Teflon\u00ae brand PTFE are also commonly selected for similar applications with superior performance in steam service, but may be heavier and more difficult to flex compared to silicone.\u00a0 ResistoPure offers Stratus\u2122 hose assemblies lined with Teflon\u00ae brand PTFE that combine the flexibility of silicone with the versatility of Teflon\u00ae brand PTFE.<\/p>\n<p><span style=\"font-size: xx-small;\">Teflon\u00ae is a trademark of DuPont. Only DuPont makes Teflon\u00ae.<\/span><\/p>\n<\/div><\/section><\/div>\n<div class=\"flex_column av_one_third  flex_column_div av-zero-column-padding avia-link-column av-column-link first  avia-builder-el-3  el_after_av_one_full  el_before_av_one_third  column-top-margin\" style='border-radius:0px; ' data-link-column-url=\"#\" ><a class=\"av-screen-reader-only\" href=# >Folgen Sie einem manuell hinzugef\u00fcgten Link<\/a><p><div  class='avia-image-container  av-styling-    avia-builder-el-4  el_before_av_textblock  avia-builder-el-first  avia-align-center '  ><div class='avia-image-container-inner'><div class='avia-image-overlay-wrap'><img class='avia_image' src='https:\/\/cranecpe.com\/wp-content\/uploads\/RESISTOPURE-Type-SIW.jpg' alt='' title='RESISTOPURE-Type-SIW' height=\"562\" width=\"1000\"  \/><\/div><\/div><\/div><br \/>\n<section class=\"av_textblock_section \" ><div class='avia_textblock  '  ><div class=\"prodCraneTitle\">\n<h4>STRATUS\u2122 \u2013 PTFE-Glattschlauch mit Silikonmantel und durchgeb\u00f6rdelten Enden<\/h4>\n<p>PTFE-ausgekleideter Silikon-Schlauch<\/p>\n<\/div>\n<\/div><\/section><\/p><\/div>\n<div class=\"flex_column av_one_third  flex_column_div av-zero-column-padding avia-link-column av-column-link   avia-builder-el-6  el_after_av_one_third  el_before_av_one_third  column-top-margin\" style='border-radius:0px; ' data-link-column-url=\"#\" ><a class=\"av-screen-reader-only\" href=# >Folgen Sie einem manuell hinzugef\u00fcgten Link<\/a><p><div  class='avia-image-container  av-styling-    avia-builder-el-7  el_before_av_textblock  avia-builder-el-first  avia-align-center '  ><div class='avia-image-container-inner'><div class='avia-image-overlay-wrap'><img class='avia_image' src='https:\/\/cranecpe.com\/wp-content\/uploads\/RESISTOPURE-Type-SIW.jpg' alt='' title='RESISTOPURE-Type-SIW' height=\"562\" width=\"1000\"  \/><\/div><\/div><\/div><br \/>\n<section class=\"av_textblock_section \" ><div class='avia_textblock  '  ><div class=\"prodCraneTitle\">\n<h4>ResistoPure Silikonschl\u00e4uche<\/h4>\n<p>Silikonschl\u00e4uche in unterschiedlichen Ausf\u00fchrungen mit Sanit\u00e4ranschl\u00fcssen erh\u00e4ltlich.<\/p>\n<\/div>\n<\/div><\/section><\/p><\/div>\n<div class=\"flex_column av_one_third  flex_column_div av-zero-column-padding avia-link-column av-column-link   avia-builder-el-9  el_after_av_one_third  el_before_av_one_third  column-top-margin\" style='border-radius:0px; ' data-link-column-url=\"#\" ><a class=\"av-screen-reader-only\" href=# >Folgen Sie einem manuell hinzugef\u00fcgten Link<\/a><p><div  class='avia-image-container  av-styling-    avia-builder-el-10  el_before_av_textblock  avia-builder-el-first  avia-align-center '  ><div class='avia-image-container-inner'><div class='avia-image-overlay-wrap'><img class='avia_image' src='https:\/\/cranecpe.com\/wp-content\/uploads\/RESISTOPURE-Type-SIV.jpg' alt='' title='RESISTOPURE-Type-SIV' height=\"562\" width=\"1000\"  \/><\/div><\/div><\/div><br \/>\n<section class=\"av_textblock_section \" ><div class='avia_textblock  '  ><div class=\"prodCraneTitle\">\n<h4>TRCF \u2013 PTFE Glattschlauch mit Gummimantel und duchgeb\u00f6rdelten Enden<\/h4>\n<p>PTFE Glattschlauch mit Gummimantel und duchgeb\u00f6rdelten Enden<\/p>\n<\/div>\n<\/div><\/section><\/p><\/div>\n<div class=\"flex_column av_one_third  flex_column_div av-zero-column-padding avia-link-column av-column-link first  avia-builder-el-12  el_after_av_one_third  el_before_av_one_third  column-top-margin\" style='border-radius:0px; ' data-link-column-url=\"#\" ><a class=\"av-screen-reader-only\" href=# >Folgen Sie einem manuell hinzugef\u00fcgten Link<\/a><p><div  class='avia-image-container  av-styling-    avia-builder-el-13  el_before_av_textblock  avia-builder-el-first  avia-align-center '  ><div class='avia-image-container-inner'><div class='avia-image-overlay-wrap'><img class='avia_image' src='https:\/\/cranecpe.com\/wp-content\/uploads\/RESISTOPURE-Type-SIW.jpg' alt='' title='RESISTOPURE-Type-SIW' height=\"562\" width=\"1000\"  \/><\/div><\/div><\/div><br \/>\n<section class=\"av_textblock_section \" ><div class='avia_textblock  '  ><div class=\"prodCraneTitle\">\n<h4>SBTF\u2013 Edelstahl-umflochten, durchgehend innenbeschichtet mit Resistopure<\/h4>\n<p>PTFE Galttschlauch mit Edelstahlgeflecht und durchgeb\u00f6rdelten Enden<\/p>\n<\/div>\n<\/div><\/section><\/p><\/div>\n<div class=\"flex_column av_one_third  flex_column_div av-zero-column-padding avia-link-column av-column-link   avia-builder-el-15  el_after_av_one_third  el_before_av_one_third  column-top-margin\" style='border-radius:0px; ' data-link-column-url=\"#\" ><a class=\"av-screen-reader-only\" href=# >Folgen Sie einem manuell hinzugef\u00fcgten Link<\/a><p><div  class='avia-image-container  av-styling-    avia-builder-el-16  el_before_av_textblock  avia-builder-el-first  avia-align-center '  ><div class='avia-image-container-inner'><div class='avia-image-overlay-wrap'><img class='avia_image' src='https:\/\/cranecpe.com\/wp-content\/uploads\/DV1-Manual-14-plus-Turn-Valves.jpg' alt='' title='DV1-Manual-14-plus-Turn-Valves' height=\"562\" width=\"1000\"  \/><\/div><\/div><\/div><br \/>\n<section class=\"av_textblock_section \" ><div class='avia_textblock  '  ><div class=\"prodCraneTitle\">\n<h4>TRC \u2013 PTFE Glattschlauch mit Gummimantel<\/h4>\n<p>PTFE Glattrschlauch mit Gummimantel<\/p>\n<\/div>\n<\/div><\/section><\/p><\/div>\n<div class=\"flex_column av_one_third  flex_column_div av-zero-column-padding avia-link-column av-column-link   avia-builder-el-18  el_after_av_one_third  el_before_av_one_third  column-top-margin\" style='border-radius:0px; ' data-link-column-url=\"#\" ><a class=\"av-screen-reader-only\" href=# >Folgen Sie einem manuell hinzugef\u00fcgten Link<\/a><p><div  class='avia-image-container  av-styling-    avia-builder-el-19  el_before_av_textblock  avia-builder-el-first  avia-align-center '  ><div class='avia-image-container-inner'><div class='avia-image-overlay-wrap'><img class='avia_image' src='https:\/\/cranecpe.com\/wp-content\/uploads\/DV1-Manual-14-plus-Turn-Valves.jpg' alt='' title='DV1-Manual-14-plus-Turn-Valves' height=\"562\" width=\"1000\"  \/><\/div><\/div><\/div><br \/>\n<section class=\"av_textblock_section \" ><div class='avia_textblock  '  ><div class=\"prodCraneTitle\">\n<h4>SBT \u2013 Edelstahl-umflochten Resistopure<\/h4>\n<p>PTFE Glattschlauch mit Edelstahl umflochten<\/p>\n<\/div>\n<\/div><\/section><\/p><\/div>\n<div class=\"flex_column av_one_third  flex_column_div av-zero-column-padding avia-link-column av-column-link first  avia-builder-el-21  el_after_av_one_third  avia-builder-el-last  column-top-margin\" style='border-radius:0px; ' data-link-column-url=\"#\" ><a class=\"av-screen-reader-only\" href=# >Folgen Sie einem manuell hinzugef\u00fcgten Link<\/a><p><div  class='avia-image-container  av-styling-    avia-builder-el-22  el_before_av_textblock  avia-builder-el-first  avia-align-center '  ><div class='avia-image-container-inner'><div class='avia-image-overlay-wrap'><img class='avia_image' src='https:\/\/cranecpe.com\/wp-content\/uploads\/DV1-Manual-14-plus-Turn-Valves.jpg' alt='' title='DV1-Manual-14-plus-Turn-Valves' height=\"562\" width=\"1000\"  \/><\/div><\/div><\/div><br \/>\n<section class=\"av_textblock_section \" ><div class='avia_textblock  '  ><div class=\"prodCraneTitle\">\n<h4>TTRC-FEP \u2013 FEP-Glattschlauch mit Gummimantel<\/h4>\n<p>FEP Glattschlauch mit Gummimantel<\/p>\n<\/div>\n<\/div><\/section><\/p><\/div>\n","protected":false},"excerpt":{"rendered":"","protected":false},"author":19,"featured_media":0,"parent":119057,"menu_order":0,"comment_status":"closed","ping_status":"closed","template":"","meta":{"_acf_changed":false,"footnotes":""},"acf":[],"yoast_head":"<!-- This site is optimized with the Yoast SEO Premium plugin v24.5 (Yoast SEO v24.5) - https:\/\/yoast.com\/wordpress\/plugins\/seo\/ -->\n<title>ResistoPure\u00ae Silicone and PTFE Pharma Hoses - CRANE ChemPharma &amp; Energy<\/title>\n<meta name=\"robots\" content=\"index, follow, max-snippet:-1, max-image-preview:large, max-video-preview:-1\" \/>\n<link rel=\"canonical\" href=\"https:\/\/cranecpe.com\/de\/loesungen\/pharmazeutische-anwendungen\/api-loesungen\/resistopure-silicone-and-ptfe-pharma-hoses\/\" \/>\n<meta property=\"og:locale\" content=\"de_DE\" \/>\n<meta property=\"og:type\" content=\"article\" \/>\n<meta property=\"og:title\" content=\"ResistoPure\u00ae Silicone and PTFE Pharma Hoses\" \/>\n<meta property=\"og:url\" content=\"https:\/\/cranecpe.com\/de\/loesungen\/pharmazeutische-anwendungen\/api-loesungen\/resistopure-silicone-and-ptfe-pharma-hoses\/\" \/>\n<meta property=\"og:site_name\" content=\"CRANE ChemPharma &amp; Energy\" \/>\n<meta property=\"article:modified_time\" content=\"2020-11-05T18:34:31+00:00\" \/>\n<meta property=\"og:image\" content=\"https:\/\/cranecpe.com\/wp-content\/uploads\/Logo-Yoast2.png\" \/>\n\t<meta property=\"og:image:width\" content=\"1058\" \/>\n\t<meta property=\"og:image:height\" content=\"567\" \/>\n\t<meta property=\"og:image:type\" content=\"image\/png\" \/>\n<meta name=\"twitter:card\" content=\"summary_large_image\" \/>\n<meta name=\"twitter:label1\" content=\"Gesch\u00e4tzte Lesezeit\" \/>\n\t<meta name=\"twitter:data1\" content=\"10\u00a0Minuten\" \/>\n<script type=\"application\/ld+json\" class=\"yoast-schema-graph\">{\"@context\":\"https:\/\/schema.org\",\"@graph\":[{\"@type\":\"WebPage\",\"@id\":\"https:\/\/cranecpe.com\/de\/loesungen\/pharmazeutische-anwendungen\/api-loesungen\/resistopure-silicone-and-ptfe-pharma-hoses\/\",\"url\":\"https:\/\/cranecpe.com\/de\/loesungen\/pharmazeutische-anwendungen\/api-loesungen\/resistopure-silicone-and-ptfe-pharma-hoses\/\",\"name\":\"ResistoPure\u00ae Silicone and PTFE Pharma Hoses - CRANE ChemPharma &amp; Energy\",\"isPartOf\":{\"@id\":\"https:\/\/cranecpe.com\/de\/#website\"},\"datePublished\":\"2020-11-05T18:31:22+00:00\",\"dateModified\":\"2020-11-05T18:34:31+00:00\",\"breadcrumb\":{\"@id\":\"https:\/\/cranecpe.com\/de\/loesungen\/pharmazeutische-anwendungen\/api-loesungen\/resistopure-silicone-and-ptfe-pharma-hoses\/#breadcrumb\"},\"inLanguage\":\"de\",\"potentialAction\":[{\"@type\":\"ReadAction\",\"target\":[\"https:\/\/cranecpe.com\/de\/loesungen\/pharmazeutische-anwendungen\/api-loesungen\/resistopure-silicone-and-ptfe-pharma-hoses\/\"]}]},{\"@type\":\"BreadcrumbList\",\"@id\":\"https:\/\/cranecpe.com\/de\/loesungen\/pharmazeutische-anwendungen\/api-loesungen\/resistopure-silicone-and-ptfe-pharma-hoses\/#breadcrumb\",\"itemListElement\":[{\"@type\":\"ListItem\",\"position\":1,\"name\":\"Home\",\"item\":\"https:\/\/cranecpe.com\/de\/home\/\"},{\"@type\":\"ListItem\",\"position\":2,\"name\":\"L\u00f6sungen\",\"item\":\"https:\/\/cranecpe.com\/de\/loesungen\/\"},{\"@type\":\"ListItem\",\"position\":3,\"name\":\"Pharmazeutische Anwendungen\",\"item\":\"https:\/\/cranecpe.com\/de\/loesungen\/pharmazeutische-anwendungen\/\"},{\"@type\":\"ListItem\",\"position\":4,\"name\":\"API-L\u00f6sungen\",\"item\":\"https:\/\/cranecpe.com\/de\/loesungen\/pharmazeutische-anwendungen\/api-loesungen\/\"},{\"@type\":\"ListItem\",\"position\":5,\"name\":\"ResistoPure\u00ae Silicone and PTFE Pharma Hoses\"}]},{\"@type\":\"WebSite\",\"@id\":\"https:\/\/cranecpe.com\/de\/#website\",\"url\":\"https:\/\/cranecpe.com\/de\/\",\"name\":\"CRANE ChemPharma & Energy\",\"description\":\"ChemPharma &amp; Energy\",\"publisher\":{\"@id\":\"https:\/\/cranecpe.com\/de\/#organization\"},\"potentialAction\":[{\"@type\":\"SearchAction\",\"target\":{\"@type\":\"EntryPoint\",\"urlTemplate\":\"https:\/\/cranecpe.com\/de\/?s={search_term_string}\"},\"query-input\":{\"@type\":\"PropertyValueSpecification\",\"valueRequired\":true,\"valueName\":\"search_term_string\"}}],\"inLanguage\":\"de\"},{\"@type\":\"Organization\",\"@id\":\"https:\/\/cranecpe.com\/de\/#organization\",\"name\":\"Crane ChemPharma & Energy\",\"alternateName\":\"Crane CPE\",\"url\":\"https:\/\/cranecpe.com\/de\/\",\"logo\":{\"@type\":\"ImageObject\",\"inLanguage\":\"de\",\"@id\":\"https:\/\/cranecpe.com\/de\/#\/schema\/logo\/image\/\",\"url\":\"https:\/\/cranecpe.com\/wp-content\/uploads\/Logo-Yoast-1.png\",\"contentUrl\":\"https:\/\/cranecpe.com\/wp-content\/uploads\/Logo-Yoast-1.png\",\"width\":696,\"height\":696,\"caption\":\"Crane ChemPharma & Energy\"},\"image\":{\"@id\":\"https:\/\/cranecpe.com\/de\/#\/schema\/logo\/image\/\"},\"sameAs\":[\"https:\/\/www.linkedin.com\/company\/crane-chempharma-energy\",\"https:\/\/vimeo.com\/user30117535\"],\"description\":\"CRANE ChemPharma & Energy designs and manufactures highly engineered products: check valves, sleeved plug valves, lined valves, process ball valves, high performance butterfly valves, bellows sealed globe valves, aseptic and industrial diaphragm valves, multi \/ quarter-turn valves, actuation, sight glasses, lined pipe, fittings and hoses, and air operated diaphragm and peristaltic pumps. Our trusted brands include ALOYCO\u00ae, BAUM\u00ae, CENTER LINE\u00ae, COMPAC-NOZ\u00ae, CRANE\u00ae, CRANE\u00ae CRYOGENICS, DEPA\u00ae & ELRO\u00ae, DOPAK\u00ae, DUO-CHEK\u00ae, FLOWSEAL\u00ae, GYROLOK\u00ae, GO REGULATOR\u00ae, HOKE\u00ae, JENKINS\u00ae, KROMBACH\u00ae, NOZ-CHEK\u00ae, PACIFIC VALVES\u00ae, RESISTOFLEX\u00ae, REVO\u00ae, SAUNDERS\u00ae, STOCKHAM\u00ae, TEXAS SAMPLING\u00ae, TRIANGLE\u00ae, UNI-CHEK\u00ae, VALVES\u00ae, WESTLOCK CONTROLS\u00ae, WTA\u00ae, and XOMOX\u00ae offer customers a complete and innovative portfolio, designed for the most demanding applications - chemical processing, biotechnology, pharmaceutical, oil and gas, refining and power generation. For more information please visit: www.cranecpe.com, www.craneco.com\",\"legalName\":\"Crane ChemPharma & Energy\"}]}<\/script>\n<!-- \/ Yoast SEO Premium plugin. -->","yoast_head_json":{"title":"ResistoPure\u00ae Silicone and PTFE Pharma Hoses - CRANE ChemPharma &amp; Energy","robots":{"index":"index","follow":"follow","max-snippet":"max-snippet:-1","max-image-preview":"max-image-preview:large","max-video-preview":"max-video-preview:-1"},"canonical":"https:\/\/cranecpe.com\/de\/loesungen\/pharmazeutische-anwendungen\/api-loesungen\/resistopure-silicone-and-ptfe-pharma-hoses\/","og_locale":"de_DE","og_type":"article","og_title":"ResistoPure\u00ae Silicone and PTFE Pharma Hoses","og_url":"https:\/\/cranecpe.com\/de\/loesungen\/pharmazeutische-anwendungen\/api-loesungen\/resistopure-silicone-and-ptfe-pharma-hoses\/","og_site_name":"CRANE ChemPharma &amp; Energy","article_modified_time":"2020-11-05T18:34:31+00:00","og_image":[{"width":1058,"height":567,"url":"https:\/\/cranecpe.com\/wp-content\/uploads\/Logo-Yoast2.png","type":"image\/png"}],"twitter_card":"summary_large_image","twitter_misc":{"Gesch\u00e4tzte Lesezeit":"10\u00a0Minuten"},"schema":{"@context":"https:\/\/schema.org","@graph":[{"@type":"WebPage","@id":"https:\/\/cranecpe.com\/de\/loesungen\/pharmazeutische-anwendungen\/api-loesungen\/resistopure-silicone-and-ptfe-pharma-hoses\/","url":"https:\/\/cranecpe.com\/de\/loesungen\/pharmazeutische-anwendungen\/api-loesungen\/resistopure-silicone-and-ptfe-pharma-hoses\/","name":"ResistoPure\u00ae Silicone and PTFE Pharma Hoses - CRANE ChemPharma &amp; Energy","isPartOf":{"@id":"https:\/\/cranecpe.com\/de\/#website"},"datePublished":"2020-11-05T18:31:22+00:00","dateModified":"2020-11-05T18:34:31+00:00","breadcrumb":{"@id":"https:\/\/cranecpe.com\/de\/loesungen\/pharmazeutische-anwendungen\/api-loesungen\/resistopure-silicone-and-ptfe-pharma-hoses\/#breadcrumb"},"inLanguage":"de","potentialAction":[{"@type":"ReadAction","target":["https:\/\/cranecpe.com\/de\/loesungen\/pharmazeutische-anwendungen\/api-loesungen\/resistopure-silicone-and-ptfe-pharma-hoses\/"]}]},{"@type":"BreadcrumbList","@id":"https:\/\/cranecpe.com\/de\/loesungen\/pharmazeutische-anwendungen\/api-loesungen\/resistopure-silicone-and-ptfe-pharma-hoses\/#breadcrumb","itemListElement":[{"@type":"ListItem","position":1,"name":"Home","item":"https:\/\/cranecpe.com\/de\/home\/"},{"@type":"ListItem","position":2,"name":"L\u00f6sungen","item":"https:\/\/cranecpe.com\/de\/loesungen\/"},{"@type":"ListItem","position":3,"name":"Pharmazeutische Anwendungen","item":"https:\/\/cranecpe.com\/de\/loesungen\/pharmazeutische-anwendungen\/"},{"@type":"ListItem","position":4,"name":"API-L\u00f6sungen","item":"https:\/\/cranecpe.com\/de\/loesungen\/pharmazeutische-anwendungen\/api-loesungen\/"},{"@type":"ListItem","position":5,"name":"ResistoPure\u00ae Silicone and PTFE Pharma Hoses"}]},{"@type":"WebSite","@id":"https:\/\/cranecpe.com\/de\/#website","url":"https:\/\/cranecpe.com\/de\/","name":"CRANE ChemPharma & Energy","description":"ChemPharma &amp; Energy","publisher":{"@id":"https:\/\/cranecpe.com\/de\/#organization"},"potentialAction":[{"@type":"SearchAction","target":{"@type":"EntryPoint","urlTemplate":"https:\/\/cranecpe.com\/de\/?s={search_term_string}"},"query-input":{"@type":"PropertyValueSpecification","valueRequired":true,"valueName":"search_term_string"}}],"inLanguage":"de"},{"@type":"Organization","@id":"https:\/\/cranecpe.com\/de\/#organization","name":"Crane ChemPharma & Energy","alternateName":"Crane CPE","url":"https:\/\/cranecpe.com\/de\/","logo":{"@type":"ImageObject","inLanguage":"de","@id":"https:\/\/cranecpe.com\/de\/#\/schema\/logo\/image\/","url":"https:\/\/cranecpe.com\/wp-content\/uploads\/Logo-Yoast-1.png","contentUrl":"https:\/\/cranecpe.com\/wp-content\/uploads\/Logo-Yoast-1.png","width":696,"height":696,"caption":"Crane ChemPharma & Energy"},"image":{"@id":"https:\/\/cranecpe.com\/de\/#\/schema\/logo\/image\/"},"sameAs":["https:\/\/www.linkedin.com\/company\/crane-chempharma-energy","https:\/\/vimeo.com\/user30117535"],"description":"CRANE ChemPharma & Energy designs and manufactures highly engineered products: check valves, sleeved plug valves, lined valves, process ball valves, high performance butterfly valves, bellows sealed globe valves, aseptic and industrial diaphragm valves, multi \/ quarter-turn valves, actuation, sight glasses, lined pipe, fittings and hoses, and air operated diaphragm and peristaltic pumps. Our trusted brands include ALOYCO\u00ae, BAUM\u00ae, CENTER LINE\u00ae, COMPAC-NOZ\u00ae, CRANE\u00ae, CRANE\u00ae CRYOGENICS, DEPA\u00ae & ELRO\u00ae, DOPAK\u00ae, DUO-CHEK\u00ae, FLOWSEAL\u00ae, GYROLOK\u00ae, GO REGULATOR\u00ae, HOKE\u00ae, JENKINS\u00ae, KROMBACH\u00ae, NOZ-CHEK\u00ae, PACIFIC VALVES\u00ae, RESISTOFLEX\u00ae, REVO\u00ae, SAUNDERS\u00ae, STOCKHAM\u00ae, TEXAS SAMPLING\u00ae, TRIANGLE\u00ae, UNI-CHEK\u00ae, VALVES\u00ae, WESTLOCK CONTROLS\u00ae, WTA\u00ae, and XOMOX\u00ae offer customers a complete and innovative portfolio, designed for the most demanding applications - chemical processing, biotechnology, pharmaceutical, oil and gas, refining and power generation. For more information please visit: www.cranecpe.com, www.craneco.com","legalName":"Crane ChemPharma & Energy"}]}},"_links":{"self":[{"href":"https:\/\/cranecpe.com\/de\/wp-json\/wp\/v2\/pages\/119070"}],"collection":[{"href":"https:\/\/cranecpe.com\/de\/wp-json\/wp\/v2\/pages"}],"about":[{"href":"https:\/\/cranecpe.com\/de\/wp-json\/wp\/v2\/types\/page"}],"author":[{"embeddable":true,"href":"https:\/\/cranecpe.com\/de\/wp-json\/wp\/v2\/users\/19"}],"replies":[{"embeddable":true,"href":"https:\/\/cranecpe.com\/de\/wp-json\/wp\/v2\/comments?post=119070"}],"version-history":[{"count":4,"href":"https:\/\/cranecpe.com\/de\/wp-json\/wp\/v2\/pages\/119070\/revisions"}],"predecessor-version":[{"id":119074,"href":"https:\/\/cranecpe.com\/de\/wp-json\/wp\/v2\/pages\/119070\/revisions\/119074"}],"up":[{"embeddable":true,"href":"https:\/\/cranecpe.com\/de\/wp-json\/wp\/v2\/pages\/119057"}],"wp:attachment":[{"href":"https:\/\/cranecpe.com\/de\/wp-json\/wp\/v2\/media?parent=119070"}],"curies":[{"name":"wp","href":"https:\/\/api.w.org\/{rel}","templated":true}]}}