{"id":119057,"date":"2020-11-05T12:28:16","date_gmt":"2020-11-05T17:28:16","guid":{"rendered":"https:\/\/cpestatic.azurewebsites.net\/loesungen\/pharmazeutische-anwendungen\/api-loesungen\/"},"modified":"2021-01-06T16:57:27","modified_gmt":"2021-01-06T21:57:27","slug":"api-loesungen","status":"publish","type":"page","link":"https:\/\/cranecpe.com\/de\/loesungen\/pharmazeutische-anwendungen\/api-loesungen\/","title":{"rendered":"API-L\u00f6sungen"},"content":{"rendered":"<div  style='padding-bottom:15px; margin:0 0 0 0; ' class='av-special-heading av-special-heading-h1  blockquote modern-quote  avia-builder-el-0  el_before_av_one_full  avia-builder-el-first  '><h1 class='av-special-heading-tag '  >API-L\u00f6sungen<\/h1><div class='special-heading-border'><div class='special-heading-inner-border' ><\/div><\/div><\/div>\n<div class=\"flex_column av_one_full  flex_column_div av-zero-column-padding first  avia-builder-el-1  el_after_av_heading  el_before_av_one_third  \" style='border-radius:0px; '><section class=\"av_textblock_section \" ><div class='avia_textblock  '  ><p>API products include any substance or mixture of substances that are used in the manufacturing\u00a0of drugs; including aspirin, statins, pain killers, and the like.\u00a0 Processes for these products\u00a0typically use acids and solvents which require corrosion resistant fluid handling products.\u00a0 CRANE ChemPharma products are designed to minimize risk of contamination to drug and secure environmental emissions and leaks.<\/p>\n<p>CRANE ChemPharma Flow Solutions\u00a0offers a wide range of solutions for API applications:<\/p>\n<\/div><\/section><\/div>\n<div class=\"flex_column av_one_third  flex_column_div av-zero-column-padding avia-link-column av-column-link first  avia-builder-el-3  el_after_av_one_full  el_before_av_one_third  column-top-margin\" style='border-radius:0px; ' data-link-column-url=\"https:\/\/cranecpe.com\/de\/loesungen\/pharmazeutische-anwendungen\/api-loesungen\/resistopure-silicone-and-ptfe-pharma-hoses\/\" ><a class=\"av-screen-reader-only\" href=https:\/\/cranecpe.com\/de\/loesungen\/pharmazeutische-anwendungen\/api-loesungen\/resistopure-silicone-and-ptfe-pharma-hoses\/ >Link zu:ResistoPure\u00ae Silicone and PTFE Pharma Hoses<\/a><p><div  class='avia-image-container  av-styling-    avia-builder-el-4  el_before_av_textblock  avia-builder-el-first  avia-align-center '  ><div class='avia-image-container-inner'><div class='avia-image-overlay-wrap'><img class='avia_image' src='https:\/\/cranecpe.com\/wp-content\/uploads\/RESISTOPURE-Type-SIW.jpg' alt='' title='RESISTOPURE-Type-SIW' height=\"562\" width=\"1000\"  \/><\/div><\/div><\/div><br \/>\n<section class=\"av_textblock_section \" ><div class='avia_textblock  '  ><div class=\"prodCraneTitle\">\n<h4>ResistoPure\u00ae Silicone and PTFE Pharma Hoses<\/h4>\n<p>Silicone and PTFE Hoses used in pharmaceutical applications.<\/p>\n<\/div>\n<\/div><\/section><\/p><\/div>\n<div class=\"flex_column av_one_third  flex_column_div av-zero-column-padding avia-link-column av-column-link   avia-builder-el-6  el_after_av_one_third  el_before_av_one_third  column-top-margin\" style='border-radius:0px; ' data-link-column-url=\"\/de\/type\/metallische-kuekenhaehne\/\" ><a class=\"av-screen-reader-only\" href=\/de\/type\/metallische-kuekenhaehne\/ >Folgen Sie einem manuell hinzugef\u00fcgten Link<\/a><p><div  class='avia-image-container  av-styling-    avia-builder-el-7  el_before_av_textblock  avia-builder-el-first  avia-align-center '  ><div class='avia-image-container-inner'><div class='avia-image-overlay-wrap'><img class='avia_image' src='https:\/\/cranecpe.com\/wp-content\/uploads\/XOMOX-High-Pressure-Sleeved-Plug-Valves.jpg' alt='' title='XOMOX-High-Pressure-Sleeved-Plug-Valves' height=\"562\" width=\"1000\"  \/><\/div><\/div><\/div><br \/>\n<section class=\"av_textblock_section \" ><div class='avia_textblock  '  ><div class=\"prodCraneTitle\">\n<h4>Tuflin &#8211; Metallische K\u00fckenh\u00e4hne<\/h4>\n<p>XOMOX\u00ae bietet eine breite Palette an K\u00fckenh\u00e4hnen, um Ihren Anforderungen gerecht zu werden. Sie sind in Gr\u00f6\u00dfen von DN 15 bis DN 600 erh\u00e4ltlich und k\u00f6nnen mit Flanschen, Gewindeanschluss, Schweissenden geliefert werden.<\/p>\n<\/div>\n<\/div><\/section><\/p><\/div><div class=\"flex_column av_one_third  flex_column_div av-zero-column-padding avia-link-column av-column-link   avia-builder-el-9  el_after_av_one_third  el_before_av_one_third  column-top-margin\" style='border-radius:0px; ' data-link-column-url=\"\/de\/loesungen\/pharmazeutische-anwendungen\/api-loesungen\/xomox-butterfly-tov-hpbv-resilient\/\" ><a class=\"av-screen-reader-only\" href=\/de\/loesungen\/pharmazeutische-anwendungen\/api-loesungen\/xomox-butterfly-tov-hpbv-resilient\/ >Folgen Sie einem manuell hinzugef\u00fcgten Link<\/a><p><div  class='avia-image-container  av-styling-    avia-builder-el-10  el_before_av_textblock  avia-builder-el-first  avia-align-center '  ><div class='avia-image-container-inner'><div class='avia-image-overlay-wrap'><img class='avia_image' src='https:\/\/cranecpe.com\/wp-content\/uploads\/XOMOX-High-Performance-Butterfly-Valves-Type-800.jpg' alt='' title='XOMOX-High-Performance-Butterfly-Valves-Type-800' height=\"562\" width=\"1000\"  \/><\/div><\/div><\/div><br \/>\n<section class=\"av_textblock_section \" ><div class='avia_textblock  '  ><div class=\"prodCraneTitle\">\n<h4>Xomox, Butterfly, TOV, HPBV, Resilient<\/h4>\n<p>Xomox, Butterfly, TOV, HPBV, Resilient<\/p>\n<\/div>\n<\/div><\/section><\/p><\/div><\/p>\n<div class=\"flex_column av_one_third  flex_column_div av-zero-column-padding avia-link-column av-column-link first  avia-builder-el-12  el_after_av_one_third  el_before_av_one_third  column-top-margin\" style='border-radius:0px; ' data-link-column-url=\"\/de\/type\/kugelhaehne\/\" ><a class=\"av-screen-reader-only\" href=\/de\/type\/kugelhaehne\/ >Folgen Sie einem manuell hinzugef\u00fcgten Link<\/a><p><div  class='avia-image-container  av-styling-    avia-builder-el-13  el_before_av_textblock  avia-builder-el-first  avia-align-center '  ><div class='avia-image-container-inner'><div class='avia-image-overlay-wrap'><img class='avia_image' src='https:\/\/cranecpe.com\/wp-content\/uploads\/XOMOX-Jacketed-Sleeved-Plug-Valves.jpg' alt='' title='XOMOX-Jacketed-Sleeved-Plug-Valves' height=\"562\" width=\"1000\"  \/><\/div><\/div><\/div><br \/>\n<section class=\"av_textblock_section \" ><div class='avia_textblock  '  ><div class=\"prodCraneTitle\">\n<h4>Xomox and Krombach Process Ball Valves<\/h4>\n<p>Xomox and Krombach Process Ball Valves<\/p>\n<\/div>\n<\/div><\/section><\/p><\/div>\n<div class=\"flex_column av_one_third  flex_column_div av-zero-column-padding avia-link-column av-column-link   avia-builder-el-15  el_after_av_one_third  el_before_av_one_third  column-top-margin\" style='border-radius:0px; ' data-link-column-url=\"\/de\/type\/druckluft-membranpumpen\/\" ><a class=\"av-screen-reader-only\" href=\/de\/type\/druckluft-membranpumpen\/ >Folgen Sie einem manuell hinzugef\u00fcgten Link<\/a><p><div  class='avia-image-container  av-styling-    avia-builder-el-16  el_before_av_textblock  avia-builder-el-first  avia-align-center '  ><div class='avia-image-container-inner'><div class='avia-image-overlay-wrap'><img class='avia_image' src='https:\/\/cranecpe.com\/wp-content\/uploads\/DEPA-Air-Operated-Diaphragm-Pumps-Stainless-Steel-Pumps-Series-L-Type-DL-SF-SFS-1-300x169.jpg' alt='' title='DEPA-Air-Operated-Diaphragm-Pumps-Stainless-Steel-Pumps-Series-L-Type-DL-SF-SFS' height=\"169\" width=\"300\"  \/><\/div><\/div><\/div><br \/>\n<section class=\"av_textblock_section \" ><div class='avia_textblock  '  ><div class=\"prodCraneTitle\">\n<h4>DEPA\u00ae Druckluft-Membranpumpen<\/h4>\n<p>Seit mehr als 40 Jahren sind DEPA\u00ae Druckluft-Membranpumpen im rauen Betriebsalltag weltweit ein Ma\u00dfstab f\u00fcr Betriebssicherheit und Leistungsf\u00e4higkeit &#8211; auch unter schwierigsten Einsatzbedingungen<\/p>\n<\/div>\n<\/div><\/section><\/p><\/div>\n<div class=\"flex_column av_one_third  flex_column_div av-zero-column-padding avia-link-column av-column-link   avia-builder-el-18  el_after_av_one_third  avia-builder-el-last  column-top-margin\" style='border-radius:0px; ' data-link-column-url=\"\/de\/type\/ausgekleidete-armaturen\/\" ><a class=\"av-screen-reader-only\" href=\/de\/type\/ausgekleidete-armaturen\/ >Folgen Sie einem manuell hinzugef\u00fcgten Link<\/a><p><div  class='avia-image-container  av-styling-    avia-builder-el-19  el_before_av_textblock  avia-builder-el-first  avia-align-center '  ><div class='avia-image-container-inner'><div class='avia-image-overlay-wrap'><img class='avia_image' src='https:\/\/cranecpe.com\/wp-content\/uploads\/XOMOX-Lined-Plug-Valves.jpg' alt='' title='XOMOX-Lined-Plug-Valves' height=\"562\" width=\"1000\"  \/><\/div><\/div><\/div><br \/>\n<section class=\"av_textblock_section \" ><div class='avia_textblock  '  ><div class=\"prodCraneTitle\">\n<h4>XOMOX\u00ae Ausgekleidete Armaturen<\/h4>\n<p>Ausgekleidete Armaturen und Zubeh\u00f6rteile verwenden hochwertige Fluorkohlenwasserstoffe wie PFA, PVDF, PTFE, PFA-AS (antistatisch) und auf Anfrage UHMWPE.<\/p>\n<\/div>\n<\/div><\/section><\/p><\/div>\n","protected":false},"excerpt":{"rendered":"","protected":false},"author":19,"featured_media":0,"parent":11044,"menu_order":0,"comment_status":"closed","ping_status":"closed","template":"","meta":{"_acf_changed":false,"footnotes":""},"acf":[],"yoast_head":"<!-- This site is optimized with the Yoast SEO Premium plugin v24.5 (Yoast SEO v24.5) - https:\/\/yoast.com\/wordpress\/plugins\/seo\/ -->\n<title>API-L\u00f6sungen - CRANE ChemPharma &amp; Energy<\/title>\n<meta name=\"robots\" content=\"index, follow, max-snippet:-1, max-image-preview:large, max-video-preview:-1\" \/>\n<link rel=\"canonical\" href=\"https:\/\/cranecpe.com\/de\/loesungen\/pharmazeutische-anwendungen\/api-loesungen\/\" \/>\n<meta property=\"og:locale\" content=\"de_DE\" \/>\n<meta property=\"og:type\" content=\"article\" \/>\n<meta property=\"og:title\" content=\"API-L\u00f6sungen\" \/>\n<meta property=\"og:url\" content=\"https:\/\/cranecpe.com\/de\/loesungen\/pharmazeutische-anwendungen\/api-loesungen\/\" \/>\n<meta property=\"og:site_name\" content=\"CRANE ChemPharma &amp; Energy\" \/>\n<meta property=\"article:modified_time\" content=\"2021-01-06T21:57:27+00:00\" \/>\n<meta property=\"og:image\" content=\"https:\/\/cranecpe.com\/wp-content\/uploads\/Logo-Yoast2.png\" \/>\n\t<meta property=\"og:image:width\" content=\"1058\" \/>\n\t<meta property=\"og:image:height\" content=\"567\" \/>\n\t<meta property=\"og:image:type\" content=\"image\/png\" \/>\n<meta name=\"twitter:card\" content=\"summary_large_image\" \/>\n<meta name=\"twitter:label1\" content=\"Gesch\u00e4tzte Lesezeit\" \/>\n\t<meta name=\"twitter:data1\" content=\"9\u00a0Minuten\" \/>\n<script type=\"application\/ld+json\" class=\"yoast-schema-graph\">{\"@context\":\"https:\/\/schema.org\",\"@graph\":[{\"@type\":\"WebPage\",\"@id\":\"https:\/\/cranecpe.com\/de\/loesungen\/pharmazeutische-anwendungen\/api-loesungen\/\",\"url\":\"https:\/\/cranecpe.com\/de\/loesungen\/pharmazeutische-anwendungen\/api-loesungen\/\",\"name\":\"API-L\u00f6sungen - CRANE ChemPharma &amp; Energy\",\"isPartOf\":{\"@id\":\"https:\/\/cranecpe.com\/de\/#website\"},\"datePublished\":\"2020-11-05T17:28:16+00:00\",\"dateModified\":\"2021-01-06T21:57:27+00:00\",\"breadcrumb\":{\"@id\":\"https:\/\/cranecpe.com\/de\/loesungen\/pharmazeutische-anwendungen\/api-loesungen\/#breadcrumb\"},\"inLanguage\":\"de\",\"potentialAction\":[{\"@type\":\"ReadAction\",\"target\":[\"https:\/\/cranecpe.com\/de\/loesungen\/pharmazeutische-anwendungen\/api-loesungen\/\"]}]},{\"@type\":\"BreadcrumbList\",\"@id\":\"https:\/\/cranecpe.com\/de\/loesungen\/pharmazeutische-anwendungen\/api-loesungen\/#breadcrumb\",\"itemListElement\":[{\"@type\":\"ListItem\",\"position\":1,\"name\":\"Home\",\"item\":\"https:\/\/cranecpe.com\/de\/home\/\"},{\"@type\":\"ListItem\",\"position\":2,\"name\":\"L\u00f6sungen\",\"item\":\"https:\/\/cranecpe.com\/de\/loesungen\/\"},{\"@type\":\"ListItem\",\"position\":3,\"name\":\"Pharmazeutische Anwendungen\",\"item\":\"https:\/\/cranecpe.com\/de\/loesungen\/pharmazeutische-anwendungen\/\"},{\"@type\":\"ListItem\",\"position\":4,\"name\":\"API-L\u00f6sungen\"}]},{\"@type\":\"WebSite\",\"@id\":\"https:\/\/cranecpe.com\/de\/#website\",\"url\":\"https:\/\/cranecpe.com\/de\/\",\"name\":\"CRANE ChemPharma & Energy\",\"description\":\"ChemPharma &amp; Energy\",\"publisher\":{\"@id\":\"https:\/\/cranecpe.com\/de\/#organization\"},\"potentialAction\":[{\"@type\":\"SearchAction\",\"target\":{\"@type\":\"EntryPoint\",\"urlTemplate\":\"https:\/\/cranecpe.com\/de\/?s={search_term_string}\"},\"query-input\":{\"@type\":\"PropertyValueSpecification\",\"valueRequired\":true,\"valueName\":\"search_term_string\"}}],\"inLanguage\":\"de\"},{\"@type\":\"Organization\",\"@id\":\"https:\/\/cranecpe.com\/de\/#organization\",\"name\":\"Crane ChemPharma & Energy\",\"alternateName\":\"Crane CPE\",\"url\":\"https:\/\/cranecpe.com\/de\/\",\"logo\":{\"@type\":\"ImageObject\",\"inLanguage\":\"de\",\"@id\":\"https:\/\/cranecpe.com\/de\/#\/schema\/logo\/image\/\",\"url\":\"https:\/\/cranecpe.com\/wp-content\/uploads\/Logo-Yoast-1.png\",\"contentUrl\":\"https:\/\/cranecpe.com\/wp-content\/uploads\/Logo-Yoast-1.png\",\"width\":696,\"height\":696,\"caption\":\"Crane ChemPharma & Energy\"},\"image\":{\"@id\":\"https:\/\/cranecpe.com\/de\/#\/schema\/logo\/image\/\"},\"sameAs\":[\"https:\/\/www.linkedin.com\/company\/crane-chempharma-energy\",\"https:\/\/vimeo.com\/user30117535\"],\"description\":\"CRANE ChemPharma & Energy designs and manufactures highly engineered products: check valves, sleeved plug valves, lined valves, process ball valves, high performance butterfly valves, bellows sealed globe valves, aseptic and industrial diaphragm valves, multi \/ quarter-turn valves, actuation, sight glasses, lined pipe, fittings and hoses, and air operated diaphragm and peristaltic pumps. Our trusted brands include ALOYCO\u00ae, BAUM\u00ae, CENTER LINE\u00ae, COMPAC-NOZ\u00ae, CRANE\u00ae, CRANE\u00ae CRYOGENICS, DEPA\u00ae & ELRO\u00ae, DOPAK\u00ae, DUO-CHEK\u00ae, FLOWSEAL\u00ae, GYROLOK\u00ae, GO REGULATOR\u00ae, HOKE\u00ae, JENKINS\u00ae, KROMBACH\u00ae, NOZ-CHEK\u00ae, PACIFIC VALVES\u00ae, RESISTOFLEX\u00ae, REVO\u00ae, SAUNDERS\u00ae, STOCKHAM\u00ae, TEXAS SAMPLING\u00ae, TRIANGLE\u00ae, UNI-CHEK\u00ae, VALVES\u00ae, WESTLOCK CONTROLS\u00ae, WTA\u00ae, and XOMOX\u00ae offer customers a complete and innovative portfolio, designed for the most demanding applications - chemical processing, biotechnology, pharmaceutical, oil and gas, refining and power generation. For more information please visit: www.cranecpe.com, www.craneco.com\",\"legalName\":\"Crane ChemPharma & Energy\"}]}<\/script>\n<!-- \/ Yoast SEO Premium plugin. -->","yoast_head_json":{"title":"API-L\u00f6sungen - CRANE ChemPharma &amp; Energy","robots":{"index":"index","follow":"follow","max-snippet":"max-snippet:-1","max-image-preview":"max-image-preview:large","max-video-preview":"max-video-preview:-1"},"canonical":"https:\/\/cranecpe.com\/de\/loesungen\/pharmazeutische-anwendungen\/api-loesungen\/","og_locale":"de_DE","og_type":"article","og_title":"API-L\u00f6sungen","og_url":"https:\/\/cranecpe.com\/de\/loesungen\/pharmazeutische-anwendungen\/api-loesungen\/","og_site_name":"CRANE ChemPharma &amp; Energy","article_modified_time":"2021-01-06T21:57:27+00:00","og_image":[{"width":1058,"height":567,"url":"https:\/\/cranecpe.com\/wp-content\/uploads\/Logo-Yoast2.png","type":"image\/png"}],"twitter_card":"summary_large_image","twitter_misc":{"Gesch\u00e4tzte Lesezeit":"9\u00a0Minuten"},"schema":{"@context":"https:\/\/schema.org","@graph":[{"@type":"WebPage","@id":"https:\/\/cranecpe.com\/de\/loesungen\/pharmazeutische-anwendungen\/api-loesungen\/","url":"https:\/\/cranecpe.com\/de\/loesungen\/pharmazeutische-anwendungen\/api-loesungen\/","name":"API-L\u00f6sungen - CRANE ChemPharma &amp; Energy","isPartOf":{"@id":"https:\/\/cranecpe.com\/de\/#website"},"datePublished":"2020-11-05T17:28:16+00:00","dateModified":"2021-01-06T21:57:27+00:00","breadcrumb":{"@id":"https:\/\/cranecpe.com\/de\/loesungen\/pharmazeutische-anwendungen\/api-loesungen\/#breadcrumb"},"inLanguage":"de","potentialAction":[{"@type":"ReadAction","target":["https:\/\/cranecpe.com\/de\/loesungen\/pharmazeutische-anwendungen\/api-loesungen\/"]}]},{"@type":"BreadcrumbList","@id":"https:\/\/cranecpe.com\/de\/loesungen\/pharmazeutische-anwendungen\/api-loesungen\/#breadcrumb","itemListElement":[{"@type":"ListItem","position":1,"name":"Home","item":"https:\/\/cranecpe.com\/de\/home\/"},{"@type":"ListItem","position":2,"name":"L\u00f6sungen","item":"https:\/\/cranecpe.com\/de\/loesungen\/"},{"@type":"ListItem","position":3,"name":"Pharmazeutische Anwendungen","item":"https:\/\/cranecpe.com\/de\/loesungen\/pharmazeutische-anwendungen\/"},{"@type":"ListItem","position":4,"name":"API-L\u00f6sungen"}]},{"@type":"WebSite","@id":"https:\/\/cranecpe.com\/de\/#website","url":"https:\/\/cranecpe.com\/de\/","name":"CRANE ChemPharma & Energy","description":"ChemPharma &amp; Energy","publisher":{"@id":"https:\/\/cranecpe.com\/de\/#organization"},"potentialAction":[{"@type":"SearchAction","target":{"@type":"EntryPoint","urlTemplate":"https:\/\/cranecpe.com\/de\/?s={search_term_string}"},"query-input":{"@type":"PropertyValueSpecification","valueRequired":true,"valueName":"search_term_string"}}],"inLanguage":"de"},{"@type":"Organization","@id":"https:\/\/cranecpe.com\/de\/#organization","name":"Crane ChemPharma & Energy","alternateName":"Crane CPE","url":"https:\/\/cranecpe.com\/de\/","logo":{"@type":"ImageObject","inLanguage":"de","@id":"https:\/\/cranecpe.com\/de\/#\/schema\/logo\/image\/","url":"https:\/\/cranecpe.com\/wp-content\/uploads\/Logo-Yoast-1.png","contentUrl":"https:\/\/cranecpe.com\/wp-content\/uploads\/Logo-Yoast-1.png","width":696,"height":696,"caption":"Crane ChemPharma & Energy"},"image":{"@id":"https:\/\/cranecpe.com\/de\/#\/schema\/logo\/image\/"},"sameAs":["https:\/\/www.linkedin.com\/company\/crane-chempharma-energy","https:\/\/vimeo.com\/user30117535"],"description":"CRANE ChemPharma & Energy designs and manufactures highly engineered products: check valves, sleeved plug valves, lined valves, process ball valves, high performance butterfly valves, bellows sealed globe valves, aseptic and industrial diaphragm valves, multi \/ quarter-turn valves, actuation, sight glasses, lined pipe, fittings and hoses, and air operated diaphragm and peristaltic pumps. Our trusted brands include ALOYCO\u00ae, BAUM\u00ae, CENTER LINE\u00ae, COMPAC-NOZ\u00ae, CRANE\u00ae, CRANE\u00ae CRYOGENICS, DEPA\u00ae & ELRO\u00ae, DOPAK\u00ae, DUO-CHEK\u00ae, FLOWSEAL\u00ae, GYROLOK\u00ae, GO REGULATOR\u00ae, HOKE\u00ae, JENKINS\u00ae, KROMBACH\u00ae, NOZ-CHEK\u00ae, PACIFIC VALVES\u00ae, RESISTOFLEX\u00ae, REVO\u00ae, SAUNDERS\u00ae, STOCKHAM\u00ae, TEXAS SAMPLING\u00ae, TRIANGLE\u00ae, UNI-CHEK\u00ae, VALVES\u00ae, WESTLOCK CONTROLS\u00ae, WTA\u00ae, and XOMOX\u00ae offer customers a complete and innovative portfolio, designed for the most demanding applications - chemical processing, biotechnology, pharmaceutical, oil and gas, refining and power generation. For more information please visit: www.cranecpe.com, www.craneco.com","legalName":"Crane ChemPharma & Energy"}]}},"_links":{"self":[{"href":"https:\/\/cranecpe.com\/de\/wp-json\/wp\/v2\/pages\/119057"}],"collection":[{"href":"https:\/\/cranecpe.com\/de\/wp-json\/wp\/v2\/pages"}],"about":[{"href":"https:\/\/cranecpe.com\/de\/wp-json\/wp\/v2\/types\/page"}],"author":[{"embeddable":true,"href":"https:\/\/cranecpe.com\/de\/wp-json\/wp\/v2\/users\/19"}],"replies":[{"embeddable":true,"href":"https:\/\/cranecpe.com\/de\/wp-json\/wp\/v2\/comments?post=119057"}],"version-history":[{"count":10,"href":"https:\/\/cranecpe.com\/de\/wp-json\/wp\/v2\/pages\/119057\/revisions"}],"predecessor-version":[{"id":257887,"href":"https:\/\/cranecpe.com\/de\/wp-json\/wp\/v2\/pages\/119057\/revisions\/257887"}],"up":[{"embeddable":true,"href":"https:\/\/cranecpe.com\/de\/wp-json\/wp\/v2\/pages\/11044"}],"wp:attachment":[{"href":"https:\/\/cranecpe.com\/de\/wp-json\/wp\/v2\/media?parent=119057"}],"curies":[{"name":"wp","href":"https:\/\/api.w.org\/{rel}","templated":true}]}}