{"id":11214,"date":"2020-01-15T14:57:44","date_gmt":"2020-01-15T19:57:44","guid":{"rendered":"http:\/\/craneprod.knowledge4you.ca\/ueberblick"},"modified":"2025-08-11T13:23:24","modified_gmt":"2025-08-11T12:23:24","slug":"ueber-uns","status":"publish","type":"page","link":"https:\/\/cranecpe.com\/de\/ueber-uns\/","title":{"rendered":"\u00dcber uns"},"content":{"rendered":"<div id='av_section_1'  class='avia-section main_color avia-section-default avia-no-border-styling avia-full-stretch av-section-color-overlay-active avia-bg-style-scroll  avia-builder-el-0  el_before_av_one_half  avia-builder-el-first   av-minimum-height av-minimum-height-custom  av-section-with-video-bg container_wrap fullsize' style='background-repeat: no-repeat; background-image: url(https:\/\/cranecpe.com\/wp-content\/uploads\/CPFT_banner2-1900x417-02-300x66.jpg);background-attachment: scroll; background-position: top left;  '  data-section-bg-repeat='stretch' data-section-video-ratio='16:9'><div   data-size='featured'  data-lightbox_size='large'  data-animation='slide'  data-conditional_play=''  data-ids=''  data-video_counter='1'  data-autoplay='false'  data-bg_slider='false'  data-slide_height=''  data-handle=''  data-interval='5'  data-class=' av-section-video-bg'  data-el_id=''  data-css_id=''  data-scroll_down=''  data-control_layout=''  data-custom_markup=''  data-perma_caption=''  data-autoplay_stopper=''  data-image_attachment=''  data-min_height='0px'  data-default-height='28.666666666667'  class='avia-slideshow avia-slideshow-1  av-default-height-applied avia-slideshow-featured   av-section-video-bg avia-slide-slider ' ><ul class='avia-slideshow-inner ' style='padding-bottom: 28.666666666667%;' ><li  data-controls='disabled' data-mute='1' data-loop='1' data-disable-autoplay=''  data-video-ratio='3.4883720930233' class=' av-video-slide  av-video-service-vimeo  av-hide-video-controls av-mute-video av-loop-video av-single-slide slide-1 ' ><div data-rel='slideshow-1' class='avia-slide-wrap '   ><div class='av-click-overlay'><\/div><div class='mejs-mediaelement'><div data-src='\/\/player.vimeo.com\/video\/544730397?portrait=0&#038;byline=0&#038;title=0&#038;badge=0&#038;loop=1&#038;autopause=0&#038;api=1&#038;rel=0&#038;player_id=player_11214_1694322327_1549067753&#038;color=ee3036' data-original_url='https:\/\/vimeo.com\/544730397' height='1600' width='900' class='av_vimeo_frame' id='player_11214_1694322327_1549067753'><\/div><\/div><div class='av-click-to-play-overlay'><div class=\"avia_playpause_icon\"><\/div><\/div><\/div><\/li><\/ul><\/div><div class='av-section-color-overlay-wrap'><div class='av-section-color-overlay' style='opacity: 0.3; background-color: #000000; '><\/div><div class='container' style='height:320px'><main  class='template-page content  av-content-full alpha units'><div class='post-entry post-entry-type-page post-entry-11214'><div class='entry-content-wrapper clearfix'>\n<div  style='padding-bottom:15px; margin:0px 0px 0px 0px; color:#ffffff;font-size:3vw;' class='av-special-heading av-special-heading-h1 custom-color-heading blockquote modern-quote  avia-builder-el-1  avia-builder-el-no-sibling  av-inherit-size '><h1 class='av-special-heading-tag '  >\u00dcber Crane<\/h1><div class='special-heading-border'><div class='special-heading-inner-border' style='border-color:#ffffff'><\/div><\/div><\/div>\n<\/div><\/div><\/main><!-- close content main element --><\/div><\/div><\/div><div id='after_section_1'  class='main_color av_default_container_wrap container_wrap fullsize' style=' '  ><div class='container' ><div class='template-page content  av-content-full alpha units'><div class='post-entry post-entry-type-page post-entry-11214'><div class='entry-content-wrapper clearfix'>\n<div class='flex_column_table av-equal-height-column-flextable -flextable' style='margin-top:20px; margin-bottom:20px; '><div class=\"flex_column av_one_half  flex_column_table_cell av-equal-height-column av-align-middle first  avia-builder-el-2  el_after_av_section  el_before_av_one_half  avia-builder-el-first  \" style='padding:0px 20px 0px 20px ; border-radius:0px; '><p><div  style='padding-bottom:15px; color:#000000;font-size:36px;' class='av-special-heading av-special-heading-h1 custom-color-heading blockquote modern-quote  avia-builder-el-3  el_before_av_textblock  avia-builder-el-first  av-inherit-size '><h1 class='av-special-heading-tag '  >\u00dcber CRANE ChemPharma <span class='special_amp'>&amp;<\/span> Energy Corp.<\/h1><div class='special-heading-border'><div class='special-heading-inner-border' style='border-color:#000000'><\/div><\/div><\/div><br \/>\n<section class=\"av_textblock_section \" ><div class='avia_textblock  '  ><p><strong>CRANE ChemPharma &amp; Energy<\/strong> (innerhalb des Segments Process Flow Technologies von Crane) entwickelt und fertigt eine Vielzahl von Hochleistungsprodukten, darunter Ventile, Rohre, Antriebe und Fittings, um nur einige zu nennen. Die bew\u00e4hrten Marken ALOYCO\u00ae, BAUM\u00ae, CENTER LINE\u00ae, COMPAC-NOZ\u00ae, CRANE\u00ae, DEPA\u00ae &amp; ELRO\u00ae, DOPAK\u00ae, DUO-CHEK\u00ae, FLOWSEAL\u00ae, GYROLOK\u00ae, GO REGULATOR\u00ae, HOKE\u00ae, JENKINS\u00ae, KROMBACH\u00ae, NOZ-CHEK\u00ae, PACIFIC VALVES\u00ae, RESISTOFLEX\u00ae, REVO\u00ae, SAUNDERS\u00ae, STOCKHAM\u00ae, TEXAS SAMPLING\u00ae, TRIANGLE\u00ae, UNI-CHEK\u00ae, VALVES\u00ae, WESTLOCK CONTROLS\u00ae, WTA\u00ae und XOMOX\u00ae bieten den Kunden ein komplettes und innovatives Portfolio, das f\u00fcr die anspruchsvollsten Anwendungen in den Bereichen chemische Verarbeitung, Biotechnologie, Pharmazeutik, \u00d6l und Gas, Raffinerie und Energieerzeugung entwickelt wurde. F\u00fcr weitere Informationen besuchen Sie bitte: <a href=\"https:\/\/cranecpe.com\/de\/\">www.cranecpe.com,\u00a0<\/a><a href=\"https:\/\/www.craneco.com\/\">www.craneco.com<\/a><\/p>\n<\/div><\/section><\/p><\/div><div class='av-flex-placeholder'><\/div><div class=\"flex_column av_one_half  avia-full-contain flex_column_table_cell av-equal-height-column av-align-middle av-zero-column-padding   avia-builder-el-5  el_after_av_one_half  el_before_av_one_full  \" style='background:url(https:\/\/cranecpe.com\/wp-content\/uploads\/img_news-845x566.jpg) center center no-repeat ; border-radius:0px; '><\/div><\/div><!--close column table wrapper. Autoclose: 1 --><\/p>\n<div class='flex_column_table av-equal-height-column-flextable -flextable' ><div class=\"flex_column av_one_full  flex_column_table_cell av-equal-height-column av-align-middle first  avia-builder-el-6  el_after_av_one_half  el_before_av_one_half  column-top-margin\" style='padding:0px 20px 0px 20px ; border-radius:0px; '><p><div  style='padding-bottom:15px; color:#000000;font-size:36px;' class='av-special-heading av-special-heading-h1 custom-color-heading blockquote modern-quote  avia-builder-el-7  el_before_av_textblock  avia-builder-el-first  av-inherit-size '><h1 class='av-special-heading-tag '  >Das Erbe der Innovation<\/h1><div class='special-heading-border'><div class='special-heading-inner-border' style='border-color:#000000'><\/div><\/div><\/div><br \/>\n<section class=\"av_textblock_section \" ><div class='avia_textblock  '  ><p>Die Mitarbeiter von Crane k\u00f6nnen mit Stolz auf eine gemeinsame 155-j\u00e4hrige Erfolgsgeschichte zur\u00fcckblicken: Faire Behandlung der Mitarbeiter, ehrlicher und verantwortungsvoller Umgang mit Kunden, Lieferanten und Anteilseignern sowie ein gro\u00dfes Ma\u00df an harter Arbeit, um die Erwartungen der Kunden zu erf\u00fcllen oder sogar zu \u00fcbertreffen. Dar\u00fcber hinaus verbindet sie eine faszinierende Geschichte der Innovation, die bis in die Anf\u00e4nge der industriellen Revolution zur\u00fcckreicht und sich bis in unsere moderne Zeit erstreckt, in der Entwicklung und Verbesserung von Produkten ohne den Einsatz von Technologie nicht mehr vorstellbar ist.<br \/>\nSo vielf\u00e4ltig die Gesch\u00e4ftsbereiche, Standorte und Marktchancen von Crane auch sein m\u00f6gen, so ist das Handeln des Unternehmens seit jeher gepr\u00e4gt von ethischen Normen. Wo auch immer Crane seine Gesch\u00e4fte f\u00fchrt, an diesen Werten wird unverr\u00fcckbar und \u00fcbereinstimmend festgehalten. Crane Co. wurde von Richard Teller Crane gegr\u00fcndet, der damals beschloss, \u201emeine Gesch\u00e4fte nach allen Geboten der Tugend und Fairness zu f\u00fchren, Lug und Trug zu vermeiden, gleicherma\u00dfen fair mit Kunden und Konkurrenten umzugehen, mich gegen\u00fcber meinen Mitarbeitern offen und gerecht zu verhalten und mein ganzes Tun und Streben in den Dienst meiner Aufgabe zu stellen.&#8221;<br \/>\nAn diesen Prinzipien h\u00e4lt Crane bis heute fest. Eine Karriere bei Crane bedeutet, dass Sie in all Ihrem Handeln auf ein Ziel der kontinuierlichen Verbesserung hinarbeiten und dies innerhalb eines \u00e4u\u00dferst ethischen Umfelds, welches die pers\u00f6nliche Weiterentwicklung f\u00f6rdert.<\/p>\n<\/div><\/section><\/p><\/div><\/div><!--close column table wrapper. Autoclose: 1 -->\n<div class='flex_column_table av-equal-height-column-flextable -flextable' style='margin-top:20px; margin-bottom:20px; '><div class=\"flex_column av_one_half  avia-full-contain flex_column_table_cell av-equal-height-column av-align-middle av-zero-column-padding first  avia-builder-el-9  el_after_av_one_full  el_before_av_one_half  column-top-margin\" style='background:url(https:\/\/cranecpe.com\/wp-content\/uploads\/RT_Crane2-845x618.jpg) top left no-repeat ; border-radius:0px; '><\/div>\n<div class='av-flex-placeholder'><\/div><div class=\"flex_column av_one_half  flex_column_table_cell av-equal-height-column av-align-middle   avia-builder-el-10  el_after_av_one_half  el_before_av_one_half  column-top-margin\" style='padding:140px 20px 140px 20px ; border-radius:0px; '><div class='avia-data-table-wrap avia_responsive_table'><table class='avia-table avia-data-table avia-table-1  avia-builder-el-11  avia-builder-el-no-sibling  avia_pricing_default ' ><tbody><tr class='avia-heading-row'><th class=''>Overview Brochures\u00a0<\/th><\/tr><tr class=''><td class=''><a href=\"\/wp-content\/uploads\/CPE-OVERVIEW-DE-A4-2023_03_02-web.pdf\" target=\"_blank\" rel=\"noopener\">Crane CPE Overview \u2013 Brochure DE \u2013 A4<\/a><\/td><\/tr><tr class=''><td class=''><a href=\"\/wp-content\/uploads\/CPE-OVERVIEW-EN-LT-2023_03_02-web.pdf\" target=\"_blank\" rel=\"noopener\">Crane CPE Overview \u2013 Brochure (North America)<\/a><\/td><\/tr><tr class=''><td class=''><a href=\"\/wp-content\/uploads\/CPE-OVERVIEW-EN-A4-2023_03_02-web.pdf\" target=\"_blank\" rel=\"noopener\">Crane CPE Overview \u2013 Brochure EN \u2013 A4<\/a><\/td><\/tr><tr class=''><td class=''><a href=\"\/wp-content\/uploads\/CPE-OVERVIEW-PL-A4-2023_05_05-web.pdf\" target=\"_blank\" rel=\"noopener\">Crane CPE Overview \u2013 Brochure PL \u2013 A4<\/a><\/td><\/tr><tr class=''><td class=''><a href=\"\/wp-content\/uploads\/CPE-OVERVIEW-CN-A4-2023_03_02-web.pdf\" target=\"_blank\" rel=\"noopener\">Crane CPE Overview \u2013 Brochure CN \u2013 A4<\/a><\/td><\/tr><\/tbody><\/table><\/div><style type='text\/css'>.avia-table-1 td:nth-of-type(1):before { content: 'Overview Brochures\u00a0'; } <\/style><\/div><\/div><!--close column table wrapper. Autoclose: 1 -->\n<div class='flex_column_table av-equal-height-column-flextable -flextable' style='margin-top:40px; margin-bottom:40px; '><div class=\"flex_column av_one_half  flex_column_table_cell av-equal-height-column av-align-middle first  avia-builder-el-12  el_after_av_one_half  el_before_av_one_half  column-top-margin\" style='padding:40px 20px 40px 20px ; border-radius:0px; '><p><div  style='padding-bottom:15px; color:#000000;font-size:36px;' class='av-special-heading av-special-heading-h1 custom-color-heading blockquote modern-quote  avia-builder-el-13  el_before_av_textblock  avia-builder-el-first  av-inherit-size '><h1 class='av-special-heading-tag '  >\u00dcber CRANE<\/h1><div class='special-heading-border'><div class='special-heading-inner-border' style='border-color:#000000'><\/div><\/div><\/div><br \/>\n<section class=\"av_textblock_section \" ><div class='avia_textblock  '  ><p>Die<strong> Crane Company <\/strong>bietet ihren Kunden seit ihrer Gr\u00fcndung im Jahr 1855 innovative und technologieorientierte L\u00f6sungen. Heute ist Crane ein f\u00fchrender Hersteller von hochentwickelten Komponenten f\u00fcr anspruchsvolle, unternehmenskritische Anwendungen mit Schwerpunkt auf den Endm\u00e4rkten Luft- und Raumfahrt, Verteidigung, Raumfahrt und Prozessflussindustrie. Das Unternehmen besteht aus zwei strategischen Wachstumsplattformen, Aerospace &amp; Electronics und Process Flow Technologies, sowie dem Segment Engineered Materials. Crane besch\u00e4ftigt rund 7.000 Mitarbeiter in Nord- und S\u00fcdamerika, Europa, dem Nahen Osten, Asien und Australien. Weitere Informationen finden Sie unter\u00a0 <a href=\"http:\/\/www.craneco.com\/\">www.craneco.com<\/a>.<\/p>\n<p>Das Segment <strong>Crane Process Flow Technologies<\/strong> ist ein globaler Anbieter hochentwickelter Produkte und Systeme, der die Chemie-, Petrochemie-, Pharmazie-, Wasser- und Abwasserm\u00e4rkte sowie allgemeine Industriem\u00e4rkte bedient. Mit propriet\u00e4rer Technologie und differenzierten Designs l\u00f6sen wir die h\u00e4rtesten Herausforderungen unserer Kunden in vielen der anspruchsvollsten und gef\u00e4hrlichsten Umgebungen.<\/p>\n<\/div><\/section><\/p><\/div>\n<div class='av-flex-placeholder'><\/div><div class=\"flex_column av_one_half  avia-full-contain flex_column_table_cell av-equal-height-column av-align-middle av-zero-column-padding   avia-builder-el-15  el_after_av_one_half  avia-builder-el-last  column-top-margin\" style='background:url(https:\/\/cranecpe.com\/wp-content\/uploads\/about-us-heritage-1.jpg) top center no-repeat ; border-radius:0px; '><\/div><\/div><!--close column table wrapper. Autoclose: 1 -->\n","protected":false},"excerpt":{"rendered":"","protected":false},"author":19,"featured_media":0,"parent":0,"menu_order":0,"comment_status":"closed","ping_status":"closed","template":"","meta":{"_acf_changed":false,"footnotes":""},"acf":[],"yoast_head":"<!-- This site is optimized with the Yoast SEO Premium plugin v24.5 (Yoast SEO v24.5) - https:\/\/yoast.com\/wordpress\/plugins\/seo\/ -->\n<title>\u00dcber uns - CRANE ChemPharma &amp; Energy<\/title>\n<meta name=\"robots\" content=\"index, follow, max-snippet:-1, max-image-preview:large, max-video-preview:-1\" \/>\n<link rel=\"canonical\" href=\"https:\/\/cranecpe.com\/de\/ueber-uns\/\" \/>\n<meta property=\"og:locale\" content=\"de_DE\" \/>\n<meta property=\"og:type\" content=\"article\" \/>\n<meta property=\"og:title\" content=\"\u00dcber uns\" \/>\n<meta property=\"og:url\" content=\"https:\/\/cranecpe.com\/de\/ueber-uns\/\" \/>\n<meta property=\"og:site_name\" content=\"CRANE ChemPharma &amp; Energy\" \/>\n<meta property=\"article:modified_time\" content=\"2025-08-11T12:23:24+00:00\" \/>\n<meta property=\"og:image\" content=\"https:\/\/cranecpe.com\/wp-content\/uploads\/Logo-Yoast2.png\" \/>\n\t<meta property=\"og:image:width\" content=\"1058\" \/>\n\t<meta property=\"og:image:height\" content=\"567\" \/>\n\t<meta property=\"og:image:type\" content=\"image\/png\" \/>\n<meta name=\"twitter:card\" content=\"summary_large_image\" \/>\n<meta name=\"twitter:label1\" content=\"Gesch\u00e4tzte Lesezeit\" \/>\n\t<meta name=\"twitter:data1\" content=\"6\u00a0Minuten\" \/>\n<script type=\"application\/ld+json\" class=\"yoast-schema-graph\">{\"@context\":\"https:\/\/schema.org\",\"@graph\":[{\"@type\":\"WebPage\",\"@id\":\"https:\/\/cranecpe.com\/de\/ueber-uns\/\",\"url\":\"https:\/\/cranecpe.com\/de\/ueber-uns\/\",\"name\":\"\u00dcber uns - CRANE ChemPharma &amp; Energy\",\"isPartOf\":{\"@id\":\"https:\/\/cranecpe.com\/de\/#website\"},\"datePublished\":\"2020-01-15T19:57:44+00:00\",\"dateModified\":\"2025-08-11T12:23:24+00:00\",\"breadcrumb\":{\"@id\":\"https:\/\/cranecpe.com\/de\/ueber-uns\/#breadcrumb\"},\"inLanguage\":\"de\",\"potentialAction\":[{\"@type\":\"ReadAction\",\"target\":[\"https:\/\/cranecpe.com\/de\/ueber-uns\/\"]}]},{\"@type\":\"BreadcrumbList\",\"@id\":\"https:\/\/cranecpe.com\/de\/ueber-uns\/#breadcrumb\",\"itemListElement\":[{\"@type\":\"ListItem\",\"position\":1,\"name\":\"Home\",\"item\":\"https:\/\/cranecpe.com\/de\/home\/\"},{\"@type\":\"ListItem\",\"position\":2,\"name\":\"\u00dcber uns\"}]},{\"@type\":\"WebSite\",\"@id\":\"https:\/\/cranecpe.com\/de\/#website\",\"url\":\"https:\/\/cranecpe.com\/de\/\",\"name\":\"CRANE ChemPharma & Energy\",\"description\":\"ChemPharma &amp; Energy\",\"publisher\":{\"@id\":\"https:\/\/cranecpe.com\/de\/#organization\"},\"potentialAction\":[{\"@type\":\"SearchAction\",\"target\":{\"@type\":\"EntryPoint\",\"urlTemplate\":\"https:\/\/cranecpe.com\/de\/?s={search_term_string}\"},\"query-input\":{\"@type\":\"PropertyValueSpecification\",\"valueRequired\":true,\"valueName\":\"search_term_string\"}}],\"inLanguage\":\"de\"},{\"@type\":\"Organization\",\"@id\":\"https:\/\/cranecpe.com\/de\/#organization\",\"name\":\"Crane ChemPharma & Energy\",\"alternateName\":\"Crane CPE\",\"url\":\"https:\/\/cranecpe.com\/de\/\",\"logo\":{\"@type\":\"ImageObject\",\"inLanguage\":\"de\",\"@id\":\"https:\/\/cranecpe.com\/de\/#\/schema\/logo\/image\/\",\"url\":\"https:\/\/cranecpe.com\/wp-content\/uploads\/Logo-Yoast-1.png\",\"contentUrl\":\"https:\/\/cranecpe.com\/wp-content\/uploads\/Logo-Yoast-1.png\",\"width\":696,\"height\":696,\"caption\":\"Crane ChemPharma & Energy\"},\"image\":{\"@id\":\"https:\/\/cranecpe.com\/de\/#\/schema\/logo\/image\/\"},\"sameAs\":[\"https:\/\/www.linkedin.com\/company\/crane-chempharma-energy\",\"https:\/\/vimeo.com\/user30117535\"],\"description\":\"CRANE ChemPharma & Energy designs and manufactures highly engineered products: check valves, sleeved plug valves, lined valves, process ball valves, high performance butterfly valves, bellows sealed globe valves, aseptic and industrial diaphragm valves, multi \/ quarter-turn valves, actuation, sight glasses, lined pipe, fittings and hoses, and air operated diaphragm and peristaltic pumps. Our trusted brands include ALOYCO\u00ae, BAUM\u00ae, CENTER LINE\u00ae, COMPAC-NOZ\u00ae, CRANE\u00ae, CRANE\u00ae CRYOGENICS, DEPA\u00ae & ELRO\u00ae, DOPAK\u00ae, DUO-CHEK\u00ae, FLOWSEAL\u00ae, GYROLOK\u00ae, GO REGULATOR\u00ae, HOKE\u00ae, JENKINS\u00ae, KROMBACH\u00ae, NOZ-CHEK\u00ae, PACIFIC VALVES\u00ae, RESISTOFLEX\u00ae, REVO\u00ae, SAUNDERS\u00ae, STOCKHAM\u00ae, TEXAS SAMPLING\u00ae, TRIANGLE\u00ae, UNI-CHEK\u00ae, VALVES\u00ae, WESTLOCK CONTROLS\u00ae, WTA\u00ae, and XOMOX\u00ae offer customers a complete and innovative portfolio, designed for the most demanding applications - chemical processing, biotechnology, pharmaceutical, oil and gas, refining and power generation. For more information please visit: www.cranecpe.com, www.craneco.com\",\"legalName\":\"Crane ChemPharma & Energy\"}]}<\/script>\n<!-- \/ Yoast SEO Premium plugin. -->","yoast_head_json":{"title":"\u00dcber uns - CRANE ChemPharma &amp; Energy","robots":{"index":"index","follow":"follow","max-snippet":"max-snippet:-1","max-image-preview":"max-image-preview:large","max-video-preview":"max-video-preview:-1"},"canonical":"https:\/\/cranecpe.com\/de\/ueber-uns\/","og_locale":"de_DE","og_type":"article","og_title":"\u00dcber uns","og_url":"https:\/\/cranecpe.com\/de\/ueber-uns\/","og_site_name":"CRANE ChemPharma &amp; Energy","article_modified_time":"2025-08-11T12:23:24+00:00","og_image":[{"width":1058,"height":567,"url":"https:\/\/cranecpe.com\/wp-content\/uploads\/Logo-Yoast2.png","type":"image\/png"}],"twitter_card":"summary_large_image","twitter_misc":{"Gesch\u00e4tzte Lesezeit":"6\u00a0Minuten"},"schema":{"@context":"https:\/\/schema.org","@graph":[{"@type":"WebPage","@id":"https:\/\/cranecpe.com\/de\/ueber-uns\/","url":"https:\/\/cranecpe.com\/de\/ueber-uns\/","name":"\u00dcber uns - CRANE ChemPharma &amp; Energy","isPartOf":{"@id":"https:\/\/cranecpe.com\/de\/#website"},"datePublished":"2020-01-15T19:57:44+00:00","dateModified":"2025-08-11T12:23:24+00:00","breadcrumb":{"@id":"https:\/\/cranecpe.com\/de\/ueber-uns\/#breadcrumb"},"inLanguage":"de","potentialAction":[{"@type":"ReadAction","target":["https:\/\/cranecpe.com\/de\/ueber-uns\/"]}]},{"@type":"BreadcrumbList","@id":"https:\/\/cranecpe.com\/de\/ueber-uns\/#breadcrumb","itemListElement":[{"@type":"ListItem","position":1,"name":"Home","item":"https:\/\/cranecpe.com\/de\/home\/"},{"@type":"ListItem","position":2,"name":"\u00dcber uns"}]},{"@type":"WebSite","@id":"https:\/\/cranecpe.com\/de\/#website","url":"https:\/\/cranecpe.com\/de\/","name":"CRANE ChemPharma & Energy","description":"ChemPharma &amp; Energy","publisher":{"@id":"https:\/\/cranecpe.com\/de\/#organization"},"potentialAction":[{"@type":"SearchAction","target":{"@type":"EntryPoint","urlTemplate":"https:\/\/cranecpe.com\/de\/?s={search_term_string}"},"query-input":{"@type":"PropertyValueSpecification","valueRequired":true,"valueName":"search_term_string"}}],"inLanguage":"de"},{"@type":"Organization","@id":"https:\/\/cranecpe.com\/de\/#organization","name":"Crane ChemPharma & Energy","alternateName":"Crane CPE","url":"https:\/\/cranecpe.com\/de\/","logo":{"@type":"ImageObject","inLanguage":"de","@id":"https:\/\/cranecpe.com\/de\/#\/schema\/logo\/image\/","url":"https:\/\/cranecpe.com\/wp-content\/uploads\/Logo-Yoast-1.png","contentUrl":"https:\/\/cranecpe.com\/wp-content\/uploads\/Logo-Yoast-1.png","width":696,"height":696,"caption":"Crane ChemPharma & Energy"},"image":{"@id":"https:\/\/cranecpe.com\/de\/#\/schema\/logo\/image\/"},"sameAs":["https:\/\/www.linkedin.com\/company\/crane-chempharma-energy","https:\/\/vimeo.com\/user30117535"],"description":"CRANE ChemPharma & Energy designs and manufactures highly engineered products: check valves, sleeved plug valves, lined valves, process ball valves, high performance butterfly valves, bellows sealed globe valves, aseptic and industrial diaphragm valves, multi \/ quarter-turn valves, actuation, sight glasses, lined pipe, fittings and hoses, and air operated diaphragm and peristaltic pumps. Our trusted brands include ALOYCO\u00ae, BAUM\u00ae, CENTER LINE\u00ae, COMPAC-NOZ\u00ae, CRANE\u00ae, CRANE\u00ae CRYOGENICS, DEPA\u00ae & ELRO\u00ae, DOPAK\u00ae, DUO-CHEK\u00ae, FLOWSEAL\u00ae, GYROLOK\u00ae, GO REGULATOR\u00ae, HOKE\u00ae, JENKINS\u00ae, KROMBACH\u00ae, NOZ-CHEK\u00ae, PACIFIC VALVES\u00ae, RESISTOFLEX\u00ae, REVO\u00ae, SAUNDERS\u00ae, STOCKHAM\u00ae, TEXAS SAMPLING\u00ae, TRIANGLE\u00ae, UNI-CHEK\u00ae, VALVES\u00ae, WESTLOCK CONTROLS\u00ae, WTA\u00ae, and XOMOX\u00ae offer customers a complete and innovative portfolio, designed for the most demanding applications - chemical processing, biotechnology, pharmaceutical, oil and gas, refining and power generation. For more information please visit: www.cranecpe.com, www.craneco.com","legalName":"Crane ChemPharma & Energy"}]}},"_links":{"self":[{"href":"https:\/\/cranecpe.com\/de\/wp-json\/wp\/v2\/pages\/11214"}],"collection":[{"href":"https:\/\/cranecpe.com\/de\/wp-json\/wp\/v2\/pages"}],"about":[{"href":"https:\/\/cranecpe.com\/de\/wp-json\/wp\/v2\/types\/page"}],"author":[{"embeddable":true,"href":"https:\/\/cranecpe.com\/de\/wp-json\/wp\/v2\/users\/19"}],"replies":[{"embeddable":true,"href":"https:\/\/cranecpe.com\/de\/wp-json\/wp\/v2\/comments?post=11214"}],"version-history":[{"count":41,"href":"https:\/\/cranecpe.com\/de\/wp-json\/wp\/v2\/pages\/11214\/revisions"}],"predecessor-version":[{"id":297777,"href":"https:\/\/cranecpe.com\/de\/wp-json\/wp\/v2\/pages\/11214\/revisions\/297777"}],"wp:attachment":[{"href":"https:\/\/cranecpe.com\/de\/wp-json\/wp\/v2\/media?parent=11214"}],"curies":[{"name":"wp","href":"https:\/\/api.w.org\/{rel}","templated":true}]}}