{"id":11153,"date":"2020-01-14T15:55:13","date_gmt":"2020-01-14T20:55:13","guid":{"rendered":"http:\/\/cranecpe.knowledge4you.ca\/loesungen\/kesselwagensysteme\/tankwagensysteme-fuer-gas\/details-zusatzausstattung-fuer-systeme-aus-stahl"},"modified":"2020-04-03T15:14:12","modified_gmt":"2020-04-03T19:14:12","slug":"details-zusatzausstattung-fuer-systeme-aus-stahl","status":"publish","type":"page","link":"https:\/\/cranecpe.com\/de\/loesungen\/kesselwagensysteme\/tankwagensysteme-fuer-gas\/details-zusatzausstattung-fuer-systeme-aus-stahl\/","title":{"rendered":"Details \u2013 Zusatzausstattung f\u00fcr Systeme aus Stahl"},"content":{"rendered":"<div  style='padding-bottom:15px; margin:0 0 0 0; ' class='av-special-heading av-special-heading-h1  blockquote modern-quote  avia-builder-el-0  el_before_av_heading  avia-builder-el-first  '><h1 class='av-special-heading-tag '  >Details \u2013 Zusatzausstattung f\u00fcr Systeme aus Stahl<\/h1><div class='special-heading-border'><div class='special-heading-inner-border' ><\/div><\/div><\/div>\n<div  style='padding-bottom:10px; ' class='av-special-heading av-special-heading-h3    avia-builder-el-1  el_after_av_heading  el_before_av_textblock  '><h3 class='av-special-heading-tag '  > Standard-Kesselwagen-Systeme<\/h3><div class='special-heading-border'><div class='special-heading-inner-border' ><\/div><\/div><\/div>\n<section class=\"av_textblock_section \" ><div class='avia_textblock  '  ><ul>\n<li><a href=\"#BV50H\">Mechanisch bet\u00e4tigte Bodenablassventile, Typ BV 50H und BV 80H<\/a><\/li>\n<li><a href=\"#AV800\">Schr\u00e4gsitz-Kugelh\u00e4hne f\u00fcr Druckgas, Typ AV 800<\/a><\/li>\n<li><a href=\"#Reducers\">Reduzierst\u00fccke<\/a><\/li>\n<\/ul>\n<\/div><\/section>\n<section class=\"av_textblock_section \" ><div class='avia_textblock  '  ><p><a id=\"BV50H\" name=\"BV50H\"><\/a><\/p>\n<\/div><\/section>\n<div class=\"flex_column av_one_fifth  flex_column_div av-zero-column-padding first  avia-builder-el-4  el_after_av_textblock  el_before_av_four_fifth  column-top-margin\" style='border-radius:0px; '><div  class='avia-image-container  av-styling-    avia-builder-el-5  avia-builder-el-no-sibling  avia-align-center '  ><div class='avia-image-container-inner'><div class='avia-image-overlay-wrap'><img class='avia_image' src='https:\/\/cranecpe.com\/wp-content\/uploads\/BV50u80.gif' alt='' title='BV50u80' height=\"264\" width=\"156\"  \/><\/div><\/div><\/div><\/div>\n<div class=\"flex_column av_four_fifth  flex_column_div av-zero-column-padding   avia-builder-el-6  el_after_av_one_fifth  el_before_av_textblock  column-top-margin\" style='border-radius:0px; '><p><div  style='padding-bottom:10px; ' class='av-special-heading av-special-heading-h3    avia-builder-el-7  el_before_av_textblock  avia-builder-el-first  '><h3 class='av-special-heading-tag '  >Mechanisch bet\u00e4tigte Bodenablassventile, Typ BV 50H und BV 80H<\/h3><div class='special-heading-border'><div class='special-heading-inner-border' ><\/div><\/div><\/div><br \/>\n<section class=\"av_textblock_section \" ><div class='avia_textblock  '  ><p>Einschlie\u00dflich Blockflansch. Bauteilpr\u00fcfung gem\u00e4\u00df GGVSE\/RID\/ADR, TRT 002, TPED<\/p>\n<p>Sonderbauformen auf Anfrage erh\u00e4ltlich:<\/p>\n<ul>\n<li>mit Heizmantel<\/li>\n<li>mit kundenspezifischen Endanschl\u00fcssen<\/li>\n<\/ul>\n<table class=\"tableSpec\" border=\"0\" cellspacing=\"0\" cellpadding=\"0\">\n<tbody>\n<tr>\n<th colspan=\"4\">Technische Daten<\/th>\n<\/tr>\n<tr>\n<th colspan=\"2\">Werkstoffe<\/th>\n<th rowspan=\"2\">Nennweite<\/th>\n<th rowspan=\"2\">Nenndruck<\/th>\n<\/tr>\n<tr>\n<th>Geh\u00e4use<\/th>\n<th>Dichtungen<\/th>\n<\/tr>\n<tr>\n<td>X6CrNiMoTi17-12-2 (1.4571)<br \/>\nGS21Mn5 (1.1138)<br \/>\nGXCrNiNb19-10 (1.4552)<\/td>\n<td>PTFE \/ GFK<br \/>\nNeopren \/ Silikon<\/td>\n<td>DN 50, 80<\/td>\n<td>PN 25<\/td>\n<\/tr>\n<\/tbody>\n<\/table>\n<\/div><\/section><\/p><\/div>\n<section class=\"av_textblock_section \" ><div class='avia_textblock  '  ><p><a id=\"AV800\" name=\"AV800\"><\/a><\/p>\n<\/div><\/section>\n<div class=\"flex_column av_one_fifth  flex_column_div av-zero-column-padding first  avia-builder-el-10  el_after_av_textblock  el_before_av_four_fifth  column-top-margin\" style='border-radius:0px; '><div  class='avia-image-container  av-styling-    avia-builder-el-11  avia-builder-el-no-sibling  avia-align-center '  ><div class='avia-image-container-inner'><div class='avia-image-overlay-wrap'><img class='avia_image' src='https:\/\/cranecpe.com\/wp-content\/uploads\/k_druck1.gif' alt='' title='k_druck1' height=\"354\" width=\"333\"  \/><\/div><\/div><\/div><\/div>\n<div class=\"flex_column av_four_fifth  flex_column_div av-zero-column-padding   avia-builder-el-12  el_after_av_one_fifth  el_before_av_textblock  column-top-margin\" style='border-radius:0px; '><p><div  style='padding-bottom:10px; ' class='av-special-heading av-special-heading-h3    avia-builder-el-13  el_before_av_textblock  avia-builder-el-first  '><h3 class='av-special-heading-tag '  >Schr\u00e4gsitz-Kugelh\u00e4hne f\u00fcr Druckgas, Typ AV 800<\/h3><div class='special-heading-border'><div class='special-heading-inner-border' ><\/div><\/div><\/div><br \/>\n<section class=\"av_textblock_section \" ><div class='avia_textblock  '  ><p>Mit Faltenbalg und federunterst\u00fctzter Sicherheitsstopfbuchse, mit Restmengenentleerung, mit beidseitigem Flanschanschluss, PN 25. Flansche beidseitig optional mit R\u00fccksprung oder eine Seite mit Vorsprung und die andere Seite mit R\u00fccksprung. Bauteilpr\u00fcfung gem\u00e4\u00df GGVE\/RID, TRT 002\/024<\/p>\n<p>Sonderbauformen auf Anfrage erh\u00e4ltlich:<\/p>\n<ul>\n<li>Flanschanschl\u00fcsse an PN 40<\/li>\n<li>Ventil mit versetzter Achse<\/li>\n<\/ul>\n<table class=\"tableSpec\" border=\"0\" cellspacing=\"0\" cellpadding=\"0\">\n<tbody>\n<tr>\n<th colspan=\"7\">Technische Daten<\/th>\n<\/tr>\n<tr>\n<th colspan=\"5\">Werkstoffe<\/th>\n<th rowspan=\"2\">Nennweite<\/th>\n<th rowspan=\"2\">Nenndruck<\/th>\n<\/tr>\n<tr>\n<th>Geh\u00e4use<\/th>\n<th>Innenteile<\/th>\n<th>Kegelsitz<\/th>\n<th>Spindeldichtung<\/th>\n<th>Schraubdeckel<\/th>\n<\/tr>\n<tr>\n<td>GX5CrNiMo19-11-2 (1.4408)<br \/>\nGX5CrNi19-10 (1.4308)<br \/>\nGS21Mn5 (1.1138)<\/td>\n<td>X6CrNiMoTi17-12-2 (1.4571)<br \/>\nEdelstahl<\/td>\n<td>PTFE<\/td>\n<td>Reiner Graphit<\/td>\n<td>X6CrNiMoTi17-12-2 (1.4571)<\/td>\n<td>DN 50, 80<\/td>\n<td>PN 25<\/td>\n<\/tr>\n<\/tbody>\n<\/table>\n<\/div><\/section><\/p><\/div>\n<section class=\"av_textblock_section \" ><div class='avia_textblock  '  ><p><a id=\"Reducers\" name=\"Reducers\"><\/a><\/p>\n<\/div><\/section>\n<div class=\"flex_column av_one_fifth  flex_column_div av-zero-column-padding first  avia-builder-el-16  el_after_av_textblock  el_before_av_four_fifth  column-top-margin\" style='border-radius:0px; '><div  class='avia-image-container  av-styling-    avia-builder-el-17  avia-builder-el-no-sibling  avia-align-center '  ><div class='avia-image-container-inner'><div class='avia-image-overlay-wrap'><img class='avia_image' src='https:\/\/cranecpe.com\/wp-content\/uploads\/Reduzierstck.gif' alt='' title='Reduzierstck' height=\"291\" width=\"190\"  \/><\/div><\/div><\/div><\/div>\n<div class=\"flex_column av_four_fifth  flex_column_div av-zero-column-padding   avia-builder-el-18  el_after_av_one_fifth  avia-builder-el-last  column-top-margin\" style='border-radius:0px; '><p><div  style='padding-bottom:10px; ' class='av-special-heading av-special-heading-h3    avia-builder-el-19  el_before_av_textblock  avia-builder-el-first  '><h3 class='av-special-heading-tag '  >Reduzierst\u00fccke<\/h3><div class='special-heading-border'><div class='special-heading-inner-border' ><\/div><\/div><\/div><br \/>\n<section class=\"av_textblock_section \" ><div class='avia_textblock  '  ><p>Zur Reduzierung von DN 80 auf DN 50, DN 80 mit Vorsprung, DN 50 mit R\u00fccksprung<\/p>\n<table class=\"tableSpec\" border=\"0\" cellspacing=\"0\" cellpadding=\"0\">\n<tbody>\n<tr>\n<th>Technische Daten<\/th>\n<\/tr>\n<tr>\n<th>Werkstoffe<\/th>\n<\/tr>\n<tr>\n<td>Edelstahlguss GX5CrNiMo19-11-2 (1.4408)<br \/>\nGussstahl GS21Mn5 (1.1138)<\/td>\n<\/tr>\n<\/tbody>\n<\/table>\n<\/div><\/section><\/p><\/div>\n","protected":false},"excerpt":{"rendered":"","protected":false},"author":19,"featured_media":0,"parent":11130,"menu_order":0,"comment_status":"closed","ping_status":"closed","template":"","meta":{"_acf_changed":false,"footnotes":""},"acf":[],"yoast_head":"<!-- This site is optimized with the Yoast SEO Premium plugin v24.5 (Yoast SEO v24.5) - https:\/\/yoast.com\/wordpress\/plugins\/seo\/ -->\n<title>Details \u2013 Zusatzausstattung f\u00fcr Systeme aus Stahl - CRANE ChemPharma &amp; Energy<\/title>\n<meta name=\"robots\" content=\"index, follow, max-snippet:-1, max-image-preview:large, max-video-preview:-1\" \/>\n<link rel=\"canonical\" href=\"https:\/\/cranecpe.com\/de\/loesungen\/kesselwagensysteme\/tankwagensysteme-fuer-gas\/details-zusatzausstattung-fuer-systeme-aus-stahl\/\" \/>\n<meta property=\"og:locale\" content=\"de_DE\" \/>\n<meta property=\"og:type\" content=\"article\" \/>\n<meta property=\"og:title\" content=\"Details \u2013 Zusatzausstattung f\u00fcr Systeme aus Stahl\" \/>\n<meta property=\"og:url\" content=\"https:\/\/cranecpe.com\/de\/loesungen\/kesselwagensysteme\/tankwagensysteme-fuer-gas\/details-zusatzausstattung-fuer-systeme-aus-stahl\/\" \/>\n<meta property=\"og:site_name\" content=\"CRANE ChemPharma &amp; Energy\" \/>\n<meta property=\"article:modified_time\" content=\"2020-04-03T19:14:12+00:00\" \/>\n<meta property=\"og:image\" content=\"https:\/\/cranecpe.com\/wp-content\/uploads\/Logo-Yoast2.png\" \/>\n\t<meta property=\"og:image:width\" content=\"1058\" \/>\n\t<meta property=\"og:image:height\" content=\"567\" \/>\n\t<meta property=\"og:image:type\" content=\"image\/png\" \/>\n<meta name=\"twitter:card\" content=\"summary_large_image\" \/>\n<meta name=\"twitter:label1\" content=\"Gesch\u00e4tzte Lesezeit\" \/>\n\t<meta name=\"twitter:data1\" content=\"8\u00a0Minuten\" \/>\n<script type=\"application\/ld+json\" class=\"yoast-schema-graph\">{\"@context\":\"https:\/\/schema.org\",\"@graph\":[{\"@type\":\"WebPage\",\"@id\":\"https:\/\/cranecpe.com\/de\/loesungen\/kesselwagensysteme\/tankwagensysteme-fuer-gas\/details-zusatzausstattung-fuer-systeme-aus-stahl\/\",\"url\":\"https:\/\/cranecpe.com\/de\/loesungen\/kesselwagensysteme\/tankwagensysteme-fuer-gas\/details-zusatzausstattung-fuer-systeme-aus-stahl\/\",\"name\":\"Details \u2013 Zusatzausstattung f\u00fcr Systeme aus Stahl - CRANE ChemPharma &amp; Energy\",\"isPartOf\":{\"@id\":\"https:\/\/cranecpe.com\/de\/#website\"},\"datePublished\":\"2020-01-14T20:55:13+00:00\",\"dateModified\":\"2020-04-03T19:14:12+00:00\",\"breadcrumb\":{\"@id\":\"https:\/\/cranecpe.com\/de\/loesungen\/kesselwagensysteme\/tankwagensysteme-fuer-gas\/details-zusatzausstattung-fuer-systeme-aus-stahl\/#breadcrumb\"},\"inLanguage\":\"de\",\"potentialAction\":[{\"@type\":\"ReadAction\",\"target\":[\"https:\/\/cranecpe.com\/de\/loesungen\/kesselwagensysteme\/tankwagensysteme-fuer-gas\/details-zusatzausstattung-fuer-systeme-aus-stahl\/\"]}]},{\"@type\":\"BreadcrumbList\",\"@id\":\"https:\/\/cranecpe.com\/de\/loesungen\/kesselwagensysteme\/tankwagensysteme-fuer-gas\/details-zusatzausstattung-fuer-systeme-aus-stahl\/#breadcrumb\",\"itemListElement\":[{\"@type\":\"ListItem\",\"position\":1,\"name\":\"Home\",\"item\":\"https:\/\/cranecpe.com\/de\/home\/\"},{\"@type\":\"ListItem\",\"position\":2,\"name\":\"L\u00f6sungen\",\"item\":\"https:\/\/cranecpe.com\/de\/loesungen\/\"},{\"@type\":\"ListItem\",\"position\":3,\"name\":\"Kesselwagensysteme\",\"item\":\"https:\/\/cranecpe.com\/de\/loesungen\/kesselwagensysteme\/\"},{\"@type\":\"ListItem\",\"position\":4,\"name\":\"Tankwagensysteme f\u00fcr Gas\",\"item\":\"https:\/\/cranecpe.com\/de\/loesungen\/kesselwagensysteme\/tankwagensysteme-fuer-gas\/\"},{\"@type\":\"ListItem\",\"position\":5,\"name\":\"Details \u2013 Zusatzausstattung f\u00fcr Systeme aus Stahl\"}]},{\"@type\":\"WebSite\",\"@id\":\"https:\/\/cranecpe.com\/de\/#website\",\"url\":\"https:\/\/cranecpe.com\/de\/\",\"name\":\"CRANE ChemPharma & Energy\",\"description\":\"ChemPharma &amp; Energy\",\"publisher\":{\"@id\":\"https:\/\/cranecpe.com\/de\/#organization\"},\"potentialAction\":[{\"@type\":\"SearchAction\",\"target\":{\"@type\":\"EntryPoint\",\"urlTemplate\":\"https:\/\/cranecpe.com\/de\/?s={search_term_string}\"},\"query-input\":{\"@type\":\"PropertyValueSpecification\",\"valueRequired\":true,\"valueName\":\"search_term_string\"}}],\"inLanguage\":\"de\"},{\"@type\":\"Organization\",\"@id\":\"https:\/\/cranecpe.com\/de\/#organization\",\"name\":\"Crane ChemPharma & Energy\",\"alternateName\":\"Crane CPE\",\"url\":\"https:\/\/cranecpe.com\/de\/\",\"logo\":{\"@type\":\"ImageObject\",\"inLanguage\":\"de\",\"@id\":\"https:\/\/cranecpe.com\/de\/#\/schema\/logo\/image\/\",\"url\":\"https:\/\/cranecpe.com\/wp-content\/uploads\/Logo-Yoast-1.png\",\"contentUrl\":\"https:\/\/cranecpe.com\/wp-content\/uploads\/Logo-Yoast-1.png\",\"width\":696,\"height\":696,\"caption\":\"Crane ChemPharma & Energy\"},\"image\":{\"@id\":\"https:\/\/cranecpe.com\/de\/#\/schema\/logo\/image\/\"},\"sameAs\":[\"https:\/\/www.linkedin.com\/company\/crane-chempharma-energy\",\"https:\/\/vimeo.com\/user30117535\"],\"description\":\"CRANE ChemPharma & Energy designs and manufactures highly engineered products: check valves, sleeved plug valves, lined valves, process ball valves, high performance butterfly valves, bellows sealed globe valves, aseptic and industrial diaphragm valves, multi \/ quarter-turn valves, actuation, sight glasses, lined pipe, fittings and hoses, and air operated diaphragm and peristaltic pumps. Our trusted brands include ALOYCO\u00ae, BAUM\u00ae, CENTER LINE\u00ae, COMPAC-NOZ\u00ae, CRANE\u00ae, CRANE\u00ae CRYOGENICS, DEPA\u00ae & ELRO\u00ae, DOPAK\u00ae, DUO-CHEK\u00ae, FLOWSEAL\u00ae, GYROLOK\u00ae, GO REGULATOR\u00ae, HOKE\u00ae, JENKINS\u00ae, KROMBACH\u00ae, NOZ-CHEK\u00ae, PACIFIC VALVES\u00ae, RESISTOFLEX\u00ae, REVO\u00ae, SAUNDERS\u00ae, STOCKHAM\u00ae, TEXAS SAMPLING\u00ae, TRIANGLE\u00ae, UNI-CHEK\u00ae, VALVES\u00ae, WESTLOCK CONTROLS\u00ae, WTA\u00ae, and XOMOX\u00ae offer customers a complete and innovative portfolio, designed for the most demanding applications - chemical processing, biotechnology, pharmaceutical, oil and gas, refining and power generation. For more information please visit: www.cranecpe.com, www.craneco.com\",\"legalName\":\"Crane ChemPharma & Energy\"}]}<\/script>\n<!-- \/ Yoast SEO Premium plugin. -->","yoast_head_json":{"title":"Details \u2013 Zusatzausstattung f\u00fcr Systeme aus Stahl - CRANE ChemPharma &amp; Energy","robots":{"index":"index","follow":"follow","max-snippet":"max-snippet:-1","max-image-preview":"max-image-preview:large","max-video-preview":"max-video-preview:-1"},"canonical":"https:\/\/cranecpe.com\/de\/loesungen\/kesselwagensysteme\/tankwagensysteme-fuer-gas\/details-zusatzausstattung-fuer-systeme-aus-stahl\/","og_locale":"de_DE","og_type":"article","og_title":"Details \u2013 Zusatzausstattung f\u00fcr Systeme aus Stahl","og_url":"https:\/\/cranecpe.com\/de\/loesungen\/kesselwagensysteme\/tankwagensysteme-fuer-gas\/details-zusatzausstattung-fuer-systeme-aus-stahl\/","og_site_name":"CRANE ChemPharma &amp; Energy","article_modified_time":"2020-04-03T19:14:12+00:00","og_image":[{"width":1058,"height":567,"url":"https:\/\/cranecpe.com\/wp-content\/uploads\/Logo-Yoast2.png","type":"image\/png"}],"twitter_card":"summary_large_image","twitter_misc":{"Gesch\u00e4tzte Lesezeit":"8\u00a0Minuten"},"schema":{"@context":"https:\/\/schema.org","@graph":[{"@type":"WebPage","@id":"https:\/\/cranecpe.com\/de\/loesungen\/kesselwagensysteme\/tankwagensysteme-fuer-gas\/details-zusatzausstattung-fuer-systeme-aus-stahl\/","url":"https:\/\/cranecpe.com\/de\/loesungen\/kesselwagensysteme\/tankwagensysteme-fuer-gas\/details-zusatzausstattung-fuer-systeme-aus-stahl\/","name":"Details \u2013 Zusatzausstattung f\u00fcr Systeme aus Stahl - CRANE ChemPharma &amp; Energy","isPartOf":{"@id":"https:\/\/cranecpe.com\/de\/#website"},"datePublished":"2020-01-14T20:55:13+00:00","dateModified":"2020-04-03T19:14:12+00:00","breadcrumb":{"@id":"https:\/\/cranecpe.com\/de\/loesungen\/kesselwagensysteme\/tankwagensysteme-fuer-gas\/details-zusatzausstattung-fuer-systeme-aus-stahl\/#breadcrumb"},"inLanguage":"de","potentialAction":[{"@type":"ReadAction","target":["https:\/\/cranecpe.com\/de\/loesungen\/kesselwagensysteme\/tankwagensysteme-fuer-gas\/details-zusatzausstattung-fuer-systeme-aus-stahl\/"]}]},{"@type":"BreadcrumbList","@id":"https:\/\/cranecpe.com\/de\/loesungen\/kesselwagensysteme\/tankwagensysteme-fuer-gas\/details-zusatzausstattung-fuer-systeme-aus-stahl\/#breadcrumb","itemListElement":[{"@type":"ListItem","position":1,"name":"Home","item":"https:\/\/cranecpe.com\/de\/home\/"},{"@type":"ListItem","position":2,"name":"L\u00f6sungen","item":"https:\/\/cranecpe.com\/de\/loesungen\/"},{"@type":"ListItem","position":3,"name":"Kesselwagensysteme","item":"https:\/\/cranecpe.com\/de\/loesungen\/kesselwagensysteme\/"},{"@type":"ListItem","position":4,"name":"Tankwagensysteme f\u00fcr Gas","item":"https:\/\/cranecpe.com\/de\/loesungen\/kesselwagensysteme\/tankwagensysteme-fuer-gas\/"},{"@type":"ListItem","position":5,"name":"Details \u2013 Zusatzausstattung f\u00fcr Systeme aus Stahl"}]},{"@type":"WebSite","@id":"https:\/\/cranecpe.com\/de\/#website","url":"https:\/\/cranecpe.com\/de\/","name":"CRANE ChemPharma & Energy","description":"ChemPharma &amp; Energy","publisher":{"@id":"https:\/\/cranecpe.com\/de\/#organization"},"potentialAction":[{"@type":"SearchAction","target":{"@type":"EntryPoint","urlTemplate":"https:\/\/cranecpe.com\/de\/?s={search_term_string}"},"query-input":{"@type":"PropertyValueSpecification","valueRequired":true,"valueName":"search_term_string"}}],"inLanguage":"de"},{"@type":"Organization","@id":"https:\/\/cranecpe.com\/de\/#organization","name":"Crane ChemPharma & Energy","alternateName":"Crane CPE","url":"https:\/\/cranecpe.com\/de\/","logo":{"@type":"ImageObject","inLanguage":"de","@id":"https:\/\/cranecpe.com\/de\/#\/schema\/logo\/image\/","url":"https:\/\/cranecpe.com\/wp-content\/uploads\/Logo-Yoast-1.png","contentUrl":"https:\/\/cranecpe.com\/wp-content\/uploads\/Logo-Yoast-1.png","width":696,"height":696,"caption":"Crane ChemPharma & Energy"},"image":{"@id":"https:\/\/cranecpe.com\/de\/#\/schema\/logo\/image\/"},"sameAs":["https:\/\/www.linkedin.com\/company\/crane-chempharma-energy","https:\/\/vimeo.com\/user30117535"],"description":"CRANE ChemPharma & Energy designs and manufactures highly engineered products: check valves, sleeved plug valves, lined valves, process ball valves, high performance butterfly valves, bellows sealed globe valves, aseptic and industrial diaphragm valves, multi \/ quarter-turn valves, actuation, sight glasses, lined pipe, fittings and hoses, and air operated diaphragm and peristaltic pumps. Our trusted brands include ALOYCO\u00ae, BAUM\u00ae, CENTER LINE\u00ae, COMPAC-NOZ\u00ae, CRANE\u00ae, CRANE\u00ae CRYOGENICS, DEPA\u00ae & ELRO\u00ae, DOPAK\u00ae, DUO-CHEK\u00ae, FLOWSEAL\u00ae, GYROLOK\u00ae, GO REGULATOR\u00ae, HOKE\u00ae, JENKINS\u00ae, KROMBACH\u00ae, NOZ-CHEK\u00ae, PACIFIC VALVES\u00ae, RESISTOFLEX\u00ae, REVO\u00ae, SAUNDERS\u00ae, STOCKHAM\u00ae, TEXAS SAMPLING\u00ae, TRIANGLE\u00ae, UNI-CHEK\u00ae, VALVES\u00ae, WESTLOCK CONTROLS\u00ae, WTA\u00ae, and XOMOX\u00ae offer customers a complete and innovative portfolio, designed for the most demanding applications - chemical processing, biotechnology, pharmaceutical, oil and gas, refining and power generation. For more information please visit: www.cranecpe.com, www.craneco.com","legalName":"Crane ChemPharma & Energy"}]}},"_links":{"self":[{"href":"https:\/\/cranecpe.com\/de\/wp-json\/wp\/v2\/pages\/11153"}],"collection":[{"href":"https:\/\/cranecpe.com\/de\/wp-json\/wp\/v2\/pages"}],"about":[{"href":"https:\/\/cranecpe.com\/de\/wp-json\/wp\/v2\/types\/page"}],"author":[{"embeddable":true,"href":"https:\/\/cranecpe.com\/de\/wp-json\/wp\/v2\/users\/19"}],"replies":[{"embeddable":true,"href":"https:\/\/cranecpe.com\/de\/wp-json\/wp\/v2\/comments?post=11153"}],"version-history":[{"count":5,"href":"https:\/\/cranecpe.com\/de\/wp-json\/wp\/v2\/pages\/11153\/revisions"}],"predecessor-version":[{"id":14797,"href":"https:\/\/cranecpe.com\/de\/wp-json\/wp\/v2\/pages\/11153\/revisions\/14797"}],"up":[{"embeddable":true,"href":"https:\/\/cranecpe.com\/de\/wp-json\/wp\/v2\/pages\/11130"}],"wp:attachment":[{"href":"https:\/\/cranecpe.com\/de\/wp-json\/wp\/v2\/media?parent=11153"}],"curies":[{"name":"wp","href":"https:\/\/api.w.org\/{rel}","templated":true}]}}