{"id":11085,"date":"2020-01-14T14:27:50","date_gmt":"2020-01-14T19:27:50","guid":{"rendered":"http:\/\/cranecpe.knowledge4you.ca\/loesungen\/anwendungen-in-oel-und-gasindustrie"},"modified":"2020-04-02T17:18:28","modified_gmt":"2020-04-02T21:18:28","slug":"anwendungen-in-oel-und-gasindustrie","status":"publish","type":"page","link":"https:\/\/cranecpe.com\/de\/loesungen\/anwendungen-in-oel-und-gasindustrie\/","title":{"rendered":"Anwendungen in \u00d6l- und Gasindustrie"},"content":{"rendered":"<div  style='padding-bottom:15px; margin:0 0 0 0; ' class='av-special-heading av-special-heading-h1  blockquote modern-quote  avia-builder-el-0  el_before_av_one_full  avia-builder-el-first  '><h1 class='av-special-heading-tag '  >Anwendungen in \u00d6l- und Gasindustrie<\/h1><div class='special-heading-border'><div class='special-heading-inner-border' ><\/div><\/div><\/div>\n<div class=\"flex_column av_one_full  flex_column_div av-zero-column-padding first  avia-builder-el-1  el_after_av_heading  avia-builder-el-last  \" style='border-radius:0px; '><p><div  class='avia-image-container  av-styling-    avia-builder-el-2  el_before_av_heading  avia-builder-el-first  avia-align-center '  ><div class='avia-image-container-inner'><div class='avia-image-overlay-wrap'><img class='avia_image' src='https:\/\/cranecpe.com\/wp-content\/uploads\/oil-gas.jpg' alt='' title='oil, gas, fuel and engineer' height=\"544\" width=\"1021\"  \/><\/div><\/div><\/div><br \/>\n<div  style='padding-bottom:10px; ' class='av-special-heading av-special-heading-h3    avia-builder-el-3  el_after_av_image  el_before_av_textblock  '><h3 class='av-special-heading-tag '  >L\u00f6sungen f\u00fcr Anwendungen in der \u00d6l- und Gasindustrie<\/h3><div class='special-heading-border'><div class='special-heading-inner-border' ><\/div><\/div><\/div><br \/>\n<section class=\"av_textblock_section \" ><div class='avia_textblock  '  ><h4><strong>M\u00f6glichkeiten der Anwendung:<\/strong><\/h4>\n<h5><strong>Erd\u00f6lraffination<\/strong><\/h5>\n<ul style=\"column-count: 3;\">\n<li>Katalysator-Zufuhrsysteme<\/li>\n<li>Kokerei-Isolierung<\/li>\n<li>Druckluft und -wasser<\/li>\n<li>K\u00fchlturmanlagen<\/li>\n<li>Lagerung von Roh\u00f6l\/Mineral\u00f6lerzeugnissen<\/li>\n<li>Notabsperrung<\/li>\n<li>Ethlenanlagen<\/li>\n<li>Katalysatorhandling in FCC-Anlagen<\/li>\n<li>F\u00f6rderpumpenschutz<\/li>\n<li>Schutz von Gaskompressoren<\/li>\n<li>Allgemeine An\/Aus-Absperrung<\/li>\n<li>Auswuchten von W\u00e4rmepumpen<\/li>\n<li>Schutz von W\u00e4rmepumpen<\/li>\n<li>HF-Alkylierungsabsperrung<\/li>\n<li>HD- und ND-Dampfsysteme<\/li>\n<li>Hydrocracker<\/li>\n<li>Wasserstoffkompressor<\/li>\n<li>Verpolschutz f\u00fcr Pipelines<\/li>\n<li>Prozessautomation<\/li>\n<li>Prozessisolierung<\/li>\n<li>Produktvermischung<\/li>\n<li>Schutz<\/li>\n<li>Pumpenisolierung (dichte Absperrung)<\/li>\n<li>Reaktorisolierung<\/li>\n<li>Fernwartung<\/li>\n<li>Dampfregulierung<\/li>\n<li>Strangregulierung<\/li>\n<li>Schutz von F\u00f6rderpumpen<\/li>\n<\/ul>\n<\/div><\/section><br \/>\n<section class=\"av_textblock_section \" ><div class='avia_textblock  '  ><h5><strong>Gasaufbereitung und -bef\u00f6rderung<\/strong><\/h5>\n<ul style=\"column-count: 3;\">\n<li>Schutz von Kompressorstationen<\/li>\n<li>Gasdosierung- und Kompressorstationen<\/li>\n<li>Gasseparationseinheiten<\/li>\n<li>Gasterminals (Import\/Export)<\/li>\n<li>Verfl\u00fcssigungs- und Regasifizierungseinheiten<\/li>\n<li>Verfl\u00fcssigungsanlage<\/li>\n<li>Schutz<\/li>\n<li>Schutz-Pipeline<\/li>\n<li>Schwefelumwandlung<\/li>\n<li>Schutz von F\u00f6rderpumpen<\/li>\n<li>Transportkompressor<\/li>\n<\/ul>\n<\/div><\/section><\/p><\/div>\n","protected":false},"excerpt":{"rendered":"","protected":false},"author":19,"featured_media":0,"parent":10909,"menu_order":0,"comment_status":"closed","ping_status":"closed","template":"","meta":{"_acf_changed":false,"footnotes":""},"acf":[],"yoast_head":"<!-- This site is optimized with the Yoast SEO Premium plugin v24.5 (Yoast SEO v24.5) - https:\/\/yoast.com\/wordpress\/plugins\/seo\/ -->\n<title>Anwendungen in \u00d6l- und Gasindustrie - CRANE ChemPharma &amp; Energy<\/title>\n<meta name=\"robots\" content=\"index, follow, max-snippet:-1, max-image-preview:large, max-video-preview:-1\" \/>\n<link rel=\"canonical\" href=\"https:\/\/cranecpe.com\/de\/loesungen\/anwendungen-in-oel-und-gasindustrie\/\" \/>\n<meta property=\"og:locale\" content=\"de_DE\" \/>\n<meta property=\"og:type\" content=\"article\" \/>\n<meta property=\"og:title\" content=\"Anwendungen in \u00d6l- und Gasindustrie\" \/>\n<meta property=\"og:url\" content=\"https:\/\/cranecpe.com\/de\/loesungen\/anwendungen-in-oel-und-gasindustrie\/\" \/>\n<meta property=\"og:site_name\" content=\"CRANE ChemPharma &amp; Energy\" \/>\n<meta property=\"article:modified_time\" content=\"2020-04-02T21:18:28+00:00\" \/>\n<meta property=\"og:image\" content=\"https:\/\/cranecpe.com\/wp-content\/uploads\/Logo-Yoast2.png\" \/>\n\t<meta property=\"og:image:width\" content=\"1058\" \/>\n\t<meta property=\"og:image:height\" content=\"567\" \/>\n\t<meta property=\"og:image:type\" content=\"image\/png\" \/>\n<meta name=\"twitter:card\" content=\"summary_large_image\" \/>\n<meta name=\"twitter:label1\" content=\"Gesch\u00e4tzte Lesezeit\" \/>\n\t<meta name=\"twitter:data1\" content=\"2\u00a0Minuten\" \/>\n<script type=\"application\/ld+json\" class=\"yoast-schema-graph\">{\"@context\":\"https:\/\/schema.org\",\"@graph\":[{\"@type\":\"WebPage\",\"@id\":\"https:\/\/cranecpe.com\/de\/loesungen\/anwendungen-in-oel-und-gasindustrie\/\",\"url\":\"https:\/\/cranecpe.com\/de\/loesungen\/anwendungen-in-oel-und-gasindustrie\/\",\"name\":\"Anwendungen in \u00d6l- und Gasindustrie - CRANE ChemPharma &amp; Energy\",\"isPartOf\":{\"@id\":\"https:\/\/cranecpe.com\/de\/#website\"},\"datePublished\":\"2020-01-14T19:27:50+00:00\",\"dateModified\":\"2020-04-02T21:18:28+00:00\",\"breadcrumb\":{\"@id\":\"https:\/\/cranecpe.com\/de\/loesungen\/anwendungen-in-oel-und-gasindustrie\/#breadcrumb\"},\"inLanguage\":\"de\",\"potentialAction\":[{\"@type\":\"ReadAction\",\"target\":[\"https:\/\/cranecpe.com\/de\/loesungen\/anwendungen-in-oel-und-gasindustrie\/\"]}]},{\"@type\":\"BreadcrumbList\",\"@id\":\"https:\/\/cranecpe.com\/de\/loesungen\/anwendungen-in-oel-und-gasindustrie\/#breadcrumb\",\"itemListElement\":[{\"@type\":\"ListItem\",\"position\":1,\"name\":\"Home\",\"item\":\"https:\/\/cranecpe.com\/de\/home\/\"},{\"@type\":\"ListItem\",\"position\":2,\"name\":\"L\u00f6sungen\",\"item\":\"https:\/\/cranecpe.com\/de\/loesungen\/\"},{\"@type\":\"ListItem\",\"position\":3,\"name\":\"Anwendungen in \u00d6l- und Gasindustrie\"}]},{\"@type\":\"WebSite\",\"@id\":\"https:\/\/cranecpe.com\/de\/#website\",\"url\":\"https:\/\/cranecpe.com\/de\/\",\"name\":\"CRANE ChemPharma & Energy\",\"description\":\"ChemPharma &amp; Energy\",\"publisher\":{\"@id\":\"https:\/\/cranecpe.com\/de\/#organization\"},\"potentialAction\":[{\"@type\":\"SearchAction\",\"target\":{\"@type\":\"EntryPoint\",\"urlTemplate\":\"https:\/\/cranecpe.com\/de\/?s={search_term_string}\"},\"query-input\":{\"@type\":\"PropertyValueSpecification\",\"valueRequired\":true,\"valueName\":\"search_term_string\"}}],\"inLanguage\":\"de\"},{\"@type\":\"Organization\",\"@id\":\"https:\/\/cranecpe.com\/de\/#organization\",\"name\":\"Crane ChemPharma & Energy\",\"alternateName\":\"Crane CPE\",\"url\":\"https:\/\/cranecpe.com\/de\/\",\"logo\":{\"@type\":\"ImageObject\",\"inLanguage\":\"de\",\"@id\":\"https:\/\/cranecpe.com\/de\/#\/schema\/logo\/image\/\",\"url\":\"https:\/\/cranecpe.com\/wp-content\/uploads\/Logo-Yoast-1.png\",\"contentUrl\":\"https:\/\/cranecpe.com\/wp-content\/uploads\/Logo-Yoast-1.png\",\"width\":696,\"height\":696,\"caption\":\"Crane ChemPharma & Energy\"},\"image\":{\"@id\":\"https:\/\/cranecpe.com\/de\/#\/schema\/logo\/image\/\"},\"sameAs\":[\"https:\/\/www.linkedin.com\/company\/crane-chempharma-energy\",\"https:\/\/vimeo.com\/user30117535\"],\"description\":\"CRANE ChemPharma & Energy designs and manufactures highly engineered products: check valves, sleeved plug valves, lined valves, process ball valves, high performance butterfly valves, bellows sealed globe valves, aseptic and industrial diaphragm valves, multi \/ quarter-turn valves, actuation, sight glasses, lined pipe, fittings and hoses, and air operated diaphragm and peristaltic pumps. Our trusted brands include ALOYCO\u00ae, BAUM\u00ae, CENTER LINE\u00ae, COMPAC-NOZ\u00ae, CRANE\u00ae, CRANE\u00ae CRYOGENICS, DEPA\u00ae & ELRO\u00ae, DOPAK\u00ae, DUO-CHEK\u00ae, FLOWSEAL\u00ae, GYROLOK\u00ae, GO REGULATOR\u00ae, HOKE\u00ae, JENKINS\u00ae, KROMBACH\u00ae, NOZ-CHEK\u00ae, PACIFIC VALVES\u00ae, RESISTOFLEX\u00ae, REVO\u00ae, SAUNDERS\u00ae, STOCKHAM\u00ae, TEXAS SAMPLING\u00ae, TRIANGLE\u00ae, UNI-CHEK\u00ae, VALVES\u00ae, WESTLOCK CONTROLS\u00ae, WTA\u00ae, and XOMOX\u00ae offer customers a complete and innovative portfolio, designed for the most demanding applications - chemical processing, biotechnology, pharmaceutical, oil and gas, refining and power generation. For more information please visit: www.cranecpe.com, www.craneco.com\",\"legalName\":\"Crane ChemPharma & Energy\"}]}<\/script>\n<!-- \/ Yoast SEO Premium plugin. -->","yoast_head_json":{"title":"Anwendungen in \u00d6l- und Gasindustrie - CRANE ChemPharma &amp; Energy","robots":{"index":"index","follow":"follow","max-snippet":"max-snippet:-1","max-image-preview":"max-image-preview:large","max-video-preview":"max-video-preview:-1"},"canonical":"https:\/\/cranecpe.com\/de\/loesungen\/anwendungen-in-oel-und-gasindustrie\/","og_locale":"de_DE","og_type":"article","og_title":"Anwendungen in \u00d6l- und Gasindustrie","og_url":"https:\/\/cranecpe.com\/de\/loesungen\/anwendungen-in-oel-und-gasindustrie\/","og_site_name":"CRANE ChemPharma &amp; Energy","article_modified_time":"2020-04-02T21:18:28+00:00","og_image":[{"width":1058,"height":567,"url":"https:\/\/cranecpe.com\/wp-content\/uploads\/Logo-Yoast2.png","type":"image\/png"}],"twitter_card":"summary_large_image","twitter_misc":{"Gesch\u00e4tzte Lesezeit":"2\u00a0Minuten"},"schema":{"@context":"https:\/\/schema.org","@graph":[{"@type":"WebPage","@id":"https:\/\/cranecpe.com\/de\/loesungen\/anwendungen-in-oel-und-gasindustrie\/","url":"https:\/\/cranecpe.com\/de\/loesungen\/anwendungen-in-oel-und-gasindustrie\/","name":"Anwendungen in \u00d6l- und Gasindustrie - CRANE ChemPharma &amp; Energy","isPartOf":{"@id":"https:\/\/cranecpe.com\/de\/#website"},"datePublished":"2020-01-14T19:27:50+00:00","dateModified":"2020-04-02T21:18:28+00:00","breadcrumb":{"@id":"https:\/\/cranecpe.com\/de\/loesungen\/anwendungen-in-oel-und-gasindustrie\/#breadcrumb"},"inLanguage":"de","potentialAction":[{"@type":"ReadAction","target":["https:\/\/cranecpe.com\/de\/loesungen\/anwendungen-in-oel-und-gasindustrie\/"]}]},{"@type":"BreadcrumbList","@id":"https:\/\/cranecpe.com\/de\/loesungen\/anwendungen-in-oel-und-gasindustrie\/#breadcrumb","itemListElement":[{"@type":"ListItem","position":1,"name":"Home","item":"https:\/\/cranecpe.com\/de\/home\/"},{"@type":"ListItem","position":2,"name":"L\u00f6sungen","item":"https:\/\/cranecpe.com\/de\/loesungen\/"},{"@type":"ListItem","position":3,"name":"Anwendungen in \u00d6l- und Gasindustrie"}]},{"@type":"WebSite","@id":"https:\/\/cranecpe.com\/de\/#website","url":"https:\/\/cranecpe.com\/de\/","name":"CRANE ChemPharma & Energy","description":"ChemPharma &amp; Energy","publisher":{"@id":"https:\/\/cranecpe.com\/de\/#organization"},"potentialAction":[{"@type":"SearchAction","target":{"@type":"EntryPoint","urlTemplate":"https:\/\/cranecpe.com\/de\/?s={search_term_string}"},"query-input":{"@type":"PropertyValueSpecification","valueRequired":true,"valueName":"search_term_string"}}],"inLanguage":"de"},{"@type":"Organization","@id":"https:\/\/cranecpe.com\/de\/#organization","name":"Crane ChemPharma & Energy","alternateName":"Crane CPE","url":"https:\/\/cranecpe.com\/de\/","logo":{"@type":"ImageObject","inLanguage":"de","@id":"https:\/\/cranecpe.com\/de\/#\/schema\/logo\/image\/","url":"https:\/\/cranecpe.com\/wp-content\/uploads\/Logo-Yoast-1.png","contentUrl":"https:\/\/cranecpe.com\/wp-content\/uploads\/Logo-Yoast-1.png","width":696,"height":696,"caption":"Crane ChemPharma & Energy"},"image":{"@id":"https:\/\/cranecpe.com\/de\/#\/schema\/logo\/image\/"},"sameAs":["https:\/\/www.linkedin.com\/company\/crane-chempharma-energy","https:\/\/vimeo.com\/user30117535"],"description":"CRANE ChemPharma & Energy designs and manufactures highly engineered products: check valves, sleeved plug valves, lined valves, process ball valves, high performance butterfly valves, bellows sealed globe valves, aseptic and industrial diaphragm valves, multi \/ quarter-turn valves, actuation, sight glasses, lined pipe, fittings and hoses, and air operated diaphragm and peristaltic pumps. Our trusted brands include ALOYCO\u00ae, BAUM\u00ae, CENTER LINE\u00ae, COMPAC-NOZ\u00ae, CRANE\u00ae, CRANE\u00ae CRYOGENICS, DEPA\u00ae & ELRO\u00ae, DOPAK\u00ae, DUO-CHEK\u00ae, FLOWSEAL\u00ae, GYROLOK\u00ae, GO REGULATOR\u00ae, HOKE\u00ae, JENKINS\u00ae, KROMBACH\u00ae, NOZ-CHEK\u00ae, PACIFIC VALVES\u00ae, RESISTOFLEX\u00ae, REVO\u00ae, SAUNDERS\u00ae, STOCKHAM\u00ae, TEXAS SAMPLING\u00ae, TRIANGLE\u00ae, UNI-CHEK\u00ae, VALVES\u00ae, WESTLOCK CONTROLS\u00ae, WTA\u00ae, and XOMOX\u00ae offer customers a complete and innovative portfolio, designed for the most demanding applications - chemical processing, biotechnology, pharmaceutical, oil and gas, refining and power generation. For more information please visit: www.cranecpe.com, www.craneco.com","legalName":"Crane ChemPharma & Energy"}]}},"_links":{"self":[{"href":"https:\/\/cranecpe.com\/de\/wp-json\/wp\/v2\/pages\/11085"}],"collection":[{"href":"https:\/\/cranecpe.com\/de\/wp-json\/wp\/v2\/pages"}],"about":[{"href":"https:\/\/cranecpe.com\/de\/wp-json\/wp\/v2\/types\/page"}],"author":[{"embeddable":true,"href":"https:\/\/cranecpe.com\/de\/wp-json\/wp\/v2\/users\/19"}],"replies":[{"embeddable":true,"href":"https:\/\/cranecpe.com\/de\/wp-json\/wp\/v2\/comments?post=11085"}],"version-history":[{"count":4,"href":"https:\/\/cranecpe.com\/de\/wp-json\/wp\/v2\/pages\/11085\/revisions"}],"predecessor-version":[{"id":14720,"href":"https:\/\/cranecpe.com\/de\/wp-json\/wp\/v2\/pages\/11085\/revisions\/14720"}],"up":[{"embeddable":true,"href":"https:\/\/cranecpe.com\/de\/wp-json\/wp\/v2\/pages\/10909"}],"wp:attachment":[{"href":"https:\/\/cranecpe.com\/de\/wp-json\/wp\/v2\/media?parent=11085"}],"curies":[{"name":"wp","href":"https:\/\/api.w.org\/{rel}","templated":true}]}}