{"id":11066,"date":"2020-01-14T14:14:04","date_gmt":"2020-01-14T19:14:04","guid":{"rendered":"http:\/\/cranecpe.knowledge4you.ca\/loesungen\/industrieller-anwendungsbereich"},"modified":"2020-04-02T17:19:48","modified_gmt":"2020-04-02T21:19:48","slug":"industrieller-anwendungsbereich","status":"publish","type":"page","link":"https:\/\/cranecpe.com\/de\/loesungen\/industrieller-anwendungsbereich\/","title":{"rendered":"Industrieller Anwendungsbereich"},"content":{"rendered":"<div  style='padding-bottom:15px; margin:0 0 0 0; ' class='av-special-heading av-special-heading-h1  blockquote modern-quote  avia-builder-el-0  el_before_av_one_full  avia-builder-el-first  '><h1 class='av-special-heading-tag '  >Industrieller Anwendungsbereich<\/h1><div class='special-heading-border'><div class='special-heading-inner-border' ><\/div><\/div><\/div>\n<div class=\"flex_column av_one_full  flex_column_div av-zero-column-padding first  avia-builder-el-1  el_after_av_heading  avia-builder-el-last  \" style='border-radius:0px; '><p><div  class='avia-image-container  av-styling-    avia-builder-el-2  el_before_av_textblock  avia-builder-el-first  avia-align-center '  ><div class='avia-image-container-inner'><div class='avia-image-overlay-wrap'><img class='avia_image' src='https:\/\/cranecpe.com\/wp-content\/uploads\/industrial.jpg' alt='' title='Oil and gas industrial,Oil refinery plant form industry,Refinery' height=\"721\" width=\"1281\"  \/><\/div><\/div><\/div><br \/>\n<section class=\"av_textblock_section \" ><div class='avia_textblock  '  ><p>Im Verlauf seiner langen und erfolgreichen Firmengeschichte als Lieferant hochwertiger Ventile f\u00fcr alle Branchen konnte sich Crane eine breite Basis installierter Ventile aufbauen, die nach wie vor in allgemeinen Anwendungen mit Medien von Wasser bis Dampf, in korrosiven und erosiven Anwendungen jeweils in einer Vielzahl von Aufbereitungsanlagen rund um den Globus erfolgreich im Einsatz sind. Viele dieser L\u00f6sungen, f\u00fcr die Crane einst Pionierarbeit leistete, haben sich mittlerweile in der modernen Angebotspalette der Ventilhersteller ihren festen Platz erobert. Heute ist es Ziel von Crane, durch die termingerechte Bereitstellung von Produkten bekannter Marken zu wettbewerbsf\u00e4higen Preisen ein H\u00f6chstma\u00df an Qualit\u00e4t in diesem Markt f\u00fcr standardisierte Industrieventile zu bieten.<\/p>\n<p>Unsere Schieber-, Durchgangs- und R\u00fcckschlagventile aus Bronze, Eisen, Stahl und Legierung sowie unsere Kugelh\u00e4hne mit Gewinde- und Schwei\u00dfende, die weichdichtenden und Hochleistungs-Absperrklappen und Standard-R\u00fcckschlagventile sind Teil dieses einzigartigen Leistungsspektrums. Mit unserer kompletten Bandbreite an erstklassigen Produkten, die dem Industriestandard entsprechen oder diesen sogar \u00fcbertreffen, erleichtern wir Ihnen den Austausch von Standardventilen sowie den Umstieg auf h\u00f6herwertige L\u00f6sungen f\u00fcr Ihre industriellen Anwendungen.<\/p>\n<p>Doch damit nicht genug. Crane verf\u00fcgt au\u00dferdem \u00fcber erfahrenes Fachpersonal, das Ihnen bei der Planung von Umr\u00fcstung und Instandhaltung mit Rat und Tat zur Seite steht. Ob Ersatzteile f\u00fcr Ventile, Wartung, Pr\u00fcfung, Reparatur oder Anpassung \u2013 das Team von Crane Valve Services hat auch f\u00fcr Sie die passende L\u00f6sung.<\/p>\n<\/div><\/section><\/p><\/div>\n","protected":false},"excerpt":{"rendered":"","protected":false},"author":19,"featured_media":0,"parent":10909,"menu_order":0,"comment_status":"closed","ping_status":"closed","template":"","meta":{"_acf_changed":false,"footnotes":""},"class_list":["post-11066","page","type-page","status-publish","hentry"],"acf":[],"yoast_head":"<!-- This site is optimized with the Yoast SEO Premium plugin v27.4 (Yoast SEO v27.4) - https:\/\/yoast.com\/product\/yoast-seo-premium-wordpress\/ -->\n<title>Industrieller Anwendungsbereich - CRANE ChemPharma &amp; Energy<\/title>\n<meta name=\"robots\" content=\"index, follow, max-snippet:-1, max-image-preview:large, max-video-preview:-1\" \/>\n<link rel=\"canonical\" href=\"https:\/\/cranecpe.com\/de\/loesungen\/industrieller-anwendungsbereich\/\" \/>\n<meta property=\"og:locale\" content=\"de_DE\" \/>\n<meta property=\"og:type\" content=\"article\" \/>\n<meta property=\"og:title\" content=\"Industrieller Anwendungsbereich\" \/>\n<meta property=\"og:url\" content=\"https:\/\/cranecpe.com\/de\/loesungen\/industrieller-anwendungsbereich\/\" \/>\n<meta property=\"og:site_name\" content=\"CRANE ChemPharma &amp; Energy\" \/>\n<meta property=\"article:modified_time\" content=\"2020-04-02T21:19:48+00:00\" \/>\n<meta property=\"og:image\" content=\"https:\/\/cranecpe.com\/wp-content\/uploads\/Logo-Yoast2.png\" \/>\n\t<meta property=\"og:image:width\" content=\"1058\" \/>\n\t<meta property=\"og:image:height\" content=\"567\" \/>\n\t<meta property=\"og:image:type\" content=\"image\/png\" \/>\n<meta name=\"twitter:card\" content=\"summary_large_image\" \/>\n<meta name=\"twitter:label1\" content=\"Gesch\u00e4tzte Lesezeit\" \/>\n\t<meta name=\"twitter:data1\" content=\"3\u00a0Minuten\" \/>\n<script type=\"application\/ld+json\" class=\"yoast-schema-graph\">{\"@context\":\"https:\\\/\\\/schema.org\",\"@graph\":[{\"@type\":\"WebPage\",\"@id\":\"https:\\\/\\\/cranecpe.com\\\/de\\\/loesungen\\\/industrieller-anwendungsbereich\\\/\",\"url\":\"https:\\\/\\\/cranecpe.com\\\/de\\\/loesungen\\\/industrieller-anwendungsbereich\\\/\",\"name\":\"Industrieller Anwendungsbereich - CRANE ChemPharma &amp; Energy\",\"isPartOf\":{\"@id\":\"https:\\\/\\\/cranecpe.com\\\/de\\\/#website\"},\"datePublished\":\"2020-01-14T19:14:04+00:00\",\"dateModified\":\"2020-04-02T21:19:48+00:00\",\"breadcrumb\":{\"@id\":\"https:\\\/\\\/cranecpe.com\\\/de\\\/loesungen\\\/industrieller-anwendungsbereich\\\/#breadcrumb\"},\"inLanguage\":\"de\",\"potentialAction\":[{\"@type\":\"ReadAction\",\"target\":[\"https:\\\/\\\/cranecpe.com\\\/de\\\/loesungen\\\/industrieller-anwendungsbereich\\\/\"]}]},{\"@type\":\"BreadcrumbList\",\"@id\":\"https:\\\/\\\/cranecpe.com\\\/de\\\/loesungen\\\/industrieller-anwendungsbereich\\\/#breadcrumb\",\"itemListElement\":[{\"@type\":\"ListItem\",\"position\":1,\"name\":\"Home\",\"item\":\"https:\\\/\\\/cranecpe.com\\\/de\\\/home\\\/\"},{\"@type\":\"ListItem\",\"position\":2,\"name\":\"L\u00f6sungen\",\"item\":\"https:\\\/\\\/cranecpe.com\\\/de\\\/loesungen\\\/\"},{\"@type\":\"ListItem\",\"position\":3,\"name\":\"Industrieller Anwendungsbereich\"}]},{\"@type\":\"WebSite\",\"@id\":\"https:\\\/\\\/cranecpe.com\\\/de\\\/#website\",\"url\":\"https:\\\/\\\/cranecpe.com\\\/de\\\/\",\"name\":\"CRANE ChemPharma & Energy\",\"description\":\"ChemPharma &amp; Energy\",\"publisher\":{\"@id\":\"https:\\\/\\\/cranecpe.com\\\/de\\\/#organization\"},\"potentialAction\":[{\"@type\":\"SearchAction\",\"target\":{\"@type\":\"EntryPoint\",\"urlTemplate\":\"https:\\\/\\\/cranecpe.com\\\/de\\\/?s={search_term_string}\"},\"query-input\":{\"@type\":\"PropertyValueSpecification\",\"valueRequired\":true,\"valueName\":\"search_term_string\"}}],\"inLanguage\":\"de\"},{\"@type\":\"Organization\",\"@id\":\"https:\\\/\\\/cranecpe.com\\\/de\\\/#organization\",\"name\":\"Crane ChemPharma & Energy\",\"alternateName\":\"Crane CPE\",\"url\":\"https:\\\/\\\/cranecpe.com\\\/de\\\/\",\"logo\":{\"@type\":\"ImageObject\",\"inLanguage\":\"de\",\"@id\":\"https:\\\/\\\/cranecpe.com\\\/de\\\/#\\\/schema\\\/logo\\\/image\\\/\",\"url\":\"https:\\\/\\\/cranecpe.com\\\/wp-content\\\/uploads\\\/Logo-Yoast-1.png\",\"contentUrl\":\"https:\\\/\\\/cranecpe.com\\\/wp-content\\\/uploads\\\/Logo-Yoast-1.png\",\"width\":696,\"height\":696,\"caption\":\"Crane ChemPharma & Energy\"},\"image\":{\"@id\":\"https:\\\/\\\/cranecpe.com\\\/de\\\/#\\\/schema\\\/logo\\\/image\\\/\"},\"sameAs\":[\"https:\\\/\\\/www.linkedin.com\\\/company\\\/crane-chempharma-energy\",\"https:\\\/\\\/vimeo.com\\\/user30117535\"],\"description\":\"CRANE ChemPharma & Energy designs and manufactures highly engineered products: check valves, sleeved plug valves, lined valves, process ball valves, high performance butterfly valves, bellows sealed globe valves, aseptic and industrial diaphragm valves, multi \\\/ quarter-turn valves, actuation, sight glasses, lined pipe, fittings and hoses, and air operated diaphragm and peristaltic pumps. Our trusted brands include ALOYCO\u00ae, BAUM\u00ae, CENTER LINE\u00ae, COMPAC-NOZ\u00ae, CRANE\u00ae, CRANE\u00ae CRYOGENICS, DEPA\u00ae & ELRO\u00ae, DOPAK\u00ae, DUO-CHEK\u00ae, FLOWSEAL\u00ae, GYROLOK\u00ae, GO REGULATOR\u00ae, HOKE\u00ae, JENKINS\u00ae, KROMBACH\u00ae, NOZ-CHEK\u00ae, PACIFIC VALVES\u00ae, RESISTOFLEX\u00ae, REVO\u00ae, SAUNDERS\u00ae, STOCKHAM\u00ae, TEXAS SAMPLING\u00ae, TRIANGLE\u00ae, UNI-CHEK\u00ae, VALVES\u00ae, WESTLOCK CONTROLS\u00ae, WTA\u00ae, and XOMOX\u00ae offer customers a complete and innovative portfolio, designed for the most demanding applications - chemical processing, biotechnology, pharmaceutical, oil and gas, refining and power generation. For more information please visit: www.cranecpe.com, www.craneco.com\",\"legalName\":\"Crane ChemPharma & Energy\"}]}<\/script>\n<!-- \/ Yoast SEO Premium plugin. -->","yoast_head_json":{"title":"Industrieller Anwendungsbereich - CRANE ChemPharma &amp; Energy","robots":{"index":"index","follow":"follow","max-snippet":"max-snippet:-1","max-image-preview":"max-image-preview:large","max-video-preview":"max-video-preview:-1"},"canonical":"https:\/\/cranecpe.com\/de\/loesungen\/industrieller-anwendungsbereich\/","og_locale":"de_DE","og_type":"article","og_title":"Industrieller Anwendungsbereich","og_url":"https:\/\/cranecpe.com\/de\/loesungen\/industrieller-anwendungsbereich\/","og_site_name":"CRANE ChemPharma &amp; Energy","article_modified_time":"2020-04-02T21:19:48+00:00","og_image":[{"width":1058,"height":567,"url":"https:\/\/cranecpe.com\/wp-content\/uploads\/Logo-Yoast2.png","type":"image\/png"}],"twitter_card":"summary_large_image","twitter_misc":{"Gesch\u00e4tzte Lesezeit":"3\u00a0Minuten"},"schema":{"@context":"https:\/\/schema.org","@graph":[{"@type":"WebPage","@id":"https:\/\/cranecpe.com\/de\/loesungen\/industrieller-anwendungsbereich\/","url":"https:\/\/cranecpe.com\/de\/loesungen\/industrieller-anwendungsbereich\/","name":"Industrieller Anwendungsbereich - CRANE ChemPharma &amp; Energy","isPartOf":{"@id":"https:\/\/cranecpe.com\/de\/#website"},"datePublished":"2020-01-14T19:14:04+00:00","dateModified":"2020-04-02T21:19:48+00:00","breadcrumb":{"@id":"https:\/\/cranecpe.com\/de\/loesungen\/industrieller-anwendungsbereich\/#breadcrumb"},"inLanguage":"de","potentialAction":[{"@type":"ReadAction","target":["https:\/\/cranecpe.com\/de\/loesungen\/industrieller-anwendungsbereich\/"]}]},{"@type":"BreadcrumbList","@id":"https:\/\/cranecpe.com\/de\/loesungen\/industrieller-anwendungsbereich\/#breadcrumb","itemListElement":[{"@type":"ListItem","position":1,"name":"Home","item":"https:\/\/cranecpe.com\/de\/home\/"},{"@type":"ListItem","position":2,"name":"L\u00f6sungen","item":"https:\/\/cranecpe.com\/de\/loesungen\/"},{"@type":"ListItem","position":3,"name":"Industrieller Anwendungsbereich"}]},{"@type":"WebSite","@id":"https:\/\/cranecpe.com\/de\/#website","url":"https:\/\/cranecpe.com\/de\/","name":"CRANE ChemPharma & Energy","description":"ChemPharma &amp; Energy","publisher":{"@id":"https:\/\/cranecpe.com\/de\/#organization"},"potentialAction":[{"@type":"SearchAction","target":{"@type":"EntryPoint","urlTemplate":"https:\/\/cranecpe.com\/de\/?s={search_term_string}"},"query-input":{"@type":"PropertyValueSpecification","valueRequired":true,"valueName":"search_term_string"}}],"inLanguage":"de"},{"@type":"Organization","@id":"https:\/\/cranecpe.com\/de\/#organization","name":"Crane ChemPharma & Energy","alternateName":"Crane CPE","url":"https:\/\/cranecpe.com\/de\/","logo":{"@type":"ImageObject","inLanguage":"de","@id":"https:\/\/cranecpe.com\/de\/#\/schema\/logo\/image\/","url":"https:\/\/cranecpe.com\/wp-content\/uploads\/Logo-Yoast-1.png","contentUrl":"https:\/\/cranecpe.com\/wp-content\/uploads\/Logo-Yoast-1.png","width":696,"height":696,"caption":"Crane ChemPharma & Energy"},"image":{"@id":"https:\/\/cranecpe.com\/de\/#\/schema\/logo\/image\/"},"sameAs":["https:\/\/www.linkedin.com\/company\/crane-chempharma-energy","https:\/\/vimeo.com\/user30117535"],"description":"CRANE ChemPharma & Energy designs and manufactures highly engineered products: check valves, sleeved plug valves, lined valves, process ball valves, high performance butterfly valves, bellows sealed globe valves, aseptic and industrial diaphragm valves, multi \/ quarter-turn valves, actuation, sight glasses, lined pipe, fittings and hoses, and air operated diaphragm and peristaltic pumps. Our trusted brands include ALOYCO\u00ae, BAUM\u00ae, CENTER LINE\u00ae, COMPAC-NOZ\u00ae, CRANE\u00ae, CRANE\u00ae CRYOGENICS, DEPA\u00ae & ELRO\u00ae, DOPAK\u00ae, DUO-CHEK\u00ae, FLOWSEAL\u00ae, GYROLOK\u00ae, GO REGULATOR\u00ae, HOKE\u00ae, JENKINS\u00ae, KROMBACH\u00ae, NOZ-CHEK\u00ae, PACIFIC VALVES\u00ae, RESISTOFLEX\u00ae, REVO\u00ae, SAUNDERS\u00ae, STOCKHAM\u00ae, TEXAS SAMPLING\u00ae, TRIANGLE\u00ae, UNI-CHEK\u00ae, VALVES\u00ae, WESTLOCK CONTROLS\u00ae, WTA\u00ae, and XOMOX\u00ae offer customers a complete and innovative portfolio, designed for the most demanding applications - chemical processing, biotechnology, pharmaceutical, oil and gas, refining and power generation. For more information please visit: www.cranecpe.com, www.craneco.com","legalName":"Crane ChemPharma & Energy"}]}},"_links":{"self":[{"href":"https:\/\/cranecpe.com\/de\/wp-json\/wp\/v2\/pages\/11066","targetHints":{"allow":["GET"]}}],"collection":[{"href":"https:\/\/cranecpe.com\/de\/wp-json\/wp\/v2\/pages"}],"about":[{"href":"https:\/\/cranecpe.com\/de\/wp-json\/wp\/v2\/types\/page"}],"author":[{"embeddable":true,"href":"https:\/\/cranecpe.com\/de\/wp-json\/wp\/v2\/users\/19"}],"replies":[{"embeddable":true,"href":"https:\/\/cranecpe.com\/de\/wp-json\/wp\/v2\/comments?post=11066"}],"version-history":[{"count":3,"href":"https:\/\/cranecpe.com\/de\/wp-json\/wp\/v2\/pages\/11066\/revisions"}],"predecessor-version":[{"id":14724,"href":"https:\/\/cranecpe.com\/de\/wp-json\/wp\/v2\/pages\/11066\/revisions\/14724"}],"up":[{"embeddable":true,"href":"https:\/\/cranecpe.com\/de\/wp-json\/wp\/v2\/pages\/10909"}],"wp:attachment":[{"href":"https:\/\/cranecpe.com\/de\/wp-json\/wp\/v2\/media?parent=11066"}],"curies":[{"name":"wp","href":"https:\/\/api.w.org\/{rel}","templated":true}]}}