{"id":11044,"date":"2020-01-14T14:02:37","date_gmt":"2020-01-14T19:02:37","guid":{"rendered":"http:\/\/cranecpe.knowledge4you.ca\/loesungen\/pharmazeutische-anwendungen"},"modified":"2020-11-05T12:29:58","modified_gmt":"2020-11-05T17:29:58","slug":"pharmazeutische-anwendungen","status":"publish","type":"page","link":"https:\/\/cranecpe.com\/de\/loesungen\/pharmazeutische-anwendungen\/","title":{"rendered":"Pharmazeutische Anwendungen"},"content":{"rendered":"<div  style='padding-bottom:15px; margin:0 0 0 0; ' class='av-special-heading av-special-heading-h1  blockquote modern-quote  avia-builder-el-0  el_before_av_one_full  avia-builder-el-first  '><h1 class='av-special-heading-tag '  >Pharmazeutische Anwendungen<\/h1><div class='special-heading-border'><div class='special-heading-inner-border' ><\/div><\/div><\/div>\n<div class=\"flex_column av_one_full  flex_column_div av-zero-column-padding first  avia-builder-el-1  el_after_av_heading  el_before_av_one_full  \" style='border-radius:0px; '><p><div  class='avia-image-container  av-styling-    avia-builder-el-2  el_before_av_heading  avia-builder-el-first  avia-align-center '  ><div class='avia-image-container-inner'><div class='avia-image-overlay-wrap'><img class='avia_image' src='https:\/\/cranecpe.com\/wp-content\/uploads\/turtl_2.png' alt='' title='turtl_2' height=\"538\" width=\"958\"  \/><\/div><\/div><\/div><br \/>\n<div  style='padding-bottom:10px; ' class='av-special-heading av-special-heading-h3    avia-builder-el-3  el_after_av_image  el_before_av_textblock  '><h3 class='av-special-heading-tag '  >L\u00f6sungen f\u00fcr biopharmazeutische und API-Anwendungen<\/h3><div class='special-heading-border'><div class='special-heading-inner-border' ><\/div><\/div><\/div><br \/>\n<section class=\"av_textblock_section \" ><div class='avia_textblock  '  ><table border=\"0\" align=\"center\">\n<tbody>\n<tr>\n<td style=\"padding: 24px 0px !important;\" align=\"center\" width=\"50%\"><img loading=\"lazy\" decoding=\"async\" class=\"alignnone wp-image-74074\" src=\"\/wp-content\/uploads\/chem_1@2x.png\" alt=\"\" width=\"80\" height=\"80\" srcset=\"https:\/\/cranecpe.com\/wp-content\/uploads\/chem_1@2x.png 152w, https:\/\/cranecpe.com\/wp-content\/uploads\/chem_1@2x-80x80.png 80w, https:\/\/cranecpe.com\/wp-content\/uploads\/chem_1@2x-36x36.png 36w\" sizes=\"auto, (max-width: 80px) 100vw, 80px\" \/><\/td>\n<td style=\"padding: 24px 0px !important;\" align=\"center\" width=\"50%\"><img loading=\"lazy\" decoding=\"async\" class=\"alignnone wp-image-74071\" src=\"\/wp-content\/uploads\/api_1@2x.png\" alt=\"\" width=\"80\" height=\"80\" srcset=\"https:\/\/cranecpe.com\/wp-content\/uploads\/api_1@2x.png 152w, https:\/\/cranecpe.com\/wp-content\/uploads\/api_1@2x-80x80.png 80w, https:\/\/cranecpe.com\/wp-content\/uploads\/api_1@2x-36x36.png 36w\" sizes=\"auto, (max-width: 80px) 100vw, 80px\" \/><\/td>\n<\/tr>\n<tr>\n<td style=\"padding: 12px 0px 8px 0px !important;\" align=\"center\"><a style=\"font-size: 16px; font-weight: 600; font-family: 'Fira Sans';\" href=\"\/de\/loesungen\/pharmazeutische-anwendungen\/biopharmazeutische-loesungen\/\">Biopharmazeutische L\u00f6sungen<\/a><\/td>\n<td style=\"padding: 12px 0px 8px 0px !important;\" align=\"center\"><a style=\"font-size: 16px; font-weight: 600; font-family: 'Fira Sans';\" href=\"\/de\/loesungen\/pharmazeutische-anwendungen\/api-loesungen\/\">API-L\u00f6sungen<\/a><\/td>\n<\/tr>\n<\/tbody>\n<\/table>\n<\/div><\/section><\/p><\/div><div class=\"flex_column av_one_full  flex_column_div av-zero-column-padding first  avia-builder-el-5  el_after_av_one_full  avia-builder-el-last  column-top-margin\" style='border-radius:0px; '><section class=\"av_textblock_section \" ><div class='avia_textblock  '  ><h4>Branchen\u00fcberblick<\/h4>\n<p>F\u00fcr Anwendungen in der Biopharmazie bedarf es modernster Technologie und Produkte, die strengste Branchenstandards erf\u00fcllen oder gar \u00fcbertreffen. Das Produktprogramm von CRANE ChemPharma zeichnet sich aus durch L\u00f6sungen, die speziell f\u00fcr den Einsatz in hochreinen Anwendungen im Bereich der Pharmazeutik und Biotechnologie konzipiert wurden.<\/p>\n<h4>Anwendungskompatibilit\u00e4t<\/h4>\n<p>Bei Produkten von CRANE ChemPharma f\u00fcr den Einsatz in biopharmazeutischen Anwendungen m\u00fcssen besondere branchenspezifische Werkstoffe verwendet und spezielle Konstruktionsrichtlinien eingehalten werden. Diese Anforderungen sind weltweit unterschiedlich und richten sich nach den jeweiligen regionalen beh\u00f6rdlichen Auflagen bzw. Industriestandards und Regeln der \u201eGood Manufacturing Practices\u201c. Dazu geh\u00f6ren die Standards der United States Food and Drug Administration (FDA), der United States Pharmacopeia (USP), der American Society of Mechanical Engineering Biopharmaceutical Equipment (ASME BPE) sowie der ADCF-Standard (Medien ohne tierische Bestandteile, BSE\/TSE). Sonstige Normen betreffen die Hygieneanforderungen, die u. a. von der EHEDG (European Hygienic Engineering Design Group) und 3A definiert werden. Weitere Hinweise finden Sie in den Ersatzteildatenbl\u00e4ttern der jeweiligen Marken.<\/p>\n<h4>Markenkompatibilit\u00e4t<\/h4>\n<p>Pumpen, Schl\u00e4uche und Ventile werden unter Einhaltung der Auflagen verschiedener internationaler und regionaler Beh\u00f6rden, branchenspezifischer Richtlinien und intern entwickelter Pr\u00fcfverfahren konzipiert und getestet. Alle Produkte von CRANE ChemPharma werden in nach ISO zertifizierten Fertigungsstandorten hergestellt. Die Markenprodukte von CRANE ChemPharma k\u00f6nnen auch gem\u00e4\u00df den Anforderungen der EU-Druckger\u00e4terichtlinie (PED) und des T\u00dcV geliefert werden. Weitere Hinweise finden Sie in den Ersatzteildatenbl\u00e4ttern der jeweiligen Marken.<\/p>\n<\/div><\/section><\/div><\/p>\n","protected":false},"excerpt":{"rendered":"","protected":false},"author":19,"featured_media":0,"parent":10909,"menu_order":0,"comment_status":"closed","ping_status":"closed","template":"","meta":{"_acf_changed":false,"footnotes":""},"class_list":["post-11044","page","type-page","status-publish","hentry"],"acf":[],"yoast_head":"<!-- This site is optimized with the Yoast SEO Premium plugin v27.4 (Yoast SEO v27.4) - https:\/\/yoast.com\/product\/yoast-seo-premium-wordpress\/ -->\n<title>Pharmazeutische Anwendungen - CRANE ChemPharma &amp; Energy<\/title>\n<meta name=\"robots\" content=\"index, follow, max-snippet:-1, max-image-preview:large, max-video-preview:-1\" \/>\n<link rel=\"canonical\" href=\"https:\/\/cranecpe.com\/de\/loesungen\/pharmazeutische-anwendungen\/\" \/>\n<meta property=\"og:locale\" content=\"de_DE\" \/>\n<meta property=\"og:type\" content=\"article\" \/>\n<meta property=\"og:title\" content=\"Pharmazeutische Anwendungen\" \/>\n<meta property=\"og:url\" content=\"https:\/\/cranecpe.com\/de\/loesungen\/pharmazeutische-anwendungen\/\" \/>\n<meta property=\"og:site_name\" content=\"CRANE ChemPharma &amp; Energy\" \/>\n<meta property=\"article:modified_time\" content=\"2020-11-05T17:29:58+00:00\" \/>\n<meta property=\"og:image\" content=\"https:\/\/cranecpe.com\/wp-content\/uploads\/Logo-Yoast2.png\" \/>\n\t<meta property=\"og:image:width\" content=\"1058\" \/>\n\t<meta property=\"og:image:height\" content=\"567\" \/>\n\t<meta property=\"og:image:type\" content=\"image\/png\" \/>\n<meta name=\"twitter:card\" content=\"summary_large_image\" \/>\n<meta name=\"twitter:label1\" content=\"Gesch\u00e4tzte Lesezeit\" \/>\n\t<meta name=\"twitter:data1\" content=\"4\u00a0Minuten\" \/>\n<script type=\"application\/ld+json\" class=\"yoast-schema-graph\">{\"@context\":\"https:\\\/\\\/schema.org\",\"@graph\":[{\"@type\":\"WebPage\",\"@id\":\"https:\\\/\\\/cranecpe.com\\\/de\\\/loesungen\\\/pharmazeutische-anwendungen\\\/\",\"url\":\"https:\\\/\\\/cranecpe.com\\\/de\\\/loesungen\\\/pharmazeutische-anwendungen\\\/\",\"name\":\"Pharmazeutische Anwendungen - CRANE ChemPharma &amp; Energy\",\"isPartOf\":{\"@id\":\"https:\\\/\\\/cranecpe.com\\\/de\\\/#website\"},\"datePublished\":\"2020-01-14T19:02:37+00:00\",\"dateModified\":\"2020-11-05T17:29:58+00:00\",\"breadcrumb\":{\"@id\":\"https:\\\/\\\/cranecpe.com\\\/de\\\/loesungen\\\/pharmazeutische-anwendungen\\\/#breadcrumb\"},\"inLanguage\":\"de\",\"potentialAction\":[{\"@type\":\"ReadAction\",\"target\":[\"https:\\\/\\\/cranecpe.com\\\/de\\\/loesungen\\\/pharmazeutische-anwendungen\\\/\"]}]},{\"@type\":\"BreadcrumbList\",\"@id\":\"https:\\\/\\\/cranecpe.com\\\/de\\\/loesungen\\\/pharmazeutische-anwendungen\\\/#breadcrumb\",\"itemListElement\":[{\"@type\":\"ListItem\",\"position\":1,\"name\":\"Home\",\"item\":\"https:\\\/\\\/cranecpe.com\\\/de\\\/home\\\/\"},{\"@type\":\"ListItem\",\"position\":2,\"name\":\"L\u00f6sungen\",\"item\":\"https:\\\/\\\/cranecpe.com\\\/de\\\/loesungen\\\/\"},{\"@type\":\"ListItem\",\"position\":3,\"name\":\"Pharmazeutische Anwendungen\"}]},{\"@type\":\"WebSite\",\"@id\":\"https:\\\/\\\/cranecpe.com\\\/de\\\/#website\",\"url\":\"https:\\\/\\\/cranecpe.com\\\/de\\\/\",\"name\":\"CRANE ChemPharma & Energy\",\"description\":\"ChemPharma &amp; Energy\",\"publisher\":{\"@id\":\"https:\\\/\\\/cranecpe.com\\\/de\\\/#organization\"},\"potentialAction\":[{\"@type\":\"SearchAction\",\"target\":{\"@type\":\"EntryPoint\",\"urlTemplate\":\"https:\\\/\\\/cranecpe.com\\\/de\\\/?s={search_term_string}\"},\"query-input\":{\"@type\":\"PropertyValueSpecification\",\"valueRequired\":true,\"valueName\":\"search_term_string\"}}],\"inLanguage\":\"de\"},{\"@type\":\"Organization\",\"@id\":\"https:\\\/\\\/cranecpe.com\\\/de\\\/#organization\",\"name\":\"Crane ChemPharma & Energy\",\"alternateName\":\"Crane CPE\",\"url\":\"https:\\\/\\\/cranecpe.com\\\/de\\\/\",\"logo\":{\"@type\":\"ImageObject\",\"inLanguage\":\"de\",\"@id\":\"https:\\\/\\\/cranecpe.com\\\/de\\\/#\\\/schema\\\/logo\\\/image\\\/\",\"url\":\"https:\\\/\\\/cranecpe.com\\\/wp-content\\\/uploads\\\/Logo-Yoast-1.png\",\"contentUrl\":\"https:\\\/\\\/cranecpe.com\\\/wp-content\\\/uploads\\\/Logo-Yoast-1.png\",\"width\":696,\"height\":696,\"caption\":\"Crane ChemPharma & Energy\"},\"image\":{\"@id\":\"https:\\\/\\\/cranecpe.com\\\/de\\\/#\\\/schema\\\/logo\\\/image\\\/\"},\"sameAs\":[\"https:\\\/\\\/www.linkedin.com\\\/company\\\/crane-chempharma-energy\",\"https:\\\/\\\/vimeo.com\\\/user30117535\"],\"description\":\"CRANE ChemPharma & Energy designs and manufactures highly engineered products: check valves, sleeved plug valves, lined valves, process ball valves, high performance butterfly valves, bellows sealed globe valves, aseptic and industrial diaphragm valves, multi \\\/ quarter-turn valves, actuation, sight glasses, lined pipe, fittings and hoses, and air operated diaphragm and peristaltic pumps. Our trusted brands include ALOYCO\u00ae, BAUM\u00ae, CENTER LINE\u00ae, COMPAC-NOZ\u00ae, CRANE\u00ae, CRANE\u00ae CRYOGENICS, DEPA\u00ae & ELRO\u00ae, DOPAK\u00ae, DUO-CHEK\u00ae, FLOWSEAL\u00ae, GYROLOK\u00ae, GO REGULATOR\u00ae, HOKE\u00ae, JENKINS\u00ae, KROMBACH\u00ae, NOZ-CHEK\u00ae, PACIFIC VALVES\u00ae, RESISTOFLEX\u00ae, REVO\u00ae, SAUNDERS\u00ae, STOCKHAM\u00ae, TEXAS SAMPLING\u00ae, TRIANGLE\u00ae, UNI-CHEK\u00ae, VALVES\u00ae, WESTLOCK CONTROLS\u00ae, WTA\u00ae, and XOMOX\u00ae offer customers a complete and innovative portfolio, designed for the most demanding applications - chemical processing, biotechnology, pharmaceutical, oil and gas, refining and power generation. For more information please visit: www.cranecpe.com, www.craneco.com\",\"legalName\":\"Crane ChemPharma & Energy\"}]}<\/script>\n<!-- \/ Yoast SEO Premium plugin. -->","yoast_head_json":{"title":"Pharmazeutische Anwendungen - CRANE ChemPharma &amp; Energy","robots":{"index":"index","follow":"follow","max-snippet":"max-snippet:-1","max-image-preview":"max-image-preview:large","max-video-preview":"max-video-preview:-1"},"canonical":"https:\/\/cranecpe.com\/de\/loesungen\/pharmazeutische-anwendungen\/","og_locale":"de_DE","og_type":"article","og_title":"Pharmazeutische Anwendungen","og_url":"https:\/\/cranecpe.com\/de\/loesungen\/pharmazeutische-anwendungen\/","og_site_name":"CRANE ChemPharma &amp; Energy","article_modified_time":"2020-11-05T17:29:58+00:00","og_image":[{"width":1058,"height":567,"url":"https:\/\/cranecpe.com\/wp-content\/uploads\/Logo-Yoast2.png","type":"image\/png"}],"twitter_card":"summary_large_image","twitter_misc":{"Gesch\u00e4tzte Lesezeit":"4\u00a0Minuten"},"schema":{"@context":"https:\/\/schema.org","@graph":[{"@type":"WebPage","@id":"https:\/\/cranecpe.com\/de\/loesungen\/pharmazeutische-anwendungen\/","url":"https:\/\/cranecpe.com\/de\/loesungen\/pharmazeutische-anwendungen\/","name":"Pharmazeutische Anwendungen - CRANE ChemPharma &amp; Energy","isPartOf":{"@id":"https:\/\/cranecpe.com\/de\/#website"},"datePublished":"2020-01-14T19:02:37+00:00","dateModified":"2020-11-05T17:29:58+00:00","breadcrumb":{"@id":"https:\/\/cranecpe.com\/de\/loesungen\/pharmazeutische-anwendungen\/#breadcrumb"},"inLanguage":"de","potentialAction":[{"@type":"ReadAction","target":["https:\/\/cranecpe.com\/de\/loesungen\/pharmazeutische-anwendungen\/"]}]},{"@type":"BreadcrumbList","@id":"https:\/\/cranecpe.com\/de\/loesungen\/pharmazeutische-anwendungen\/#breadcrumb","itemListElement":[{"@type":"ListItem","position":1,"name":"Home","item":"https:\/\/cranecpe.com\/de\/home\/"},{"@type":"ListItem","position":2,"name":"L\u00f6sungen","item":"https:\/\/cranecpe.com\/de\/loesungen\/"},{"@type":"ListItem","position":3,"name":"Pharmazeutische Anwendungen"}]},{"@type":"WebSite","@id":"https:\/\/cranecpe.com\/de\/#website","url":"https:\/\/cranecpe.com\/de\/","name":"CRANE ChemPharma & Energy","description":"ChemPharma &amp; Energy","publisher":{"@id":"https:\/\/cranecpe.com\/de\/#organization"},"potentialAction":[{"@type":"SearchAction","target":{"@type":"EntryPoint","urlTemplate":"https:\/\/cranecpe.com\/de\/?s={search_term_string}"},"query-input":{"@type":"PropertyValueSpecification","valueRequired":true,"valueName":"search_term_string"}}],"inLanguage":"de"},{"@type":"Organization","@id":"https:\/\/cranecpe.com\/de\/#organization","name":"Crane ChemPharma & Energy","alternateName":"Crane CPE","url":"https:\/\/cranecpe.com\/de\/","logo":{"@type":"ImageObject","inLanguage":"de","@id":"https:\/\/cranecpe.com\/de\/#\/schema\/logo\/image\/","url":"https:\/\/cranecpe.com\/wp-content\/uploads\/Logo-Yoast-1.png","contentUrl":"https:\/\/cranecpe.com\/wp-content\/uploads\/Logo-Yoast-1.png","width":696,"height":696,"caption":"Crane ChemPharma & Energy"},"image":{"@id":"https:\/\/cranecpe.com\/de\/#\/schema\/logo\/image\/"},"sameAs":["https:\/\/www.linkedin.com\/company\/crane-chempharma-energy","https:\/\/vimeo.com\/user30117535"],"description":"CRANE ChemPharma & Energy designs and manufactures highly engineered products: check valves, sleeved plug valves, lined valves, process ball valves, high performance butterfly valves, bellows sealed globe valves, aseptic and industrial diaphragm valves, multi \/ quarter-turn valves, actuation, sight glasses, lined pipe, fittings and hoses, and air operated diaphragm and peristaltic pumps. Our trusted brands include ALOYCO\u00ae, BAUM\u00ae, CENTER LINE\u00ae, COMPAC-NOZ\u00ae, CRANE\u00ae, CRANE\u00ae CRYOGENICS, DEPA\u00ae & ELRO\u00ae, DOPAK\u00ae, DUO-CHEK\u00ae, FLOWSEAL\u00ae, GYROLOK\u00ae, GO REGULATOR\u00ae, HOKE\u00ae, JENKINS\u00ae, KROMBACH\u00ae, NOZ-CHEK\u00ae, PACIFIC VALVES\u00ae, RESISTOFLEX\u00ae, REVO\u00ae, SAUNDERS\u00ae, STOCKHAM\u00ae, TEXAS SAMPLING\u00ae, TRIANGLE\u00ae, UNI-CHEK\u00ae, VALVES\u00ae, WESTLOCK CONTROLS\u00ae, WTA\u00ae, and XOMOX\u00ae offer customers a complete and innovative portfolio, designed for the most demanding applications - chemical processing, biotechnology, pharmaceutical, oil and gas, refining and power generation. For more information please visit: www.cranecpe.com, www.craneco.com","legalName":"Crane ChemPharma & Energy"}]}},"_links":{"self":[{"href":"https:\/\/cranecpe.com\/de\/wp-json\/wp\/v2\/pages\/11044","targetHints":{"allow":["GET"]}}],"collection":[{"href":"https:\/\/cranecpe.com\/de\/wp-json\/wp\/v2\/pages"}],"about":[{"href":"https:\/\/cranecpe.com\/de\/wp-json\/wp\/v2\/types\/page"}],"author":[{"embeddable":true,"href":"https:\/\/cranecpe.com\/de\/wp-json\/wp\/v2\/users\/19"}],"replies":[{"embeddable":true,"href":"https:\/\/cranecpe.com\/de\/wp-json\/wp\/v2\/comments?post=11044"}],"version-history":[{"count":12,"href":"https:\/\/cranecpe.com\/de\/wp-json\/wp\/v2\/pages\/11044\/revisions"}],"predecessor-version":[{"id":251600,"href":"https:\/\/cranecpe.com\/de\/wp-json\/wp\/v2\/pages\/11044\/revisions\/251600"}],"up":[{"embeddable":true,"href":"https:\/\/cranecpe.com\/de\/wp-json\/wp\/v2\/pages\/10909"}],"wp:attachment":[{"href":"https:\/\/cranecpe.com\/de\/wp-json\/wp\/v2\/media?parent=11044"}],"curies":[{"name":"wp","href":"https:\/\/api.w.org\/{rel}","templated":true}]}}