{"id":11013,"date":"2020-01-14T13:08:26","date_gmt":"2020-01-14T18:08:26","guid":{"rendered":"http:\/\/cranecpe.knowledge4you.ca\/loesungen\/energiegewinnung"},"modified":"2020-04-02T17:19:14","modified_gmt":"2020-04-02T21:19:14","slug":"energiegewinnung","status":"publish","type":"page","link":"https:\/\/cranecpe.com\/de\/loesungen\/energiegewinnung\/","title":{"rendered":"Energiegewinnung"},"content":{"rendered":"<div  style='padding-bottom:15px; margin:0 0 0 0; ' class='av-special-heading av-special-heading-h1  blockquote modern-quote  avia-builder-el-0  el_before_av_one_full  avia-builder-el-first  '><h1 class='av-special-heading-tag '  >Energiegewinnung<\/h1><div class='special-heading-border'><div class='special-heading-inner-border' ><\/div><\/div><\/div>\n<div class=\"flex_column av_one_full  flex_column_div av-zero-column-padding first  avia-builder-el-1  el_after_av_heading  avia-builder-el-last  \" style='border-radius:0px; '><p><div  class='avia-image-container  av-styling-    avia-builder-el-2  el_before_av_heading  avia-builder-el-first  avia-align-center '  ><div class='avia-image-container-inner'><div class='avia-image-overlay-wrap'><img class='avia_image' src='https:\/\/cranecpe.com\/wp-content\/uploads\/power-1.png' alt='' title='power-1' height=\"538\" width=\"958\"  \/><\/div><\/div><\/div><br \/>\n<div  style='padding-bottom:10px; ' class='av-special-heading av-special-heading-h3    avia-builder-el-3  el_after_av_image  el_before_av_textblock  '><h3 class='av-special-heading-tag '  >L\u00f6sungen f\u00fcr Anwendungen zur Energiegewinnung <\/h3><div class='special-heading-border'><div class='special-heading-inner-border' ><\/div><\/div><\/div><br \/>\n<section class=\"av_textblock_section \" ><div class='avia_textblock  '  ><p>Seit seiner Gr\u00fcndung im 19. Jahrhundert liefert das Unternehmen CRANE ma\u00dfgeschneiderte L\u00f6sungen im Bereich Durchflusssteuerung f\u00fcr die Stromerzeugungsindustrie. Vom einfachen Keilflachschieber f\u00fcr die Dampfabsperrung in den ersten Kraftwerken f\u00fcr Dampfspeicherlokomotiven bis hin zu Absperrschiebern mit selbstdichtendem Deckelverschluss f\u00fcr moderne, superkritische Kraftwerksauslegungen haben wir anspruchsvolle L\u00f6sungen f\u00fcr die schwierigsten Bereiche industrieller Anwendungen geliefert.<\/p>\n<p>CRANE Energy Flow Solutions\u00ae verf\u00fcgt heute \u00fcber das umfassendste und technisch fortschrittlichste Ventilangebot weltweit. Unsere weltbekannten Marken wie Pacific\u00ae, CRANE\u00ae, Krombach\u00ae, Stockham\u00ae und viele andere sind ein Synonym f\u00fcr Qualit\u00e4t und Best\u00e4ndigkeit.<\/p>\n<p>Ganz gleich, ob Sie am Bau eines neuen Kraftwerks mitarbeiten oder f\u00fcr Betrieb und Wartung einer bereits vorhandenen Anlage zust\u00e4ndig sind, wir haben stets das richtige Ventil zum richtigen Preis zur richtigen Zeit. Unsere Ingenieure arbeiten mit Ihnen Hand in Hand, um die optimale L\u00f6sung f\u00fcr Ihre spezielle Anwendung zu finden.<\/p>\n<p>Die Basis unserer installierten Produkte in der Energiegewinnung z\u00e4hlt zu einer der gr\u00f6\u00dften weltweit. Unsere Erfolgsbilanz und die lange Reihe zufriedener Kunden sind der Beleg f\u00fcr die \u00fcberragende Qualit\u00e4t unseres Kundenservice, unserer Produkte sowie unserer hohen fachlichen Kompetenz.<\/p>\n<h4><strong>M\u00f6glichkeiten der Anwendung:<\/strong><\/h4>\n<ul>\n<li>HD- und ND-Dampfsysteme<\/li>\n<li>HD- und ND-Speisewasser- und Kondensatsysteme<\/li>\n<li>Aufbereitung von Zusatzwasser, chemische Behandlung und Wasseraufbereitung<\/li>\n<li>K\u00fchlwasser<\/li>\n<li>Rauchgasentschwefelung<\/li>\n<li>Entnahmedampf- und Z\u00dc-Kaltleitungen<\/li>\n<li>Pr\u00fcfen der Pumpenentlastung<\/li>\n<li>Pr\u00fcfen des Frischdampfdrucks<\/li>\n<\/ul>\n<\/div><\/section><\/p><\/div>\n","protected":false},"excerpt":{"rendered":"","protected":false},"author":19,"featured_media":0,"parent":10909,"menu_order":0,"comment_status":"closed","ping_status":"closed","template":"","meta":{"_acf_changed":false,"footnotes":""},"class_list":["post-11013","page","type-page","status-publish","hentry"],"acf":[],"yoast_head":"<!-- This site is optimized with the Yoast SEO Premium plugin v27.4 (Yoast SEO v27.4) - https:\/\/yoast.com\/product\/yoast-seo-premium-wordpress\/ -->\n<title>Energiegewinnung - CRANE ChemPharma &amp; Energy<\/title>\n<meta name=\"robots\" content=\"index, follow, max-snippet:-1, max-image-preview:large, max-video-preview:-1\" \/>\n<link rel=\"canonical\" href=\"https:\/\/cranecpe.com\/de\/loesungen\/energiegewinnung\/\" \/>\n<meta property=\"og:locale\" content=\"de_DE\" \/>\n<meta property=\"og:type\" content=\"article\" \/>\n<meta property=\"og:title\" content=\"Energiegewinnung\" \/>\n<meta property=\"og:url\" content=\"https:\/\/cranecpe.com\/de\/loesungen\/energiegewinnung\/\" \/>\n<meta property=\"og:site_name\" content=\"CRANE ChemPharma &amp; Energy\" \/>\n<meta property=\"article:modified_time\" content=\"2020-04-02T21:19:14+00:00\" \/>\n<meta property=\"og:image\" content=\"https:\/\/cranecpe.com\/wp-content\/uploads\/Logo-Yoast2.png\" \/>\n\t<meta property=\"og:image:width\" content=\"1058\" \/>\n\t<meta property=\"og:image:height\" content=\"567\" \/>\n\t<meta property=\"og:image:type\" content=\"image\/png\" \/>\n<meta name=\"twitter:card\" content=\"summary_large_image\" \/>\n<meta name=\"twitter:label1\" content=\"Gesch\u00e4tzte Lesezeit\" \/>\n\t<meta name=\"twitter:data1\" content=\"3\u00a0Minuten\" \/>\n<script type=\"application\/ld+json\" class=\"yoast-schema-graph\">{\"@context\":\"https:\\\/\\\/schema.org\",\"@graph\":[{\"@type\":\"WebPage\",\"@id\":\"https:\\\/\\\/cranecpe.com\\\/de\\\/loesungen\\\/energiegewinnung\\\/\",\"url\":\"https:\\\/\\\/cranecpe.com\\\/de\\\/loesungen\\\/energiegewinnung\\\/\",\"name\":\"Energiegewinnung - CRANE ChemPharma &amp; Energy\",\"isPartOf\":{\"@id\":\"https:\\\/\\\/cranecpe.com\\\/de\\\/#website\"},\"datePublished\":\"2020-01-14T18:08:26+00:00\",\"dateModified\":\"2020-04-02T21:19:14+00:00\",\"breadcrumb\":{\"@id\":\"https:\\\/\\\/cranecpe.com\\\/de\\\/loesungen\\\/energiegewinnung\\\/#breadcrumb\"},\"inLanguage\":\"de\",\"potentialAction\":[{\"@type\":\"ReadAction\",\"target\":[\"https:\\\/\\\/cranecpe.com\\\/de\\\/loesungen\\\/energiegewinnung\\\/\"]}]},{\"@type\":\"BreadcrumbList\",\"@id\":\"https:\\\/\\\/cranecpe.com\\\/de\\\/loesungen\\\/energiegewinnung\\\/#breadcrumb\",\"itemListElement\":[{\"@type\":\"ListItem\",\"position\":1,\"name\":\"Home\",\"item\":\"https:\\\/\\\/cranecpe.com\\\/de\\\/home\\\/\"},{\"@type\":\"ListItem\",\"position\":2,\"name\":\"L\u00f6sungen\",\"item\":\"https:\\\/\\\/cranecpe.com\\\/de\\\/loesungen\\\/\"},{\"@type\":\"ListItem\",\"position\":3,\"name\":\"Energiegewinnung\"}]},{\"@type\":\"WebSite\",\"@id\":\"https:\\\/\\\/cranecpe.com\\\/de\\\/#website\",\"url\":\"https:\\\/\\\/cranecpe.com\\\/de\\\/\",\"name\":\"CRANE ChemPharma & Energy\",\"description\":\"ChemPharma &amp; Energy\",\"publisher\":{\"@id\":\"https:\\\/\\\/cranecpe.com\\\/de\\\/#organization\"},\"potentialAction\":[{\"@type\":\"SearchAction\",\"target\":{\"@type\":\"EntryPoint\",\"urlTemplate\":\"https:\\\/\\\/cranecpe.com\\\/de\\\/?s={search_term_string}\"},\"query-input\":{\"@type\":\"PropertyValueSpecification\",\"valueRequired\":true,\"valueName\":\"search_term_string\"}}],\"inLanguage\":\"de\"},{\"@type\":\"Organization\",\"@id\":\"https:\\\/\\\/cranecpe.com\\\/de\\\/#organization\",\"name\":\"Crane ChemPharma & Energy\",\"alternateName\":\"Crane CPE\",\"url\":\"https:\\\/\\\/cranecpe.com\\\/de\\\/\",\"logo\":{\"@type\":\"ImageObject\",\"inLanguage\":\"de\",\"@id\":\"https:\\\/\\\/cranecpe.com\\\/de\\\/#\\\/schema\\\/logo\\\/image\\\/\",\"url\":\"https:\\\/\\\/cranecpe.com\\\/wp-content\\\/uploads\\\/Logo-Yoast-1.png\",\"contentUrl\":\"https:\\\/\\\/cranecpe.com\\\/wp-content\\\/uploads\\\/Logo-Yoast-1.png\",\"width\":696,\"height\":696,\"caption\":\"Crane ChemPharma & Energy\"},\"image\":{\"@id\":\"https:\\\/\\\/cranecpe.com\\\/de\\\/#\\\/schema\\\/logo\\\/image\\\/\"},\"sameAs\":[\"https:\\\/\\\/www.linkedin.com\\\/company\\\/crane-chempharma-energy\",\"https:\\\/\\\/vimeo.com\\\/user30117535\"],\"description\":\"CRANE ChemPharma & Energy designs and manufactures highly engineered products: check valves, sleeved plug valves, lined valves, process ball valves, high performance butterfly valves, bellows sealed globe valves, aseptic and industrial diaphragm valves, multi \\\/ quarter-turn valves, actuation, sight glasses, lined pipe, fittings and hoses, and air operated diaphragm and peristaltic pumps. Our trusted brands include ALOYCO\u00ae, BAUM\u00ae, CENTER LINE\u00ae, COMPAC-NOZ\u00ae, CRANE\u00ae, CRANE\u00ae CRYOGENICS, DEPA\u00ae & ELRO\u00ae, DOPAK\u00ae, DUO-CHEK\u00ae, FLOWSEAL\u00ae, GYROLOK\u00ae, GO REGULATOR\u00ae, HOKE\u00ae, JENKINS\u00ae, KROMBACH\u00ae, NOZ-CHEK\u00ae, PACIFIC VALVES\u00ae, RESISTOFLEX\u00ae, REVO\u00ae, SAUNDERS\u00ae, STOCKHAM\u00ae, TEXAS SAMPLING\u00ae, TRIANGLE\u00ae, UNI-CHEK\u00ae, VALVES\u00ae, WESTLOCK CONTROLS\u00ae, WTA\u00ae, and XOMOX\u00ae offer customers a complete and innovative portfolio, designed for the most demanding applications - chemical processing, biotechnology, pharmaceutical, oil and gas, refining and power generation. For more information please visit: www.cranecpe.com, www.craneco.com\",\"legalName\":\"Crane ChemPharma & Energy\"}]}<\/script>\n<!-- \/ Yoast SEO Premium plugin. -->","yoast_head_json":{"title":"Energiegewinnung - CRANE ChemPharma &amp; Energy","robots":{"index":"index","follow":"follow","max-snippet":"max-snippet:-1","max-image-preview":"max-image-preview:large","max-video-preview":"max-video-preview:-1"},"canonical":"https:\/\/cranecpe.com\/de\/loesungen\/energiegewinnung\/","og_locale":"de_DE","og_type":"article","og_title":"Energiegewinnung","og_url":"https:\/\/cranecpe.com\/de\/loesungen\/energiegewinnung\/","og_site_name":"CRANE ChemPharma &amp; Energy","article_modified_time":"2020-04-02T21:19:14+00:00","og_image":[{"width":1058,"height":567,"url":"https:\/\/cranecpe.com\/wp-content\/uploads\/Logo-Yoast2.png","type":"image\/png"}],"twitter_card":"summary_large_image","twitter_misc":{"Gesch\u00e4tzte Lesezeit":"3\u00a0Minuten"},"schema":{"@context":"https:\/\/schema.org","@graph":[{"@type":"WebPage","@id":"https:\/\/cranecpe.com\/de\/loesungen\/energiegewinnung\/","url":"https:\/\/cranecpe.com\/de\/loesungen\/energiegewinnung\/","name":"Energiegewinnung - CRANE ChemPharma &amp; Energy","isPartOf":{"@id":"https:\/\/cranecpe.com\/de\/#website"},"datePublished":"2020-01-14T18:08:26+00:00","dateModified":"2020-04-02T21:19:14+00:00","breadcrumb":{"@id":"https:\/\/cranecpe.com\/de\/loesungen\/energiegewinnung\/#breadcrumb"},"inLanguage":"de","potentialAction":[{"@type":"ReadAction","target":["https:\/\/cranecpe.com\/de\/loesungen\/energiegewinnung\/"]}]},{"@type":"BreadcrumbList","@id":"https:\/\/cranecpe.com\/de\/loesungen\/energiegewinnung\/#breadcrumb","itemListElement":[{"@type":"ListItem","position":1,"name":"Home","item":"https:\/\/cranecpe.com\/de\/home\/"},{"@type":"ListItem","position":2,"name":"L\u00f6sungen","item":"https:\/\/cranecpe.com\/de\/loesungen\/"},{"@type":"ListItem","position":3,"name":"Energiegewinnung"}]},{"@type":"WebSite","@id":"https:\/\/cranecpe.com\/de\/#website","url":"https:\/\/cranecpe.com\/de\/","name":"CRANE ChemPharma & Energy","description":"ChemPharma &amp; Energy","publisher":{"@id":"https:\/\/cranecpe.com\/de\/#organization"},"potentialAction":[{"@type":"SearchAction","target":{"@type":"EntryPoint","urlTemplate":"https:\/\/cranecpe.com\/de\/?s={search_term_string}"},"query-input":{"@type":"PropertyValueSpecification","valueRequired":true,"valueName":"search_term_string"}}],"inLanguage":"de"},{"@type":"Organization","@id":"https:\/\/cranecpe.com\/de\/#organization","name":"Crane ChemPharma & Energy","alternateName":"Crane CPE","url":"https:\/\/cranecpe.com\/de\/","logo":{"@type":"ImageObject","inLanguage":"de","@id":"https:\/\/cranecpe.com\/de\/#\/schema\/logo\/image\/","url":"https:\/\/cranecpe.com\/wp-content\/uploads\/Logo-Yoast-1.png","contentUrl":"https:\/\/cranecpe.com\/wp-content\/uploads\/Logo-Yoast-1.png","width":696,"height":696,"caption":"Crane ChemPharma & Energy"},"image":{"@id":"https:\/\/cranecpe.com\/de\/#\/schema\/logo\/image\/"},"sameAs":["https:\/\/www.linkedin.com\/company\/crane-chempharma-energy","https:\/\/vimeo.com\/user30117535"],"description":"CRANE ChemPharma & Energy designs and manufactures highly engineered products: check valves, sleeved plug valves, lined valves, process ball valves, high performance butterfly valves, bellows sealed globe valves, aseptic and industrial diaphragm valves, multi \/ quarter-turn valves, actuation, sight glasses, lined pipe, fittings and hoses, and air operated diaphragm and peristaltic pumps. Our trusted brands include ALOYCO\u00ae, BAUM\u00ae, CENTER LINE\u00ae, COMPAC-NOZ\u00ae, CRANE\u00ae, CRANE\u00ae CRYOGENICS, DEPA\u00ae & ELRO\u00ae, DOPAK\u00ae, DUO-CHEK\u00ae, FLOWSEAL\u00ae, GYROLOK\u00ae, GO REGULATOR\u00ae, HOKE\u00ae, JENKINS\u00ae, KROMBACH\u00ae, NOZ-CHEK\u00ae, PACIFIC VALVES\u00ae, RESISTOFLEX\u00ae, REVO\u00ae, SAUNDERS\u00ae, STOCKHAM\u00ae, TEXAS SAMPLING\u00ae, TRIANGLE\u00ae, UNI-CHEK\u00ae, VALVES\u00ae, WESTLOCK CONTROLS\u00ae, WTA\u00ae, and XOMOX\u00ae offer customers a complete and innovative portfolio, designed for the most demanding applications - chemical processing, biotechnology, pharmaceutical, oil and gas, refining and power generation. For more information please visit: www.cranecpe.com, www.craneco.com","legalName":"Crane ChemPharma & Energy"}]}},"_links":{"self":[{"href":"https:\/\/cranecpe.com\/de\/wp-json\/wp\/v2\/pages\/11013","targetHints":{"allow":["GET"]}}],"collection":[{"href":"https:\/\/cranecpe.com\/de\/wp-json\/wp\/v2\/pages"}],"about":[{"href":"https:\/\/cranecpe.com\/de\/wp-json\/wp\/v2\/types\/page"}],"author":[{"embeddable":true,"href":"https:\/\/cranecpe.com\/de\/wp-json\/wp\/v2\/users\/19"}],"replies":[{"embeddable":true,"href":"https:\/\/cranecpe.com\/de\/wp-json\/wp\/v2\/comments?post=11013"}],"version-history":[{"count":5,"href":"https:\/\/cranecpe.com\/de\/wp-json\/wp\/v2\/pages\/11013\/revisions"}],"predecessor-version":[{"id":14722,"href":"https:\/\/cranecpe.com\/de\/wp-json\/wp\/v2\/pages\/11013\/revisions\/14722"}],"up":[{"embeddable":true,"href":"https:\/\/cranecpe.com\/de\/wp-json\/wp\/v2\/pages\/10909"}],"wp:attachment":[{"href":"https:\/\/cranecpe.com\/de\/wp-json\/wp\/v2\/media?parent=11013"}],"curies":[{"name":"wp","href":"https:\/\/api.w.org\/{rel}","templated":true}]}}