{"id":10868,"date":"2017-01-01T14:50:10","date_gmt":"2017-01-01T14:50:10","guid":{"rendered":"http:\/\/cranecpe.knowledge4you.ca\/home"},"modified":"2025-10-22T11:52:37","modified_gmt":"2025-10-22T10:52:37","slug":"home","status":"publish","type":"page","link":"https:\/\/cranecpe.com\/de\/","title":{"rendered":"Home"},"content":{"rendered":"<div id='av-layout-grid-1'  class='av-layout-grid-container entry-content-wrapper main_color av-flex-cells   av-border-top-bottom av-border-cells  avia-builder-el-0  el_before_av_layout_row  avia-builder-el-first  container_wrap fullsize' style=' '  >\n<div class=\"flex_cell no_margin av_one_fourth  avia-builder-el-1  el_before_av_cell_one_fourth  avia-builder-el-first  home-buttons-cell-first  av-zero-padding \" style='vertical-align:middle; padding:0px; '><div class='flex_cell_inner' ><div  class='avia-button-wrap avia-button-center  avia-builder-el-2  avia-builder-el-no-sibling  home-buttons' ><a href='https:\/\/cranecpe.com\/de\/produkte\/' class='avia-button avia-button-fullwidth   avia-icon_select-no avia-color-custom '  style='color:#ffffff; background-color:#35383c;  ' ><span class='avia_iconbox_title' >PRODUKTKATALOG<\/span><span class='avia_button_background avia-button avia-button-fullwidth avia-color-custom' style='background-color:#0070c0; '><\/span><\/a><\/div>\n<\/div><\/div><div class=\"flex_cell no_margin av_one_fourth  avia-builder-el-3  el_after_av_cell_one_fourth  el_before_av_cell_one_fourth   av-zero-padding \" style='vertical-align:middle; padding:0px; '><div class='flex_cell_inner' ><div  class='avia-button-wrap avia-button-center  avia-builder-el-4  avia-builder-el-no-sibling  home-buttons' ><a href='https:\/\/cranecpe.com\/de\/dokumentenbibliothek\/' class='avia-button avia-button-fullwidth   avia-icon_select-no avia-color-custom '  style='color:#ffffff; background-color:#35383c;  ' ><span class='avia_iconbox_title' >DOKUMENTBIBLIOTHEK<\/span><span class='avia_button_background avia-button avia-button-fullwidth avia-color-custom' style='background-color:#0070c0; '><\/span><\/a><\/div>\n<\/div><\/div><div class=\"flex_cell no_margin av_one_fourth  avia-builder-el-5  el_after_av_cell_one_fourth  el_before_av_cell_one_fourth   av-zero-padding \" style='vertical-align:middle; padding:0px; '><div class='flex_cell_inner' ><div  class='avia-button-wrap avia-button-center  avia-builder-el-6  avia-builder-el-no-sibling  home-buttons' ><a href='https:\/\/cranecpe.com\/de\/produktanimationen-and-videobibliothek\/' class='avia-button avia-button-fullwidth   avia-icon_select-no avia-color-custom '  style='color:#ffffff; background-color:#35383c;  ' ><span class='avia_iconbox_title' >AUSBILDUNG<\/span><span class='avia_button_background avia-button avia-button-fullwidth avia-color-custom' style='background-color:#0070c0; '><\/span><\/a><\/div>\n<\/div><\/div><div class=\"flex_cell no_margin av_one_fourth  avia-builder-el-7  el_after_av_cell_one_fourth  avia-builder-el-last   av-zero-padding \" style='vertical-align:middle; padding:0px; '><div class='flex_cell_inner' ><div  class='avia-button-wrap avia-button-center  avia-builder-el-8  avia-builder-el-no-sibling  home-buttons' ><a href='https:\/\/cranecpe.com\/de\/job-und-karriere\/' class='avia-button avia-button-fullwidth   avia-icon_select-no avia-color-custom '  style='color:#ffffff; background-color:#35383c;  ' ><span class='avia_iconbox_title' >KARRIERE<\/span><span class='avia_button_background avia-button avia-button-fullwidth avia-color-custom' style='background-color:#0070c0; '><\/span><\/a><\/div>\n<\/div><\/div>\n<\/div>\n<div id='av-layout-grid-2'  class='av-layout-grid-container entry-content-wrapper alternate_color av-flex-cells     avia-builder-el-9  el_after_av_layout_row  el_before_av_three_fifth  submenu-not-first container_wrap fullsize' style=' '  >\n<div class=\"flex_cell no_margin av_one_full  avia-builder-el-10  avia-builder-el-no-sibling   \" style='vertical-align:middle; padding:30px; '><div class='flex_cell_inner' ><div class=\"flex_column av_one_full  flex_column_div first  avia-builder-el-11  avia-builder-el-no-sibling  \" style='padding:20px 20% 20px 20% ; border-radius:0px; '><section class=\"av_textblock_section \" ><div class='avia_textblock  '  ><h1 style=\"text-align: center;\">CRANE ChemPharma &amp; Energy<\/h1>\n<p style=\"text-align: center;\">CRANE ChemPharma &amp; Energy entwickelt und fertigt hochentwickelte Produkte: R\u00fcckschlagventile, K\u00fckenventile mit H\u00fclse, ausgekleidete Ventile, Prozesskugelh\u00e4hne, Hochleistungs-Absperrklappen, balggedichtete Absperrventile, aseptische und industrielle Membranventile, Mehr-\/Vierteldrehventile, Bet\u00e4tigungsventile, Schaugl\u00e4ser, ausgekleidete Rohre, Armaturen und Schl\u00e4uche sowie luftbetriebene Membran- und Peristaltikpumpen.<\/p>\n<\/div><\/section><\/div>\n<\/div><\/div>\n<\/div><div id='after_submenu_2'  class='main_color av_default_container_wrap container_wrap fullsize' style=' '  ><div class='container' ><div class='template-page content  av-content-full alpha units'><div class='post-entry post-entry-type-page post-entry-10868'><div class='entry-content-wrapper clearfix'>\n<div class=\"flex_column av_three_fifth  flex_column_div first  avia-builder-el-13  el_after_av_layout_row  el_before_av_one_third  avia-builder-el-first  \" style='padding:20px 0px 0px 0px ; border-radius:0px; '><div  class='avia-image-container  av-styling-    avia-builder-el-14  avia-builder-el-no-sibling  avia-align-center '  ><div class='avia-image-container-inner'><div class='avia-image-overlay-wrap'><img class='avia_image' src='https:\/\/cranecpe.com\/wp-content\/uploads\/img_news_165.jpg' alt='' title='img_news_165' height=\"566\" width=\"1324\"  \/><\/div><\/div><\/div><\/div>\n<div class=\"flex_column av_one_third  flex_column_div   avia-builder-el-15  el_after_av_three_fifth  el_before_av_section  avia-builder-el-last  \" style='padding:20px 0px 0px 0px ; border-radius:0px; '><p><div  style='padding-bottom:0px; margin:0 0 0 0; ' class='av-special-heading av-special-heading-h3    avia-builder-el-16  el_before_av_magazine  avia-builder-el-first  '><h3 class='av-special-heading-tag '  >Neuigkeiten und Veranstaltungen<\/h3><div class='special-heading-border'><div class='special-heading-inner-border' ><\/div><\/div><\/div><br \/>\n<div  id=\"1\"  class='av-magazine   avia-builder-el-17  el_after_av_heading  el_before_av_button   ' ><div class='av-magazine-group sort_all'><article class='hentry av-magazine-entry av-magazine-entry-id-297304 av-magazine-format-standard av-magazine-type-post av-magazine-entry-1 av-magazine-entry-small av-magazine-no-thumb' ><div class='av-magazine-content-wrap'><header class='entry-content-header'><time class='av-magazine-time updated' >4. Juni 2025<\/time><h3 class='av-magazine-title entry-title ' ><a href='https:\/\/cranecpe.com\/de\/news-und-events\/celebrating-innovation-and-heritage\/' title='Link zu: Celebrating Innovation and Heritage'>Celebrating Innovation and Heritage<\/a><\/h3><\/header><\/div><footer class='entry-footer'><\/footer><\/article><article class='hentry av-magazine-entry av-magazine-entry-id-297172 av-magazine-format-standard av-magazine-type-post av-magazine-entry-2 av-magazine-entry-small av-magazine-no-thumb' ><div class='av-magazine-content-wrap'><header class='entry-content-header'><time class='av-magazine-time updated' >23. Mai 2025<\/time><h3 class='av-magazine-title entry-title ' ><a href='https:\/\/cranecpe.com\/de\/news-und-events\/crane-celebrates-its-170th-anniversary-innovating-for-tomorrow\/' title='Link zu: Crane Celebrates its 170th Anniversary \u2013 INNOVATING FOR TOMORROW'>Crane Celebrates its 170th Anniversary \u2013 INNOVATING FOR TOMORROW<\/a><\/h3><\/header><\/div><footer class='entry-footer'><\/footer><\/article><article class='hentry av-magazine-entry av-magazine-entry-id-295981 av-magazine-format-standard av-magazine-type-post av-magazine-entry-3 av-magazine-entry-small av-magazine-no-thumb' ><div class='av-magazine-content-wrap'><header class='entry-content-header'><time class='av-magazine-time updated' >6. Dezember 2024<\/time><h3 class='av-magazine-title entry-title ' ><a href='https:\/\/cranecpe.com\/de\/news-und-events\/hrh-the-princess-royal-visits-crane-saunders-in-cwmbran\/' title='Link zu: HRH The Princess Royal Visits Crane Saunders In Cwmbran'>HRH The Princess Royal Visits Crane Saunders In Cwmbran<\/a><\/h3><\/header><\/div><footer class='entry-footer'><\/footer><\/article><\/div><\/div><br \/>\n<div  class='avia-button-wrap avia-button-left  avia-builder-el-18  el_after_av_magazine  avia-builder-el-last ' ><a href='https:\/\/cranecpe.com\/de\/presse-center\/'  class='avia-button   avia-icon_select-yes-right-icon avia-color-theme-color avia-size-medium avia-position-left '   ><span class='avia_iconbox_title' >Weiterlesen<\/span><span class='avia_button_icon avia_button_icon_right' aria-hidden='true' data-av_icon='\ue879' data-av_iconfont='entypo-fontello'><\/span><\/a><\/div><\/p><\/div>\n<\/div><\/div><\/div><!-- close content main div --><\/div><\/div><div id='feature_list'  class='avia-section main_color avia-section-large avia-no-border-styling avia-bg-style-scroll  avia-builder-el-19  el_after_av_one_third  avia-builder-el-last   container_wrap fullsize' style='background-color: #35383c;  margin-top:20px; margin-bottom:0px; '  ><div class='container' ><div class='template-page content  av-content-full alpha units'><div class='post-entry post-entry-type-page post-entry-10868'><div class='entry-content-wrapper clearfix'>\n<div  style='padding-bottom:0px; margin-top:24px; margin-bottom:48px; color:#ffffff;font-size:40px;' class='av-special-heading av-special-heading-h1 custom-color-heading blockquote modern-quote modern-centered  avia-builder-el-20  avia-builder-el-no-sibling  av-inherit-size '><h1 class='av-special-heading-tag '  >Marken, denen Sie vertrauen<\/h1><div class='special-heading-border'><div class='special-heading-inner-border' style='border-color:#ffffff'><\/div><\/div><\/div>\n\n","protected":false},"excerpt":{"rendered":"","protected":false},"author":19,"featured_media":0,"parent":0,"menu_order":0,"comment_status":"closed","ping_status":"closed","template":"page-template-homepage.php","meta":{"_acf_changed":false,"footnotes":""},"acf":[],"yoast_head":"<!-- This site is optimized with the Yoast SEO Premium plugin v24.5 (Yoast SEO v24.5) - https:\/\/yoast.com\/wordpress\/plugins\/seo\/ -->\n<title>Home - CRANE ChemPharma &amp; Energy<\/title>\n<meta name=\"description\" content=\"Crane ChemPharma &amp; Energy entwickelt und fertigt weltweit eine Vielzahl von Hochleistungsprodukten (Ventile, Antriebe usw.) f\u00fcr zahlreiche Branchen.\" \/>\n<meta name=\"robots\" content=\"index, follow, max-snippet:-1, max-image-preview:large, max-video-preview:-1\" \/>\n<link rel=\"canonical\" href=\"https:\/\/cranecpe.com\/de\/\" \/>\n<meta property=\"og:locale\" content=\"de_DE\" \/>\n<meta property=\"og:type\" content=\"article\" \/>\n<meta property=\"og:title\" content=\"Home\" \/>\n<meta property=\"og:description\" content=\"Crane ChemPharma &amp; Energy entwickelt und fertigt weltweit eine Vielzahl von Hochleistungsprodukten (Ventile, Antriebe usw.) f\u00fcr zahlreiche Branchen.\" \/>\n<meta property=\"og:url\" content=\"https:\/\/cranecpe.com\/de\/\" \/>\n<meta property=\"og:site_name\" content=\"CRANE ChemPharma &amp; Energy\" \/>\n<meta property=\"article:modified_time\" content=\"2025-10-22T10:52:37+00:00\" \/>\n<meta property=\"og:image\" content=\"https:\/\/cranecpe.com\/wp-content\/uploads\/Logo-Yoast2.png\" \/>\n\t<meta property=\"og:image:width\" content=\"1058\" \/>\n\t<meta property=\"og:image:height\" content=\"567\" \/>\n\t<meta property=\"og:image:type\" content=\"image\/png\" \/>\n<meta name=\"twitter:card\" content=\"summary_large_image\" \/>\n<meta name=\"twitter:label1\" content=\"Gesch\u00e4tzte Lesezeit\" \/>\n\t<meta name=\"twitter:data1\" content=\"3\u00a0Minuten\" \/>\n<script type=\"application\/ld+json\" class=\"yoast-schema-graph\">{\"@context\":\"https:\/\/schema.org\",\"@graph\":[{\"@type\":\"WebPage\",\"@id\":\"https:\/\/cranecpe.com\/de\/\",\"url\":\"https:\/\/cranecpe.com\/de\/\",\"name\":\"Home - CRANE ChemPharma &amp; Energy\",\"isPartOf\":{\"@id\":\"https:\/\/cranecpe.com\/de\/#website\"},\"datePublished\":\"2017-01-01T14:50:10+00:00\",\"dateModified\":\"2025-10-22T10:52:37+00:00\",\"description\":\"Crane ChemPharma & Energy entwickelt und fertigt weltweit eine Vielzahl von Hochleistungsprodukten (Ventile, Antriebe usw.) f\u00fcr zahlreiche Branchen.\",\"breadcrumb\":{\"@id\":\"https:\/\/cranecpe.com\/de\/#breadcrumb\"},\"inLanguage\":\"de\",\"potentialAction\":[{\"@type\":\"ReadAction\",\"target\":[\"https:\/\/cranecpe.com\/de\/\"]}]},{\"@type\":\"BreadcrumbList\",\"@id\":\"https:\/\/cranecpe.com\/de\/#breadcrumb\",\"itemListElement\":[{\"@type\":\"ListItem\",\"position\":1,\"name\":\"Home\",\"item\":\"https:\/\/cranecpe.com\/de\/home\/\"},{\"@type\":\"ListItem\",\"position\":2,\"name\":\"Home\"}]},{\"@type\":\"WebSite\",\"@id\":\"https:\/\/cranecpe.com\/de\/#website\",\"url\":\"https:\/\/cranecpe.com\/de\/\",\"name\":\"CRANE ChemPharma & Energy\",\"description\":\"ChemPharma &amp; Energy\",\"publisher\":{\"@id\":\"https:\/\/cranecpe.com\/de\/#organization\"},\"potentialAction\":[{\"@type\":\"SearchAction\",\"target\":{\"@type\":\"EntryPoint\",\"urlTemplate\":\"https:\/\/cranecpe.com\/de\/?s={search_term_string}\"},\"query-input\":{\"@type\":\"PropertyValueSpecification\",\"valueRequired\":true,\"valueName\":\"search_term_string\"}}],\"inLanguage\":\"de\"},{\"@type\":\"Organization\",\"@id\":\"https:\/\/cranecpe.com\/de\/#organization\",\"name\":\"Crane ChemPharma & Energy\",\"alternateName\":\"Crane CPE\",\"url\":\"https:\/\/cranecpe.com\/de\/\",\"logo\":{\"@type\":\"ImageObject\",\"inLanguage\":\"de\",\"@id\":\"https:\/\/cranecpe.com\/de\/#\/schema\/logo\/image\/\",\"url\":\"https:\/\/cranecpe.com\/wp-content\/uploads\/Logo-Yoast-1.png\",\"contentUrl\":\"https:\/\/cranecpe.com\/wp-content\/uploads\/Logo-Yoast-1.png\",\"width\":696,\"height\":696,\"caption\":\"Crane ChemPharma & Energy\"},\"image\":{\"@id\":\"https:\/\/cranecpe.com\/de\/#\/schema\/logo\/image\/\"},\"sameAs\":[\"https:\/\/www.linkedin.com\/company\/crane-chempharma-energy\",\"https:\/\/vimeo.com\/user30117535\"],\"description\":\"CRANE ChemPharma & Energy designs and manufactures highly engineered products: check valves, sleeved plug valves, lined valves, process ball valves, high performance butterfly valves, bellows sealed globe valves, aseptic and industrial diaphragm valves, multi \/ quarter-turn valves, actuation, sight glasses, lined pipe, fittings and hoses, and air operated diaphragm and peristaltic pumps. Our trusted brands include ALOYCO\u00ae, BAUM\u00ae, CENTER LINE\u00ae, COMPAC-NOZ\u00ae, CRANE\u00ae, CRANE\u00ae CRYOGENICS, DEPA\u00ae & ELRO\u00ae, DOPAK\u00ae, DUO-CHEK\u00ae, FLOWSEAL\u00ae, GYROLOK\u00ae, GO REGULATOR\u00ae, HOKE\u00ae, JENKINS\u00ae, KROMBACH\u00ae, NOZ-CHEK\u00ae, PACIFIC VALVES\u00ae, RESISTOFLEX\u00ae, REVO\u00ae, SAUNDERS\u00ae, STOCKHAM\u00ae, TEXAS SAMPLING\u00ae, TRIANGLE\u00ae, UNI-CHEK\u00ae, VALVES\u00ae, WESTLOCK CONTROLS\u00ae, WTA\u00ae, and XOMOX\u00ae offer customers a complete and innovative portfolio, designed for the most demanding applications - chemical processing, biotechnology, pharmaceutical, oil and gas, refining and power generation. For more information please visit: www.cranecpe.com, www.craneco.com\",\"legalName\":\"Crane ChemPharma & Energy\"}]}<\/script>\n<!-- \/ Yoast SEO Premium plugin. -->","yoast_head_json":{"title":"Home - CRANE ChemPharma &amp; Energy","description":"Crane ChemPharma & Energy entwickelt und fertigt weltweit eine Vielzahl von Hochleistungsprodukten (Ventile, Antriebe usw.) f\u00fcr zahlreiche Branchen.","robots":{"index":"index","follow":"follow","max-snippet":"max-snippet:-1","max-image-preview":"max-image-preview:large","max-video-preview":"max-video-preview:-1"},"canonical":"https:\/\/cranecpe.com\/de\/","og_locale":"de_DE","og_type":"article","og_title":"Home","og_description":"Crane ChemPharma & Energy entwickelt und fertigt weltweit eine Vielzahl von Hochleistungsprodukten (Ventile, Antriebe usw.) f\u00fcr zahlreiche Branchen.","og_url":"https:\/\/cranecpe.com\/de\/","og_site_name":"CRANE ChemPharma &amp; Energy","article_modified_time":"2025-10-22T10:52:37+00:00","og_image":[{"width":1058,"height":567,"url":"https:\/\/cranecpe.com\/wp-content\/uploads\/Logo-Yoast2.png","type":"image\/png"}],"twitter_card":"summary_large_image","twitter_misc":{"Gesch\u00e4tzte Lesezeit":"3\u00a0Minuten"},"schema":{"@context":"https:\/\/schema.org","@graph":[{"@type":"WebPage","@id":"https:\/\/cranecpe.com\/de\/","url":"https:\/\/cranecpe.com\/de\/","name":"Home - CRANE ChemPharma &amp; Energy","isPartOf":{"@id":"https:\/\/cranecpe.com\/de\/#website"},"datePublished":"2017-01-01T14:50:10+00:00","dateModified":"2025-10-22T10:52:37+00:00","description":"Crane ChemPharma & Energy entwickelt und fertigt weltweit eine Vielzahl von Hochleistungsprodukten (Ventile, Antriebe usw.) f\u00fcr zahlreiche Branchen.","breadcrumb":{"@id":"https:\/\/cranecpe.com\/de\/#breadcrumb"},"inLanguage":"de","potentialAction":[{"@type":"ReadAction","target":["https:\/\/cranecpe.com\/de\/"]}]},{"@type":"BreadcrumbList","@id":"https:\/\/cranecpe.com\/de\/#breadcrumb","itemListElement":[{"@type":"ListItem","position":1,"name":"Home","item":"https:\/\/cranecpe.com\/de\/home\/"},{"@type":"ListItem","position":2,"name":"Home"}]},{"@type":"WebSite","@id":"https:\/\/cranecpe.com\/de\/#website","url":"https:\/\/cranecpe.com\/de\/","name":"CRANE ChemPharma & Energy","description":"ChemPharma &amp; Energy","publisher":{"@id":"https:\/\/cranecpe.com\/de\/#organization"},"potentialAction":[{"@type":"SearchAction","target":{"@type":"EntryPoint","urlTemplate":"https:\/\/cranecpe.com\/de\/?s={search_term_string}"},"query-input":{"@type":"PropertyValueSpecification","valueRequired":true,"valueName":"search_term_string"}}],"inLanguage":"de"},{"@type":"Organization","@id":"https:\/\/cranecpe.com\/de\/#organization","name":"Crane ChemPharma & Energy","alternateName":"Crane CPE","url":"https:\/\/cranecpe.com\/de\/","logo":{"@type":"ImageObject","inLanguage":"de","@id":"https:\/\/cranecpe.com\/de\/#\/schema\/logo\/image\/","url":"https:\/\/cranecpe.com\/wp-content\/uploads\/Logo-Yoast-1.png","contentUrl":"https:\/\/cranecpe.com\/wp-content\/uploads\/Logo-Yoast-1.png","width":696,"height":696,"caption":"Crane ChemPharma & Energy"},"image":{"@id":"https:\/\/cranecpe.com\/de\/#\/schema\/logo\/image\/"},"sameAs":["https:\/\/www.linkedin.com\/company\/crane-chempharma-energy","https:\/\/vimeo.com\/user30117535"],"description":"CRANE ChemPharma & Energy designs and manufactures highly engineered products: check valves, sleeved plug valves, lined valves, process ball valves, high performance butterfly valves, bellows sealed globe valves, aseptic and industrial diaphragm valves, multi \/ quarter-turn valves, actuation, sight glasses, lined pipe, fittings and hoses, and air operated diaphragm and peristaltic pumps. Our trusted brands include ALOYCO\u00ae, BAUM\u00ae, CENTER LINE\u00ae, COMPAC-NOZ\u00ae, CRANE\u00ae, CRANE\u00ae CRYOGENICS, DEPA\u00ae & ELRO\u00ae, DOPAK\u00ae, DUO-CHEK\u00ae, FLOWSEAL\u00ae, GYROLOK\u00ae, GO REGULATOR\u00ae, HOKE\u00ae, JENKINS\u00ae, KROMBACH\u00ae, NOZ-CHEK\u00ae, PACIFIC VALVES\u00ae, RESISTOFLEX\u00ae, REVO\u00ae, SAUNDERS\u00ae, STOCKHAM\u00ae, TEXAS SAMPLING\u00ae, TRIANGLE\u00ae, UNI-CHEK\u00ae, VALVES\u00ae, WESTLOCK CONTROLS\u00ae, WTA\u00ae, and XOMOX\u00ae offer customers a complete and innovative portfolio, designed for the most demanding applications - chemical processing, biotechnology, pharmaceutical, oil and gas, refining and power generation. For more information please visit: www.cranecpe.com, www.craneco.com","legalName":"Crane ChemPharma & Energy"}]}},"_links":{"self":[{"href":"https:\/\/cranecpe.com\/de\/wp-json\/wp\/v2\/pages\/10868"}],"collection":[{"href":"https:\/\/cranecpe.com\/de\/wp-json\/wp\/v2\/pages"}],"about":[{"href":"https:\/\/cranecpe.com\/de\/wp-json\/wp\/v2\/types\/page"}],"author":[{"embeddable":true,"href":"https:\/\/cranecpe.com\/de\/wp-json\/wp\/v2\/users\/19"}],"replies":[{"embeddable":true,"href":"https:\/\/cranecpe.com\/de\/wp-json\/wp\/v2\/comments?post=10868"}],"version-history":[{"count":126,"href":"https:\/\/cranecpe.com\/de\/wp-json\/wp\/v2\/pages\/10868\/revisions"}],"predecessor-version":[{"id":298239,"href":"https:\/\/cranecpe.com\/de\/wp-json\/wp\/v2\/pages\/10868\/revisions\/298239"}],"wp:attachment":[{"href":"https:\/\/cranecpe.com\/de\/wp-json\/wp\/v2\/media?parent=10868"}],"curies":[{"name":"wp","href":"https:\/\/api.w.org\/{rel}","templated":true}]}}